{"id":2320,"date":"2025-07-15T14:00:27","date_gmt":"2025-07-15T12:00:27","guid":{"rendered":"https:\/\/reflexologieetcie.fr\/?page_id=2320"},"modified":"2025-07-28T14:57:44","modified_gmt":"2025-07-28T12:57:44","slug":"diapasons","status":"publish","type":"page","link":"https:\/\/reflexologieetcie.fr\/index.php\/diapasons\/","title":{"rendered":"Diapasons"},"content":{"rendered":"\t\t<div data-elementor-type=\"wp-page\" data-elementor-id=\"2320\" class=\"elementor elementor-2320\">\n\t\t\t\t<div class=\"elementor-element elementor-element-6596ec78 e-flex e-con-boxed e-con e-parent\" data-id=\"6596ec78\" data-element_type=\"container\" data-settings=\"{&quot;background_background&quot;:&quot;classic&quot;}\">\n\t\t\t\t\t<div class=\"e-con-inner\">\n\t\t\t\t<div class=\"elementor-element elementor-element-6c3d636b elementor-widget elementor-widget-heading\" data-id=\"6c3d636b\" data-element_type=\"widget\" data-widget_type=\"heading.default\">\n\t\t\t\t<div class=\"elementor-widget-container\">\n\t\t\t\t\t<h2 class=\"elementor-heading-title elementor-size-large\">Les Diapasons<\/h2>\t\t\t\t<\/div>\n\t\t\t\t<\/div>\n\t\t\t\t\t<\/div>\n\t\t\t\t<\/div>\n\t\t<div class=\"elementor-element elementor-element-10634e3 e-flex e-con-boxed e-con e-parent\" data-id=\"10634e3\" data-element_type=\"container\">\n\t\t\t\t\t<div class=\"e-con-inner\">\n\t\t<div class=\"elementor-element elementor-element-402d98a e-con-full e-flex e-con e-child\" data-id=\"402d98a\" data-element_type=\"container\">\n\t\t\t\t<div class=\"elementor-element elementor-element-8154dcf elementor-widget elementor-widget-image\" data-id=\"8154dcf\" data-element_type=\"widget\" data-widget_type=\"image.default\">\n\t\t\t\t<div class=\"elementor-widget-container\">\n\t\t\t\t\t\t\t\t\t\t\t\t\t\t\t<img fetchpriority=\"high\" decoding=\"async\" width=\"1024\" height=\"1024\" src=\"https:\/\/reflexologieetcie.fr\/wp-content\/uploads\/2025\/07\/diapason-1024x1024.jpg\" class=\"attachment-large size-large wp-image-2568\" alt=\"\" srcset=\"https:\/\/reflexologieetcie.fr\/wp-content\/uploads\/2025\/07\/diapason-1024x1024.jpg 1024w, https:\/\/reflexologieetcie.fr\/wp-content\/uploads\/2025\/07\/diapason-300x300.jpg 300w, https:\/\/reflexologieetcie.fr\/wp-content\/uploads\/2025\/07\/diapason-150x150.jpg 150w, https:\/\/reflexologieetcie.fr\/wp-content\/uploads\/2025\/07\/diapason-768x768.jpg 768w, https:\/\/reflexologieetcie.fr\/wp-content\/uploads\/2025\/07\/diapason-600x600.jpg 600w, https:\/\/reflexologieetcie.fr\/wp-content\/uploads\/2025\/07\/diapason-100x100.jpg 100w, https:\/\/reflexologieetcie.fr\/wp-content\/uploads\/2025\/07\/diapason.jpg 1080w\" sizes=\"(max-width: 1024px) 100vw, 1024px\" \/>\t\t\t\t\t\t\t\t\t\t\t\t\t\t\t<\/div>\n\t\t\t\t<\/div>\n\t\t\t\t<\/div>\n\t\t<div class=\"elementor-element elementor-element-a4ab29e e-con-full e-flex e-con e-child\" data-id=\"a4ab29e\" data-element_type=\"container\">\n\t\t\t\t<div class=\"elementor-element elementor-element-922500d elementor-widget elementor-widget-text-editor\" data-id=\"922500d\" data-element_type=\"widget\" data-widget_type=\"text-editor.default\">\n\t\t\t\t<div class=\"elementor-widget-container\">\n\t\t\t\t\t\t\t\t\t<h3 data-start=\"178\" data-end=\"232\">Les Diapasons Th\u00e9rapeutiques : L\u2019harmonie par le son et les vibrations<\/h3><p>Et si les vibrations pouvaient r\u00e9accorder votre corps, votre esprit et votre \u00e9nergie ?<br data-start=\"320\" data-end=\"323\" \/>Les diapasons th\u00e9rapeutiques sont des outils de soin vibratoire qui agissent en profondeur pour lib\u00e9rer les tensions, apaiser le mental, r\u00e9aligner les chakras et soutenir l\u2019auto-gu\u00e9rison.<\/p><p><strong data-start=\"515\" data-end=\"528\">Bienfaits<\/strong> :<br data-start=\"530\" data-end=\"533\" \/>\u2013 D\u00e9tente profonde du corps et du syst\u00e8me nerveux<br data-start=\"582\" data-end=\"585\" \/>\u2013 Lib\u00e9ration des blocages \u00e9motionnels<br data-start=\"622\" data-end=\"625\" \/>\u2013 Recentrage, ancrage, alignement \u00e9nerg\u00e9tique<br data-start=\"670\" data-end=\"673\" \/>\u2013 Soulagement des douleurs physiques et des troubles du sommeil<\/p><p><strong data-start=\"741\" data-end=\"755\">Pour qui ?<\/strong><br data-start=\"755\" data-end=\"758\" \/>Adultes sensibles \u00e0 l\u2019\u00e9nerg\u00e9tique, en qu\u00eate de mieux-\u00eatre, de clart\u00e9 ou de soutien dans un moment de vie particulier.<\/p><p><strong data-start=\"898\" data-end=\"932\">D\u00e9roul\u00e9 d\u2019une s\u00e9ance (1h env.)<\/strong> :<br data-start=\"934\" data-end=\"937\" \/>\u00c9change sur la probl\u00e9matique du moment, soin vibratoire allong\u00e9 et temps d\u2019int\u00e9gration.<br data-start=\"993\" data-end=\"996\" \/>Possibilit\u00e9 de s\u00e9ance d\u00e9couverte (30 min) sur demande.<\/p><p>Chaque s\u00e9ance est une parenth\u00e8se vibratoire, un soin tout en douceur pour retrouver paix, \u00e9quilibre et lumi\u00e8re int\u00e9rieure.<\/p>\t\t\t\t\t\t\t\t<\/div>\n\t\t\t\t<\/div>\n\t\t\t\t<\/div>\n\t\t\t\t\t<\/div>\n\t\t\t\t<\/div>\n\t\t\t\t<\/div>\n\t\t","protected":false},"excerpt":{"rendered":"<p>Les Diapasons Les Diapasons Th\u00e9rapeutiques : L\u2019harmonie par le son et les vibrations Et si les vibrations pouvaient r\u00e9accorder votre corps, votre esprit et votre \u00e9nergie ?Les diapasons th\u00e9rapeutiques sont des outils de soin vibratoire qui agissent en profondeur pour lib\u00e9rer les tensions, apaiser le mental, r\u00e9aligner les chakras et soutenir l\u2019auto-gu\u00e9rison. Bienfaits :\u2013 D\u00e9tente [&hellip;]<\/p>\n","protected":false},"author":1,"featured_media":0,"parent":0,"menu_order":0,"comment_status":"closed","ping_status":"closed","template":"","meta":{"footnotes":""},"class_list":["post-2320","page","type-page","status-publish","hentry","entry","owp-thumbs-layout-horizontal","owp-btn-big","owp-tabs-layout-horizontal","has-no-thumbnails","has-product-nav"],"yoast_head":"<!-- This site is optimized with the Yoast SEO plugin v25.9 - https:\/\/yoast.com\/wordpress\/plugins\/seo\/ -->\n<title>Diapasons - R\u00e9flexologieetcie<\/title>\n<meta name=\"robots\" content=\"index, follow, max-snippet:-1, max-image-preview:large, max-video-preview:-1\" \/>\n<link rel=\"canonical\" href=\"https:\/\/reflexologieetcie.fr\/index.php\/diapasons\/\" \/>\n<meta property=\"og:locale\" content=\"fr_FR\" \/>\n<meta property=\"og:type\" content=\"article\" \/>\n<meta property=\"og:title\" content=\"Diapasons - R\u00e9flexologieetcie\" \/>\n<meta property=\"og:description\" content=\"Les Diapasons Les Diapasons Th\u00e9rapeutiques : L\u2019harmonie par le son et les vibrations Et si les vibrations pouvaient r\u00e9accorder votre corps, votre esprit et votre \u00e9nergie ?Les diapasons th\u00e9rapeutiques sont des outils de soin vibratoire qui agissent en profondeur pour lib\u00e9rer les tensions, apaiser le mental, r\u00e9aligner les chakras et soutenir l\u2019auto-gu\u00e9rison. Bienfaits :\u2013 D\u00e9tente [&hellip;]\" \/>\n<meta property=\"og:url\" content=\"https:\/\/reflexologieetcie.fr\/index.php\/diapasons\/\" \/>\n<meta property=\"og:site_name\" content=\"R\u00e9flexologieetcie\" \/>\n<meta property=\"article:modified_time\" content=\"2025-07-28T12:57:44+00:00\" \/>\n<meta property=\"og:image\" content=\"https:\/\/reflexologieetcie.fr\/wp-content\/uploads\/2025\/07\/diapason-1024x1024.jpg\" \/>\n<meta name=\"twitter:card\" content=\"summary_large_image\" \/>\n<meta name=\"twitter:label1\" content=\"Dur\u00e9e de lecture estim\u00e9e\" \/>\n\t<meta name=\"twitter:data1\" content=\"1 minute\" \/>\n<script type=\"application\/ld+json\" class=\"yoast-schema-graph\">{\"@context\":\"https:\/\/schema.org\",\"@graph\":[{\"@type\":\"WebPage\",\"@id\":\"https:\/\/reflexologieetcie.fr\/index.php\/diapasons\/\",\"url\":\"https:\/\/reflexologieetcie.fr\/index.php\/diapasons\/\",\"name\":\"Diapasons - R\u00e9flexologieetcie\",\"isPartOf\":{\"@id\":\"https:\/\/reflexologieetcie.fr\/#website\"},\"primaryImageOfPage\":{\"@id\":\"https:\/\/reflexologieetcie.fr\/index.php\/diapasons\/#primaryimage\"},\"image\":{\"@id\":\"https:\/\/reflexologieetcie.fr\/index.php\/diapasons\/#primaryimage\"},\"thumbnailUrl\":\"https:\/\/reflexologieetcie.fr\/wp-content\/uploads\/2025\/07\/diapason-1024x1024.jpg\",\"datePublished\":\"2025-07-15T12:00:27+00:00\",\"dateModified\":\"2025-07-28T12:57:44+00:00\",\"breadcrumb\":{\"@id\":\"https:\/\/reflexologieetcie.fr\/index.php\/diapasons\/#breadcrumb\"},\"inLanguage\":\"fr-FR\",\"potentialAction\":[{\"@type\":\"ReadAction\",\"target\":[\"https:\/\/reflexologieetcie.fr\/index.php\/diapasons\/\"]}]},{\"@type\":\"ImageObject\",\"inLanguage\":\"fr-FR\",\"@id\":\"https:\/\/reflexologieetcie.fr\/index.php\/diapasons\/#primaryimage\",\"url\":\"https:\/\/reflexologieetcie.fr\/wp-content\/uploads\/2025\/07\/diapason.jpg\",\"contentUrl\":\"https:\/\/reflexologieetcie.fr\/wp-content\/uploads\/2025\/07\/diapason.jpg\",\"width\":1080,\"height\":1080},{\"@type\":\"BreadcrumbList\",\"@id\":\"https:\/\/reflexologieetcie.fr\/index.php\/diapasons\/#breadcrumb\",\"itemListElement\":[{\"@type\":\"ListItem\",\"position\":1,\"name\":\"Accueil\",\"item\":\"https:\/\/reflexologieetcie.fr\/\"},{\"@type\":\"ListItem\",\"position\":2,\"name\":\"Diapasons\"}]},{\"@type\":\"WebSite\",\"@id\":\"https:\/\/reflexologieetcie.fr\/#website\",\"url\":\"https:\/\/reflexologieetcie.fr\/\",\"name\":\"R\u00e9flexologieetcie\",\"description\":\"Un site utilisant WordPress\",\"potentialAction\":[{\"@type\":\"SearchAction\",\"target\":{\"@type\":\"EntryPoint\",\"urlTemplate\":\"https:\/\/reflexologieetcie.fr\/?s={search_term_string}\"},\"query-input\":{\"@type\":\"PropertyValueSpecification\",\"valueRequired\":true,\"valueName\":\"search_term_string\"}}],\"inLanguage\":\"fr-FR\"}]}<\/script>\n<!-- \/ Yoast SEO plugin. -->","yoast_head_json":{"title":"Diapasons - R\u00e9flexologieetcie","robots":{"index":"index","follow":"follow","max-snippet":"max-snippet:-1","max-image-preview":"max-image-preview:large","max-video-preview":"max-video-preview:-1"},"canonical":"https:\/\/reflexologieetcie.fr\/index.php\/diapasons\/","og_locale":"fr_FR","og_type":"article","og_title":"Diapasons - R\u00e9flexologieetcie","og_description":"Les Diapasons Les Diapasons Th\u00e9rapeutiques : L\u2019harmonie par le son et les vibrations Et si les vibrations pouvaient r\u00e9accorder votre corps, votre esprit et votre \u00e9nergie ?Les diapasons th\u00e9rapeutiques sont des outils de soin vibratoire qui agissent en profondeur pour lib\u00e9rer les tensions, apaiser le mental, r\u00e9aligner les chakras et soutenir l\u2019auto-gu\u00e9rison. Bienfaits :\u2013 D\u00e9tente [&hellip;]","og_url":"https:\/\/reflexologieetcie.fr\/index.php\/diapasons\/","og_site_name":"R\u00e9flexologieetcie","article_modified_time":"2025-07-28T12:57:44+00:00","og_image":[{"url":"https:\/\/reflexologieetcie.fr\/wp-content\/uploads\/2025\/07\/diapason-1024x1024.jpg","type":"","width":"","height":""}],"twitter_card":"summary_large_image","twitter_misc":{"Dur\u00e9e de lecture estim\u00e9e":"1 minute"},"schema":{"@context":"https:\/\/schema.org","@graph":[{"@type":"WebPage","@id":"https:\/\/reflexologieetcie.fr\/index.php\/diapasons\/","url":"https:\/\/reflexologieetcie.fr\/index.php\/diapasons\/","name":"Diapasons - R\u00e9flexologieetcie","isPartOf":{"@id":"https:\/\/reflexologieetcie.fr\/#website"},"primaryImageOfPage":{"@id":"https:\/\/reflexologieetcie.fr\/index.php\/diapasons\/#primaryimage"},"image":{"@id":"https:\/\/reflexologieetcie.fr\/index.php\/diapasons\/#primaryimage"},"thumbnailUrl":"https:\/\/reflexologieetcie.fr\/wp-content\/uploads\/2025\/07\/diapason-1024x1024.jpg","datePublished":"2025-07-15T12:00:27+00:00","dateModified":"2025-07-28T12:57:44+00:00","breadcrumb":{"@id":"https:\/\/reflexologieetcie.fr\/index.php\/diapasons\/#breadcrumb"},"inLanguage":"fr-FR","potentialAction":[{"@type":"ReadAction","target":["https:\/\/reflexologieetcie.fr\/index.php\/diapasons\/"]}]},{"@type":"ImageObject","inLanguage":"fr-FR","@id":"https:\/\/reflexologieetcie.fr\/index.php\/diapasons\/#primaryimage","url":"https:\/\/reflexologieetcie.fr\/wp-content\/uploads\/2025\/07\/diapason.jpg","contentUrl":"https:\/\/reflexologieetcie.fr\/wp-content\/uploads\/2025\/07\/diapason.jpg","width":1080,"height":1080},{"@type":"BreadcrumbList","@id":"https:\/\/reflexologieetcie.fr\/index.php\/diapasons\/#breadcrumb","itemListElement":[{"@type":"ListItem","position":1,"name":"Accueil","item":"https:\/\/reflexologieetcie.fr\/"},{"@type":"ListItem","position":2,"name":"Diapasons"}]},{"@type":"WebSite","@id":"https:\/\/reflexologieetcie.fr\/#website","url":"https:\/\/reflexologieetcie.fr\/","name":"R\u00e9flexologieetcie","description":"Un site utilisant WordPress","potentialAction":[{"@type":"SearchAction","target":{"@type":"EntryPoint","urlTemplate":"https:\/\/reflexologieetcie.fr\/?s={search_term_string}"},"query-input":{"@type":"PropertyValueSpecification","valueRequired":true,"valueName":"search_term_string"}}],"inLanguage":"fr-FR"}]}},"_links":{"self":[{"href":"https:\/\/reflexologieetcie.fr\/index.php\/wp-json\/wp\/v2\/pages\/2320","targetHints":{"allow":["GET"]}}],"collection":[{"href":"https:\/\/reflexologieetcie.fr\/index.php\/wp-json\/wp\/v2\/pages"}],"about":[{"href":"https:\/\/reflexologieetcie.fr\/index.php\/wp-json\/wp\/v2\/types\/page"}],"author":[{"embeddable":true,"href":"https:\/\/reflexologieetcie.fr\/index.php\/wp-json\/wp\/v2\/users\/1"}],"replies":[{"embeddable":true,"href":"https:\/\/reflexologieetcie.fr\/index.php\/wp-json\/wp\/v2\/comments?post=2320"}],"version-history":[{"count":35,"href":"https:\/\/reflexologieetcie.fr\/index.php\/wp-json\/wp\/v2\/pages\/2320\/revisions"}],"predecessor-version":[{"id":2624,"href":"https:\/\/reflexologieetcie.fr\/index.php\/wp-json\/wp\/v2\/pages\/2320\/revisions\/2624"}],"wp:attachment":[{"href":"https:\/\/reflexologieetcie.fr\/index.php\/wp-json\/wp\/v2\/media?parent=2320"}],"curies":[{"name":"wp","href":"https:\/\/api.w.org\/{rel}","templated":true}]}}