{"id":33,"date":"2023-10-31T09:38:15","date_gmt":"2023-10-31T08:38:15","guid":{"rendered":"https:\/\/reflexologieetcie.fr\/?page_id=33"},"modified":"2025-11-13T15:40:46","modified_gmt":"2025-11-13T14:40:46","slug":"le-cabinet","status":"publish","type":"page","link":"https:\/\/reflexologieetcie.fr\/index.php\/le-cabinet\/","title":{"rendered":"Cabinet"},"content":{"rendered":"\t\t<div data-elementor-type=\"wp-page\" data-elementor-id=\"33\" class=\"elementor elementor-33\">\n\t\t\t\t<div class=\"elementor-element elementor-element-5249d657 e-flex e-con-boxed e-con e-parent\" data-id=\"5249d657\" data-element_type=\"container\" data-settings=\"{&quot;background_background&quot;:&quot;classic&quot;}\">\n\t\t\t\t\t<div class=\"e-con-inner\">\n\t\t\t\t<div class=\"elementor-element elementor-element-4520cbc8 elementor-widget elementor-widget-heading\" data-id=\"4520cbc8\" data-element_type=\"widget\" data-widget_type=\"heading.default\">\n\t\t\t\t<div class=\"elementor-widget-container\">\n\t\t\t\t\t<h2 class=\"elementor-heading-title elementor-size-default\">Le cabinet<\/h2>\t\t\t\t<\/div>\n\t\t\t\t<\/div>\n\t\t\t\t\t<\/div>\n\t\t\t\t<\/div>\n\t\t<div class=\"elementor-element elementor-element-c71fbea e-flex e-con-boxed e-con e-parent\" data-id=\"c71fbea\" data-element_type=\"container\">\n\t\t\t\t\t<div class=\"e-con-inner\">\n\t\t<div class=\"elementor-element elementor-element-ec32f2e e-con-full e-flex e-con e-child\" data-id=\"ec32f2e\" data-element_type=\"container\">\n\t\t\t\t<div class=\"elementor-element elementor-element-9b003b6 elementor-widget elementor-widget-heading\" data-id=\"9b003b6\" data-element_type=\"widget\" data-widget_type=\"heading.default\">\n\t\t\t\t<div class=\"elementor-widget-container\">\n\t\t\t\t\t<h2 class=\"elementor-heading-title elementor-size-default\">Un lieu de qui\u00e9tude pour votre bien-\u00eatre<\/h2>\t\t\t\t<\/div>\n\t\t\t\t<\/div>\n\t\t\t\t<div class=\"elementor-element elementor-element-4e5434a elementor-widget elementor-widget-text-editor\" data-id=\"4e5434a\" data-element_type=\"widget\" data-widget_type=\"text-editor.default\">\n\t\t\t\t<div class=\"elementor-widget-container\">\n\t\t\t\t\t\t\t\t\t<p>03 Rue Jules Renard<\/p><p>85 600 Montaigu-Vend\u00e9e<\/p>\t\t\t\t\t\t\t\t<\/div>\n\t\t\t\t<\/div>\n\t\t\t\t<\/div>\n\t\t<div class=\"elementor-element elementor-element-8ce7614 e-con-full e-flex e-con e-child\" data-id=\"8ce7614\" data-element_type=\"container\">\n\t\t<div class=\"elementor-element elementor-element-d115496 e-flex e-con-boxed e-con e-child\" data-id=\"d115496\" data-element_type=\"container\">\n\t\t\t\t\t<div class=\"e-con-inner\">\n\t\t\t\t<div class=\"elementor-element elementor-element-fac9d19 elementor-widget__width-initial elementor-widget elementor-widget-image\" data-id=\"fac9d19\" data-element_type=\"widget\" data-widget_type=\"image.default\">\n\t\t\t\t<div class=\"elementor-widget-container\">\n\t\t\t\t\t\t\t\t\t\t\t\t\t\t\t<img fetchpriority=\"high\" decoding=\"async\" width=\"1024\" height=\"768\" src=\"https:\/\/reflexologieetcie.fr\/wp-content\/uploads\/2025\/09\/Cabinet-Jules-Renard-1024x768.jpg\" class=\"attachment-large size-large wp-image-2837\" alt=\"\" srcset=\"https:\/\/reflexologieetcie.fr\/wp-content\/uploads\/2025\/09\/Cabinet-Jules-Renard-1024x768.jpg 1024w, https:\/\/reflexologieetcie.fr\/wp-content\/uploads\/2025\/09\/Cabinet-Jules-Renard-300x225.jpg 300w, https:\/\/reflexologieetcie.fr\/wp-content\/uploads\/2025\/09\/Cabinet-Jules-Renard-768x576.jpg 768w, https:\/\/reflexologieetcie.fr\/wp-content\/uploads\/2025\/09\/Cabinet-Jules-Renard-1536x1152.jpg 1536w, https:\/\/reflexologieetcie.fr\/wp-content\/uploads\/2025\/09\/Cabinet-Jules-Renard-600x450.jpg 600w, https:\/\/reflexologieetcie.fr\/wp-content\/uploads\/2025\/09\/Cabinet-Jules-Renard.jpg 1600w\" sizes=\"(max-width: 1024px) 100vw, 1024px\" \/>\t\t\t\t\t\t\t\t\t\t\t\t\t\t\t<\/div>\n\t\t\t\t<\/div>\n\t\t\t\t\t<\/div>\n\t\t\t\t<\/div>\n\t\t<div class=\"elementor-element elementor-element-81ac45b e-flex e-con-boxed e-con e-child\" data-id=\"81ac45b\" data-element_type=\"container\">\n\t\t\t\t\t<div class=\"e-con-inner\">\n\t\t\t\t<div class=\"elementor-element elementor-element-af5f2a8 elementor-widget__width-initial elementor-widget elementor-widget-google_maps\" data-id=\"af5f2a8\" data-element_type=\"widget\" data-widget_type=\"google_maps.default\">\n\t\t\t\t<div class=\"elementor-widget-container\">\n\t\t\t\t\t\t\t<div class=\"elementor-custom-embed\">\n\t\t\t<iframe loading=\"lazy\"\n\t\t\t\t\tsrc=\"https:\/\/maps.google.com\/maps?q=03%20rue%20Jules%20Renard%2C%2085600%20montaigu&#038;t=m&#038;z=10&#038;output=embed&#038;iwloc=near\"\n\t\t\t\t\ttitle=\"03 rue Jules Renard, 85600 montaigu\"\n\t\t\t\t\taria-label=\"03 rue Jules Renard, 85600 montaigu\"\n\t\t\t><\/iframe>\n\t\t<\/div>\n\t\t\t\t\t\t<\/div>\n\t\t\t\t<\/div>\n\t\t\t\t\t<\/div>\n\t\t\t\t<\/div>\n\t\t\t\t<\/div>\n\t\t\t\t\t<\/div>\n\t\t\t\t<\/div>\n\t\t\t\t<\/div>\n\t\t","protected":false},"excerpt":{"rendered":"<p>Le cabinet Un lieu de qui\u00e9tude pour votre bien-\u00eatre 03 Rue Jules Renard 85 600 Montaigu-Vend\u00e9e<\/p>\n","protected":false},"author":1,"featured_media":0,"parent":0,"menu_order":0,"comment_status":"closed","ping_status":"closed","template":"","meta":{"footnotes":""},"class_list":["post-33","page","type-page","status-publish","hentry","entry","owp-thumbs-layout-horizontal","owp-btn-big","owp-tabs-layout-horizontal","has-no-thumbnails","has-product-nav"],"yoast_head":"<!-- This site is optimized with the Yoast SEO plugin v25.9 - https:\/\/yoast.com\/wordpress\/plugins\/seo\/ -->\n<title>Cabinet - R\u00e9flexologieetcie<\/title>\n<meta name=\"robots\" content=\"index, follow, max-snippet:-1, max-image-preview:large, max-video-preview:-1\" \/>\n<link rel=\"canonical\" href=\"https:\/\/reflexologieetcie.fr\/index.php\/le-cabinet\/\" \/>\n<meta property=\"og:locale\" content=\"fr_FR\" \/>\n<meta property=\"og:type\" content=\"article\" \/>\n<meta property=\"og:title\" content=\"Cabinet - R\u00e9flexologieetcie\" \/>\n<meta property=\"og:description\" content=\"Le cabinet Un lieu de qui\u00e9tude pour votre bien-\u00eatre 03 Rue Jules Renard 85 600 Montaigu-Vend\u00e9e\" \/>\n<meta property=\"og:url\" content=\"https:\/\/reflexologieetcie.fr\/index.php\/le-cabinet\/\" \/>\n<meta property=\"og:site_name\" content=\"R\u00e9flexologieetcie\" \/>\n<meta property=\"article:modified_time\" content=\"2025-11-13T14:40:46+00:00\" \/>\n<meta property=\"og:image\" content=\"https:\/\/reflexologieetcie.fr\/wp-content\/uploads\/2025\/09\/Cabinet-Jules-Renard.jpg\" \/>\n\t<meta property=\"og:image:width\" content=\"1600\" \/>\n\t<meta property=\"og:image:height\" content=\"1200\" \/>\n\t<meta property=\"og:image:type\" content=\"image\/jpeg\" \/>\n<meta name=\"twitter:card\" content=\"summary_large_image\" \/>\n<meta name=\"twitter:label1\" content=\"Dur\u00e9e de lecture estim\u00e9e\" \/>\n\t<meta name=\"twitter:data1\" content=\"1 minute\" \/>\n<script type=\"application\/ld+json\" class=\"yoast-schema-graph\">{\"@context\":\"https:\/\/schema.org\",\"@graph\":[{\"@type\":\"WebPage\",\"@id\":\"https:\/\/reflexologieetcie.fr\/index.php\/le-cabinet\/\",\"url\":\"https:\/\/reflexologieetcie.fr\/index.php\/le-cabinet\/\",\"name\":\"Cabinet - R\u00e9flexologieetcie\",\"isPartOf\":{\"@id\":\"https:\/\/reflexologieetcie.fr\/#website\"},\"primaryImageOfPage\":{\"@id\":\"https:\/\/reflexologieetcie.fr\/index.php\/le-cabinet\/#primaryimage\"},\"image\":{\"@id\":\"https:\/\/reflexologieetcie.fr\/index.php\/le-cabinet\/#primaryimage\"},\"thumbnailUrl\":\"https:\/\/reflexologieetcie.fr\/wp-content\/uploads\/2025\/09\/Cabinet-Jules-Renard-1024x768.jpg\",\"datePublished\":\"2023-10-31T08:38:15+00:00\",\"dateModified\":\"2025-11-13T14:40:46+00:00\",\"breadcrumb\":{\"@id\":\"https:\/\/reflexologieetcie.fr\/index.php\/le-cabinet\/#breadcrumb\"},\"inLanguage\":\"fr-FR\",\"potentialAction\":[{\"@type\":\"ReadAction\",\"target\":[\"https:\/\/reflexologieetcie.fr\/index.php\/le-cabinet\/\"]}]},{\"@type\":\"ImageObject\",\"inLanguage\":\"fr-FR\",\"@id\":\"https:\/\/reflexologieetcie.fr\/index.php\/le-cabinet\/#primaryimage\",\"url\":\"https:\/\/reflexologieetcie.fr\/wp-content\/uploads\/2025\/09\/Cabinet-Jules-Renard.jpg\",\"contentUrl\":\"https:\/\/reflexologieetcie.fr\/wp-content\/uploads\/2025\/09\/Cabinet-Jules-Renard.jpg\",\"width\":1600,\"height\":1200},{\"@type\":\"BreadcrumbList\",\"@id\":\"https:\/\/reflexologieetcie.fr\/index.php\/le-cabinet\/#breadcrumb\",\"itemListElement\":[{\"@type\":\"ListItem\",\"position\":1,\"name\":\"Accueil\",\"item\":\"https:\/\/reflexologieetcie.fr\/\"},{\"@type\":\"ListItem\",\"position\":2,\"name\":\"Cabinet\"}]},{\"@type\":\"WebSite\",\"@id\":\"https:\/\/reflexologieetcie.fr\/#website\",\"url\":\"https:\/\/reflexologieetcie.fr\/\",\"name\":\"R\u00e9flexologieetcie\",\"description\":\"Un site utilisant WordPress\",\"potentialAction\":[{\"@type\":\"SearchAction\",\"target\":{\"@type\":\"EntryPoint\",\"urlTemplate\":\"https:\/\/reflexologieetcie.fr\/?s={search_term_string}\"},\"query-input\":{\"@type\":\"PropertyValueSpecification\",\"valueRequired\":true,\"valueName\":\"search_term_string\"}}],\"inLanguage\":\"fr-FR\"}]}<\/script>\n<!-- \/ Yoast SEO plugin. -->","yoast_head_json":{"title":"Cabinet - R\u00e9flexologieetcie","robots":{"index":"index","follow":"follow","max-snippet":"max-snippet:-1","max-image-preview":"max-image-preview:large","max-video-preview":"max-video-preview:-1"},"canonical":"https:\/\/reflexologieetcie.fr\/index.php\/le-cabinet\/","og_locale":"fr_FR","og_type":"article","og_title":"Cabinet - R\u00e9flexologieetcie","og_description":"Le cabinet Un lieu de qui\u00e9tude pour votre bien-\u00eatre 03 Rue Jules Renard 85 600 Montaigu-Vend\u00e9e","og_url":"https:\/\/reflexologieetcie.fr\/index.php\/le-cabinet\/","og_site_name":"R\u00e9flexologieetcie","article_modified_time":"2025-11-13T14:40:46+00:00","og_image":[{"width":1600,"height":1200,"url":"https:\/\/reflexologieetcie.fr\/wp-content\/uploads\/2025\/09\/Cabinet-Jules-Renard.jpg","type":"image\/jpeg"}],"twitter_card":"summary_large_image","twitter_misc":{"Dur\u00e9e de lecture estim\u00e9e":"1 minute"},"schema":{"@context":"https:\/\/schema.org","@graph":[{"@type":"WebPage","@id":"https:\/\/reflexologieetcie.fr\/index.php\/le-cabinet\/","url":"https:\/\/reflexologieetcie.fr\/index.php\/le-cabinet\/","name":"Cabinet - R\u00e9flexologieetcie","isPartOf":{"@id":"https:\/\/reflexologieetcie.fr\/#website"},"primaryImageOfPage":{"@id":"https:\/\/reflexologieetcie.fr\/index.php\/le-cabinet\/#primaryimage"},"image":{"@id":"https:\/\/reflexologieetcie.fr\/index.php\/le-cabinet\/#primaryimage"},"thumbnailUrl":"https:\/\/reflexologieetcie.fr\/wp-content\/uploads\/2025\/09\/Cabinet-Jules-Renard-1024x768.jpg","datePublished":"2023-10-31T08:38:15+00:00","dateModified":"2025-11-13T14:40:46+00:00","breadcrumb":{"@id":"https:\/\/reflexologieetcie.fr\/index.php\/le-cabinet\/#breadcrumb"},"inLanguage":"fr-FR","potentialAction":[{"@type":"ReadAction","target":["https:\/\/reflexologieetcie.fr\/index.php\/le-cabinet\/"]}]},{"@type":"ImageObject","inLanguage":"fr-FR","@id":"https:\/\/reflexologieetcie.fr\/index.php\/le-cabinet\/#primaryimage","url":"https:\/\/reflexologieetcie.fr\/wp-content\/uploads\/2025\/09\/Cabinet-Jules-Renard.jpg","contentUrl":"https:\/\/reflexologieetcie.fr\/wp-content\/uploads\/2025\/09\/Cabinet-Jules-Renard.jpg","width":1600,"height":1200},{"@type":"BreadcrumbList","@id":"https:\/\/reflexologieetcie.fr\/index.php\/le-cabinet\/#breadcrumb","itemListElement":[{"@type":"ListItem","position":1,"name":"Accueil","item":"https:\/\/reflexologieetcie.fr\/"},{"@type":"ListItem","position":2,"name":"Cabinet"}]},{"@type":"WebSite","@id":"https:\/\/reflexologieetcie.fr\/#website","url":"https:\/\/reflexologieetcie.fr\/","name":"R\u00e9flexologieetcie","description":"Un site utilisant WordPress","potentialAction":[{"@type":"SearchAction","target":{"@type":"EntryPoint","urlTemplate":"https:\/\/reflexologieetcie.fr\/?s={search_term_string}"},"query-input":{"@type":"PropertyValueSpecification","valueRequired":true,"valueName":"search_term_string"}}],"inLanguage":"fr-FR"}]}},"_links":{"self":[{"href":"https:\/\/reflexologieetcie.fr\/index.php\/wp-json\/wp\/v2\/pages\/33","targetHints":{"allow":["GET"]}}],"collection":[{"href":"https:\/\/reflexologieetcie.fr\/index.php\/wp-json\/wp\/v2\/pages"}],"about":[{"href":"https:\/\/reflexologieetcie.fr\/index.php\/wp-json\/wp\/v2\/types\/page"}],"author":[{"embeddable":true,"href":"https:\/\/reflexologieetcie.fr\/index.php\/wp-json\/wp\/v2\/users\/1"}],"replies":[{"embeddable":true,"href":"https:\/\/reflexologieetcie.fr\/index.php\/wp-json\/wp\/v2\/comments?post=33"}],"version-history":[{"count":47,"href":"https:\/\/reflexologieetcie.fr\/index.php\/wp-json\/wp\/v2\/pages\/33\/revisions"}],"predecessor-version":[{"id":2873,"href":"https:\/\/reflexologieetcie.fr\/index.php\/wp-json\/wp\/v2\/pages\/33\/revisions\/2873"}],"wp:attachment":[{"href":"https:\/\/reflexologieetcie.fr\/index.php\/wp-json\/wp\/v2\/media?parent=33"}],"curies":[{"name":"wp","href":"https:\/\/api.w.org\/{rel}","templated":true}]}}