{"id":648,"date":"2023-11-08T10:43:14","date_gmt":"2023-11-08T09:43:14","guid":{"rendered":"https:\/\/reflexologieetcie.fr\/?page_id=648"},"modified":"2026-03-19T14:57:49","modified_gmt":"2026-03-19T13:57:49","slug":"reflexologie","status":"publish","type":"page","link":"https:\/\/reflexologieetcie.fr\/index.php\/reflexologie\/","title":{"rendered":"R\u00e9flexologie"},"content":{"rendered":"\t\t<div data-elementor-type=\"wp-page\" data-elementor-id=\"648\" class=\"elementor elementor-648\">\n\t\t\t\t<div class=\"elementor-element elementor-element-f706854 e-flex e-con-boxed e-con e-parent\" data-id=\"f706854\" data-element_type=\"container\" data-settings=\"{&quot;background_background&quot;:&quot;classic&quot;}\">\n\t\t\t\t\t<div class=\"e-con-inner\">\n\t\t\t\t<div class=\"elementor-element elementor-element-5d54fac8 elementor-widget elementor-widget-heading\" data-id=\"5d54fac8\" data-element_type=\"widget\" data-widget_type=\"heading.default\">\n\t\t\t\t<div class=\"elementor-widget-container\">\n\t\t\t\t\t<h2 class=\"elementor-heading-title elementor-size-default\">R\u00e9flexologie<\/h2>\t\t\t\t<\/div>\n\t\t\t\t<\/div>\n\t\t\t\t\t<\/div>\n\t\t\t\t<\/div>\n\t\t<div class=\"elementor-element elementor-element-b37e7b5 e-flex e-con-boxed e-con e-parent\" data-id=\"b37e7b5\" data-element_type=\"container\" data-settings=\"{&quot;background_background&quot;:&quot;classic&quot;}\">\n\t\t\t\t\t<div class=\"e-con-inner\">\n\t\t<div class=\"elementor-element elementor-element-2309228 e-con-full e-flex e-con e-child\" data-id=\"2309228\" data-element_type=\"container\">\n\t\t\t\t<div class=\"elementor-element elementor-element-9985999 elementor-widget__width-initial elementor-widget elementor-widget-image\" data-id=\"9985999\" data-element_type=\"widget\" data-widget_type=\"image.default\">\n\t\t\t\t<div class=\"elementor-widget-container\">\n\t\t\t\t\t\t\t\t\t\t\t\t\t\t\t<img fetchpriority=\"high\" decoding=\"async\" width=\"768\" height=\"768\" src=\"https:\/\/reflexologieetcie.fr\/wp-content\/uploads\/2026\/03\/Seance-Adulte-1-768x768.png\" class=\"attachment-medium_large size-medium_large wp-image-3488\" alt=\"\" srcset=\"https:\/\/reflexologieetcie.fr\/wp-content\/uploads\/2026\/03\/Seance-Adulte-1-768x768.png 768w, https:\/\/reflexologieetcie.fr\/wp-content\/uploads\/2026\/03\/Seance-Adulte-1-300x300.png 300w, https:\/\/reflexologieetcie.fr\/wp-content\/uploads\/2026\/03\/Seance-Adulte-1-1024x1024.png 1024w, https:\/\/reflexologieetcie.fr\/wp-content\/uploads\/2026\/03\/Seance-Adulte-1-150x150.png 150w, https:\/\/reflexologieetcie.fr\/wp-content\/uploads\/2026\/03\/Seance-Adulte-1-600x600.png 600w, https:\/\/reflexologieetcie.fr\/wp-content\/uploads\/2026\/03\/Seance-Adulte-1-100x100.png 100w, https:\/\/reflexologieetcie.fr\/wp-content\/uploads\/2026\/03\/Seance-Adulte-1.png 1080w\" sizes=\"(max-width: 768px) 100vw, 768px\" \/>\t\t\t\t\t\t\t\t\t\t\t\t\t\t\t<\/div>\n\t\t\t\t<\/div>\n\t\t\t\t<\/div>\n\t\t<div class=\"elementor-element elementor-element-5afbdd9 e-con-full e-flex e-con e-child\" data-id=\"5afbdd9\" data-element_type=\"container\">\n\t\t\t\t<div class=\"elementor-element elementor-element-8025057 elementor-widget elementor-widget-text-editor\" data-id=\"8025057\" data-element_type=\"widget\" data-widget_type=\"text-editor.default\">\n\t\t\t\t<div class=\"elementor-widget-container\">\n\t\t\t\t\t\t\t\t\t<p data-start=\"271\" data-end=\"503\">La r\u00e9flexologie est une pratique naturelle et douce qui consid\u00e8re le corps dans sa globalit\u00e9.\u00a0Elle repose sur le principe que certaines zones des pieds, des mains ou du visage sont reli\u00e9es \u00e0 diff\u00e9rents organes et parties du corps.\u00a0<span style=\"font-size: 18px;\">En stimulant ces zones r\u00e9flexes par des pressions cibl\u00e9es, la r\u00e9flexologie aide \u00e0 r\u00e9tablir l\u2019\u00e9quilibre naturel du corps et \u00e0 favoriser son processus d\u2019auto-gu\u00e9rison.<\/span><\/p><p data-start=\"718\" data-end=\"831\">La r\u00e9flexologie ne s\u2019arr\u00eate pas au corps physique.\u00a0Elle agit \u00e9galement sur les plans \u00e9motionnel et \u00e9nerg\u00e9tique.\u00a0<span style=\"font-size: 18px;\">Elle permet notamment de :<\/span><\/p><ul data-start=\"860\" data-end=\"1025\"><li data-section-id=\"to6u94\" data-start=\"860\" data-end=\"898\"><p data-start=\"862\" data-end=\"898\">Rel\u00e2cher les tensions et le stress<\/p><\/li><li data-section-id=\"15u4umo\" data-start=\"899\" data-end=\"927\"><p data-start=\"901\" data-end=\"927\">Am\u00e9liorer la circulation<\/p><\/li><li data-section-id=\"n0ulup\" data-start=\"928\" data-end=\"963\"><p data-start=\"930\" data-end=\"963\">Favoriser un sommeil r\u00e9parateur<\/p><\/li><li data-section-id=\"7qfomj\" data-start=\"964\" data-end=\"988\"><p data-start=\"966\" data-end=\"988\">Apaiser les \u00e9motions<\/p><\/li><li data-section-id=\"efuzbi\" data-start=\"989\" data-end=\"1025\"><p data-start=\"991\" data-end=\"1025\">Retrouver un \u00e9quilibre int\u00e9rieur<\/p><\/li><\/ul><p data-start=\"1027\" data-end=\"1132\">C\u2019est une v\u00e9ritable invitation \u00e0 ralentir, \u00e0 se reconnecter \u00e0 soi et \u00e0 \u00e9couter les messages de son corps.\u00a0Dans un quotidien souvent charg\u00e9, la r\u00e9flexologie vous offre un espace pour vous poser, respirer et vous recentrer.\u00a0Un moment rien que pour vous\u2026 pour apaiser le corps et l\u2019esprit !<\/p>\t\t\t\t\t\t\t\t<\/div>\n\t\t\t\t<\/div>\n\t\t\t\t<\/div>\n\t\t\t\t\t<\/div>\n\t\t\t\t<\/div>\n\t\t<div class=\"elementor-element elementor-element-d36e178 e-flex e-con-boxed e-con e-parent\" data-id=\"d36e178\" data-element_type=\"container\" data-settings=\"{&quot;background_background&quot;:&quot;classic&quot;}\">\n\t\t\t\t\t<div class=\"e-con-inner\">\n\t\t<div class=\"elementor-element elementor-element-5791e12 e-con-full e-flex e-con e-child\" data-id=\"5791e12\" data-element_type=\"container\">\n\t\t\t\t<div class=\"elementor-element elementor-element-1592ba1 elementor-widget elementor-widget-image\" data-id=\"1592ba1\" data-element_type=\"widget\" data-widget_type=\"image.default\">\n\t\t\t\t<div class=\"elementor-widget-container\">\n\t\t\t\t\t\t\t\t\t\t\t\t\t\t\t<img decoding=\"async\" width=\"768\" height=\"768\" src=\"https:\/\/reflexologieetcie.fr\/wp-content\/uploads\/2026\/03\/Seance-Sportif-1-768x768.png\" class=\"attachment-medium_large size-medium_large wp-image-3475\" alt=\"\" srcset=\"https:\/\/reflexologieetcie.fr\/wp-content\/uploads\/2026\/03\/Seance-Sportif-1-768x768.png 768w, https:\/\/reflexologieetcie.fr\/wp-content\/uploads\/2026\/03\/Seance-Sportif-1-300x300.png 300w, https:\/\/reflexologieetcie.fr\/wp-content\/uploads\/2026\/03\/Seance-Sportif-1-1024x1024.png 1024w, https:\/\/reflexologieetcie.fr\/wp-content\/uploads\/2026\/03\/Seance-Sportif-1-150x150.png 150w, https:\/\/reflexologieetcie.fr\/wp-content\/uploads\/2026\/03\/Seance-Sportif-1-600x600.png 600w, https:\/\/reflexologieetcie.fr\/wp-content\/uploads\/2026\/03\/Seance-Sportif-1-100x100.png 100w, https:\/\/reflexologieetcie.fr\/wp-content\/uploads\/2026\/03\/Seance-Sportif-1.png 1080w\" sizes=\"(max-width: 768px) 100vw, 768px\" \/>\t\t\t\t\t\t\t\t\t\t\t\t\t\t\t<\/div>\n\t\t\t\t<\/div>\n\t\t\t\t<\/div>\n\t\t<div class=\"elementor-element elementor-element-c9bba41 e-con-full e-flex e-con e-child\" data-id=\"c9bba41\" data-element_type=\"container\">\n\t\t\t\t<div class=\"elementor-element elementor-element-0e46aeb elementor-widget elementor-widget-text-editor\" data-id=\"0e46aeb\" data-element_type=\"widget\" data-widget_type=\"text-editor.default\">\n\t\t\t\t<div class=\"elementor-widget-container\">\n\t\t\t\t\t\t\t\t\t<p data-start=\"123\" data-end=\"351\">Le sportif, qu\u2019il pratique la course \u00e0 pied, le cyclisme, la danse ou toute autre discipline, sollicite intens\u00e9ment son corps.\u00a0Avec le temps, les efforts r\u00e9p\u00e9t\u00e9s peuvent entra\u00eener tensions, douleurs et accumulation de toxines.<\/p><p data-start=\"123\" data-end=\"351\">\u00a0<\/p><p data-start=\"353\" data-end=\"451\">La r\u00e9flexologie plantaire accompagne le corps dans sa r\u00e9cup\u00e9ration et son r\u00e9\u00e9quilibrage naturel.<\/p><p data-start=\"453\" data-end=\"684\">\u2013 Soulage les tensions musculaires et les douleurs<br data-start=\"503\" data-end=\"506\" \/>\u2013 Favorise l\u2019\u00e9limination des toxines<br data-start=\"542\" data-end=\"545\" \/>\u2013 Am\u00e9liore la r\u00e9cup\u00e9ration apr\u00e8s l\u2019effort<br data-start=\"586\" data-end=\"589\" \/>\u2013 Soutient les performances et pr\u00e9vient les blessures<br data-start=\"642\" data-end=\"645\" \/>\u2013 Apporte d\u00e9tente physique et mentale<\/p><p data-start=\"453\" data-end=\"684\">\u00a0<\/p><p data-start=\"686\" data-end=\"826\">Cette s\u00e9ance s\u2019adapte \u00e0 vos besoins : en pr\u00e9paration pour optimiser vos capacit\u00e9s, ou en r\u00e9cup\u00e9ration pour aider votre corps \u00e0 se r\u00e9g\u00e9n\u00e9rer.\u00a0<span style=\"font-size: 18px;\">Un v\u00e9ritable moment pour rel\u00e2cher, r\u00e9cup\u00e9rer et retrouver un corps plus l\u00e9ger, plus fluide\u2026 et plus performant<\/span><\/p>\t\t\t\t\t\t\t\t<\/div>\n\t\t\t\t<\/div>\n\t\t\t\t<\/div>\n\t\t\t\t\t<\/div>\n\t\t\t\t<\/div>\n\t\t<div class=\"elementor-element elementor-element-c9a7d5d e-flex e-con-boxed e-con e-parent\" data-id=\"c9a7d5d\" data-element_type=\"container\" data-settings=\"{&quot;background_background&quot;:&quot;classic&quot;}\">\n\t\t\t\t\t<div class=\"e-con-inner\">\n\t\t<div class=\"elementor-element elementor-element-257ff57 e-con-full e-flex e-con e-child\" data-id=\"257ff57\" data-element_type=\"container\">\n\t\t\t\t<div class=\"elementor-element elementor-element-3c40c9c elementor-widget elementor-widget-image\" data-id=\"3c40c9c\" data-element_type=\"widget\" data-widget_type=\"image.default\">\n\t\t\t\t<div class=\"elementor-widget-container\">\n\t\t\t\t\t\t\t\t\t\t\t\t\t\t\t<img decoding=\"async\" width=\"768\" height=\"768\" src=\"https:\/\/reflexologieetcie.fr\/wp-content\/uploads\/2026\/03\/Seance-Sportif-2-768x768.png\" class=\"attachment-medium_large size-medium_large wp-image-3483\" alt=\"\" srcset=\"https:\/\/reflexologieetcie.fr\/wp-content\/uploads\/2026\/03\/Seance-Sportif-2-768x768.png 768w, https:\/\/reflexologieetcie.fr\/wp-content\/uploads\/2026\/03\/Seance-Sportif-2-300x300.png 300w, https:\/\/reflexologieetcie.fr\/wp-content\/uploads\/2026\/03\/Seance-Sportif-2-1024x1024.png 1024w, https:\/\/reflexologieetcie.fr\/wp-content\/uploads\/2026\/03\/Seance-Sportif-2-150x150.png 150w, https:\/\/reflexologieetcie.fr\/wp-content\/uploads\/2026\/03\/Seance-Sportif-2-600x600.png 600w, https:\/\/reflexologieetcie.fr\/wp-content\/uploads\/2026\/03\/Seance-Sportif-2-100x100.png 100w, https:\/\/reflexologieetcie.fr\/wp-content\/uploads\/2026\/03\/Seance-Sportif-2.png 1080w\" sizes=\"(max-width: 768px) 100vw, 768px\" \/>\t\t\t\t\t\t\t\t\t\t\t\t\t\t\t<\/div>\n\t\t\t\t<\/div>\n\t\t\t\t<\/div>\n\t\t<div class=\"elementor-element elementor-element-3910e6a e-con-full e-flex e-con e-child\" data-id=\"3910e6a\" data-element_type=\"container\">\n\t\t\t\t<div class=\"elementor-element elementor-element-2d5fe6a elementor-widget elementor-widget-text-editor\" data-id=\"2d5fe6a\" data-element_type=\"widget\" data-widget_type=\"text-editor.default\">\n\t\t\t\t<div class=\"elementor-widget-container\">\n\t\t\t\t\t\t\t\t\t<p data-start=\"112\" data-end=\"355\">Pendant la grossesse, le corps vit de nombreux bouleversements hormonaux et \u00e9motionnels.<br data-start=\"200\" data-end=\"203\" \/>La r\u00e9flexologie plantaire accompagne en douceur cette p\u00e9riode pour aider \u00e0 retrouver \u00e9quilibre et s\u00e9r\u00e9nit\u00e9, tout en pr\u00e9parant le corps \u00e0 l\u2019accouchement.<\/p><p data-start=\"357\" data-end=\"554\">\u2013 Am\u00e9liore la circulation et le sommeil<br data-start=\"396\" data-end=\"399\" \/>\u2013 Apaise les tensions et douleurs (dos, jambes\u2026)<br data-start=\"447\" data-end=\"450\" \/>\u2013 Diminue les naus\u00e9es<br data-start=\"471\" data-end=\"474\" \/>\u2013 Favorise la d\u00e9tente et le l\u00e2cher-prise<br data-start=\"514\" data-end=\"517\" \/>\u2013 Pr\u00e9pare le corps \u00e0 l\u2019accouchement<\/p><p data-start=\"556\" data-end=\"756\">Apr\u00e8s la naissance, elle soutient la r\u00e9cup\u00e9ration :<br data-start=\"607\" data-end=\"610\" \/>\u2013 Relance l\u2019\u00e9nergie<br data-start=\"629\" data-end=\"632\" \/>\u2013 Accompagne l\u2019\u00e9quilibre \u00e9motionnel<br data-start=\"667\" data-end=\"670\" \/>\u2013 Stimule naturellement les fonctions hormonales<br data-start=\"718\" data-end=\"721\" \/>\u2013 Aide le corps \u00e0 se r\u00e9harmoniser<\/p><p data-start=\"758\" data-end=\"883\">Une approche douce, respectueuse et profond\u00e9ment enveloppante pour vous accompagner dans cette \u00e9tape de vie si pr\u00e9cieuse.<\/p><p data-start=\"885\" data-end=\"992\">\u26a0\ufe0f S\u00e9ance d\u00e9conseill\u00e9e durant les 3 premiers mois de grossesse.<\/p>\t\t\t\t\t\t\t\t<\/div>\n\t\t\t\t<\/div>\n\t\t\t\t<\/div>\n\t\t\t\t\t<\/div>\n\t\t\t\t<\/div>\n\t\t<div class=\"elementor-element elementor-element-80ab226 e-flex e-con-boxed e-con e-parent\" data-id=\"80ab226\" data-element_type=\"container\">\n\t\t\t\t\t<div class=\"e-con-inner\">\n\t\t\t\t<div class=\"elementor-element elementor-element-823267f elementor-widget elementor-widget-heading\" data-id=\"823267f\" data-element_type=\"widget\" data-widget_type=\"heading.default\">\n\t\t\t\t<div class=\"elementor-widget-container\">\n\t\t\t\t\t<h2 class=\"elementor-heading-title elementor-size-default\">x<\/h2>\t\t\t\t<\/div>\n\t\t\t\t<\/div>\n\t\t\t\t<div class=\"elementor-element elementor-element-18fc636 elementor-widget elementor-widget-text-editor\" data-id=\"18fc636\" data-element_type=\"widget\" data-widget_type=\"text-editor.default\">\n\t\t\t\t<div class=\"elementor-widget-container\">\n\t\t\t\t\t\t\t\t\t<p>x<\/p>\t\t\t\t\t\t\t\t<\/div>\n\t\t\t\t<\/div>\n\t\t\t\t\t<\/div>\n\t\t\t\t<\/div>\n\t\t\t\t<\/div>\n\t\t","protected":false},"excerpt":{"rendered":"<p>R\u00e9flexologie La r\u00e9flexologie est une pratique naturelle et douce qui consid\u00e8re le corps dans sa globalit\u00e9.\u00a0Elle repose sur le principe que certaines zones des pieds, des mains ou du visage sont reli\u00e9es \u00e0 diff\u00e9rents organes et parties du corps.\u00a0En stimulant ces zones r\u00e9flexes par des pressions cibl\u00e9es, la r\u00e9flexologie aide \u00e0 r\u00e9tablir l\u2019\u00e9quilibre naturel du [&hellip;]<\/p>\n","protected":false},"author":1,"featured_media":0,"parent":0,"menu_order":0,"comment_status":"closed","ping_status":"closed","template":"","meta":{"footnotes":""},"class_list":["post-648","page","type-page","status-publish","hentry","entry","owp-thumbs-layout-horizontal","owp-btn-big","owp-tabs-layout-horizontal","has-no-thumbnails","has-product-nav"],"yoast_head":"<!-- This site is optimized with the Yoast SEO plugin v25.9 - https:\/\/yoast.com\/wordpress\/plugins\/seo\/ -->\n<title>R\u00e9flexologie | R\u00e9flexologie &amp; Cie<\/title>\n<meta name=\"description\" content=\"Vous souhaitez profiter des bienfaits de la r\u00e9flexologie ? R\u00e9flexologie &amp; Cie vous propose des s\u00e9ances pour am\u00e9liorer votre bien-\u00eatre !\" \/>\n<meta name=\"robots\" content=\"index, follow, max-snippet:-1, max-image-preview:large, max-video-preview:-1\" \/>\n<link rel=\"canonical\" href=\"https:\/\/reflexologieetcie.fr\/index.php\/reflexologie\/\" \/>\n<meta property=\"og:locale\" content=\"fr_FR\" \/>\n<meta property=\"og:type\" content=\"article\" \/>\n<meta property=\"og:title\" content=\"R\u00e9flexologie | R\u00e9flexologie &amp; Cie\" \/>\n<meta property=\"og:description\" content=\"Vous souhaitez profiter des bienfaits de la r\u00e9flexologie ? R\u00e9flexologie &amp; Cie vous propose des s\u00e9ances pour am\u00e9liorer votre bien-\u00eatre !\" \/>\n<meta property=\"og:url\" content=\"https:\/\/reflexologieetcie.fr\/index.php\/reflexologie\/\" \/>\n<meta property=\"og:site_name\" content=\"R\u00e9flexologieetcie\" \/>\n<meta property=\"article:modified_time\" content=\"2026-03-19T13:57:49+00:00\" \/>\n<meta property=\"og:image\" content=\"https:\/\/reflexologieetcie.fr\/wp-content\/uploads\/2026\/03\/Seance-Adulte-1-768x768.png\" \/>\n<meta name=\"twitter:card\" content=\"summary_large_image\" \/>\n<meta name=\"twitter:label1\" content=\"Dur\u00e9e de lecture estim\u00e9e\" \/>\n\t<meta name=\"twitter:data1\" content=\"3 minutes\" \/>\n<script type=\"application\/ld+json\" class=\"yoast-schema-graph\">{\"@context\":\"https:\/\/schema.org\",\"@graph\":[{\"@type\":\"WebPage\",\"@id\":\"https:\/\/reflexologieetcie.fr\/index.php\/reflexologie\/\",\"url\":\"https:\/\/reflexologieetcie.fr\/index.php\/reflexologie\/\",\"name\":\"R\u00e9flexologie | R\u00e9flexologie & Cie\",\"isPartOf\":{\"@id\":\"https:\/\/reflexologieetcie.fr\/#website\"},\"primaryImageOfPage\":{\"@id\":\"https:\/\/reflexologieetcie.fr\/index.php\/reflexologie\/#primaryimage\"},\"image\":{\"@id\":\"https:\/\/reflexologieetcie.fr\/index.php\/reflexologie\/#primaryimage\"},\"thumbnailUrl\":\"https:\/\/reflexologieetcie.fr\/wp-content\/uploads\/2026\/03\/Seance-Adulte-1-768x768.png\",\"datePublished\":\"2023-11-08T09:43:14+00:00\",\"dateModified\":\"2026-03-19T13:57:49+00:00\",\"description\":\"Vous souhaitez profiter des bienfaits de la r\u00e9flexologie ? R\u00e9flexologie & Cie vous propose des s\u00e9ances pour am\u00e9liorer votre bien-\u00eatre !\",\"breadcrumb\":{\"@id\":\"https:\/\/reflexologieetcie.fr\/index.php\/reflexologie\/#breadcrumb\"},\"inLanguage\":\"fr-FR\",\"potentialAction\":[{\"@type\":\"ReadAction\",\"target\":[\"https:\/\/reflexologieetcie.fr\/index.php\/reflexologie\/\"]}]},{\"@type\":\"ImageObject\",\"inLanguage\":\"fr-FR\",\"@id\":\"https:\/\/reflexologieetcie.fr\/index.php\/reflexologie\/#primaryimage\",\"url\":\"https:\/\/reflexologieetcie.fr\/wp-content\/uploads\/2026\/03\/Seance-Adulte-1.png\",\"contentUrl\":\"https:\/\/reflexologieetcie.fr\/wp-content\/uploads\/2026\/03\/Seance-Adulte-1.png\",\"width\":1080,\"height\":1080},{\"@type\":\"BreadcrumbList\",\"@id\":\"https:\/\/reflexologieetcie.fr\/index.php\/reflexologie\/#breadcrumb\",\"itemListElement\":[{\"@type\":\"ListItem\",\"position\":1,\"name\":\"Accueil\",\"item\":\"https:\/\/reflexologieetcie.fr\/\"},{\"@type\":\"ListItem\",\"position\":2,\"name\":\"R\u00e9flexologie\"}]},{\"@type\":\"WebSite\",\"@id\":\"https:\/\/reflexologieetcie.fr\/#website\",\"url\":\"https:\/\/reflexologieetcie.fr\/\",\"name\":\"R\u00e9flexologieetcie\",\"description\":\"Un site utilisant WordPress\",\"potentialAction\":[{\"@type\":\"SearchAction\",\"target\":{\"@type\":\"EntryPoint\",\"urlTemplate\":\"https:\/\/reflexologieetcie.fr\/?s={search_term_string}\"},\"query-input\":{\"@type\":\"PropertyValueSpecification\",\"valueRequired\":true,\"valueName\":\"search_term_string\"}}],\"inLanguage\":\"fr-FR\"}]}<\/script>\n<!-- \/ Yoast SEO plugin. -->","yoast_head_json":{"title":"R\u00e9flexologie | R\u00e9flexologie & Cie","description":"Vous souhaitez profiter des bienfaits de la r\u00e9flexologie ? R\u00e9flexologie & Cie vous propose des s\u00e9ances pour am\u00e9liorer votre bien-\u00eatre !","robots":{"index":"index","follow":"follow","max-snippet":"max-snippet:-1","max-image-preview":"max-image-preview:large","max-video-preview":"max-video-preview:-1"},"canonical":"https:\/\/reflexologieetcie.fr\/index.php\/reflexologie\/","og_locale":"fr_FR","og_type":"article","og_title":"R\u00e9flexologie | R\u00e9flexologie & Cie","og_description":"Vous souhaitez profiter des bienfaits de la r\u00e9flexologie ? R\u00e9flexologie & Cie vous propose des s\u00e9ances pour am\u00e9liorer votre bien-\u00eatre !","og_url":"https:\/\/reflexologieetcie.fr\/index.php\/reflexologie\/","og_site_name":"R\u00e9flexologieetcie","article_modified_time":"2026-03-19T13:57:49+00:00","og_image":[{"url":"https:\/\/reflexologieetcie.fr\/wp-content\/uploads\/2026\/03\/Seance-Adulte-1-768x768.png","type":"","width":"","height":""}],"twitter_card":"summary_large_image","twitter_misc":{"Dur\u00e9e de lecture estim\u00e9e":"3 minutes"},"schema":{"@context":"https:\/\/schema.org","@graph":[{"@type":"WebPage","@id":"https:\/\/reflexologieetcie.fr\/index.php\/reflexologie\/","url":"https:\/\/reflexologieetcie.fr\/index.php\/reflexologie\/","name":"R\u00e9flexologie | R\u00e9flexologie & Cie","isPartOf":{"@id":"https:\/\/reflexologieetcie.fr\/#website"},"primaryImageOfPage":{"@id":"https:\/\/reflexologieetcie.fr\/index.php\/reflexologie\/#primaryimage"},"image":{"@id":"https:\/\/reflexologieetcie.fr\/index.php\/reflexologie\/#primaryimage"},"thumbnailUrl":"https:\/\/reflexologieetcie.fr\/wp-content\/uploads\/2026\/03\/Seance-Adulte-1-768x768.png","datePublished":"2023-11-08T09:43:14+00:00","dateModified":"2026-03-19T13:57:49+00:00","description":"Vous souhaitez profiter des bienfaits de la r\u00e9flexologie ? R\u00e9flexologie & Cie vous propose des s\u00e9ances pour am\u00e9liorer votre bien-\u00eatre !","breadcrumb":{"@id":"https:\/\/reflexologieetcie.fr\/index.php\/reflexologie\/#breadcrumb"},"inLanguage":"fr-FR","potentialAction":[{"@type":"ReadAction","target":["https:\/\/reflexologieetcie.fr\/index.php\/reflexologie\/"]}]},{"@type":"ImageObject","inLanguage":"fr-FR","@id":"https:\/\/reflexologieetcie.fr\/index.php\/reflexologie\/#primaryimage","url":"https:\/\/reflexologieetcie.fr\/wp-content\/uploads\/2026\/03\/Seance-Adulte-1.png","contentUrl":"https:\/\/reflexologieetcie.fr\/wp-content\/uploads\/2026\/03\/Seance-Adulte-1.png","width":1080,"height":1080},{"@type":"BreadcrumbList","@id":"https:\/\/reflexologieetcie.fr\/index.php\/reflexologie\/#breadcrumb","itemListElement":[{"@type":"ListItem","position":1,"name":"Accueil","item":"https:\/\/reflexologieetcie.fr\/"},{"@type":"ListItem","position":2,"name":"R\u00e9flexologie"}]},{"@type":"WebSite","@id":"https:\/\/reflexologieetcie.fr\/#website","url":"https:\/\/reflexologieetcie.fr\/","name":"R\u00e9flexologieetcie","description":"Un site utilisant WordPress","potentialAction":[{"@type":"SearchAction","target":{"@type":"EntryPoint","urlTemplate":"https:\/\/reflexologieetcie.fr\/?s={search_term_string}"},"query-input":{"@type":"PropertyValueSpecification","valueRequired":true,"valueName":"search_term_string"}}],"inLanguage":"fr-FR"}]}},"_links":{"self":[{"href":"https:\/\/reflexologieetcie.fr\/index.php\/wp-json\/wp\/v2\/pages\/648","targetHints":{"allow":["GET"]}}],"collection":[{"href":"https:\/\/reflexologieetcie.fr\/index.php\/wp-json\/wp\/v2\/pages"}],"about":[{"href":"https:\/\/reflexologieetcie.fr\/index.php\/wp-json\/wp\/v2\/types\/page"}],"author":[{"embeddable":true,"href":"https:\/\/reflexologieetcie.fr\/index.php\/wp-json\/wp\/v2\/users\/1"}],"replies":[{"embeddable":true,"href":"https:\/\/reflexologieetcie.fr\/index.php\/wp-json\/wp\/v2\/comments?post=648"}],"version-history":[{"count":154,"href":"https:\/\/reflexologieetcie.fr\/index.php\/wp-json\/wp\/v2\/pages\/648\/revisions"}],"predecessor-version":[{"id":3491,"href":"https:\/\/reflexologieetcie.fr\/index.php\/wp-json\/wp\/v2\/pages\/648\/revisions\/3491"}],"wp:attachment":[{"href":"https:\/\/reflexologieetcie.fr\/index.php\/wp-json\/wp\/v2\/media?parent=648"}],"curies":[{"name":"wp","href":"https:\/\/api.w.org\/{rel}","templated":true}]}}