{"id":653,"date":"2023-11-08T10:45:48","date_gmt":"2023-11-08T09:45:48","guid":{"rendered":"https:\/\/reflexologieetcie.fr\/?page_id=653"},"modified":"2025-06-24T15:11:46","modified_gmt":"2025-06-24T13:11:46","slug":"hypnose","status":"publish","type":"page","link":"https:\/\/reflexologieetcie.fr\/index.php\/hypnose\/","title":{"rendered":"Hypnose"},"content":{"rendered":"\t\t<div data-elementor-type=\"wp-page\" data-elementor-id=\"653\" class=\"elementor elementor-653\">\n\t\t\t\t<div class=\"elementor-element elementor-element-7a74aef9 e-flex e-con-boxed e-con e-parent\" data-id=\"7a74aef9\" data-element_type=\"container\" data-settings=\"{&quot;background_background&quot;:&quot;classic&quot;}\">\n\t\t\t\t\t<div class=\"e-con-inner\">\n\t\t\t\t<div class=\"elementor-element elementor-element-7d1019da elementor-widget elementor-widget-heading\" data-id=\"7d1019da\" data-element_type=\"widget\" data-widget_type=\"heading.default\">\n\t\t\t\t<div class=\"elementor-widget-container\">\n\t\t\t\t\t<h2 class=\"elementor-heading-title elementor-size-default\">Hypnose<\/h2>\t\t\t\t<\/div>\n\t\t\t\t<\/div>\n\t\t\t\t\t<\/div>\n\t\t\t\t<\/div>\n\t\t<div class=\"elementor-element elementor-element-c45c87b e-flex e-con-boxed e-con e-parent\" data-id=\"c45c87b\" data-element_type=\"container\">\n\t\t\t\t\t<div class=\"e-con-inner\">\n\t\t<div class=\"elementor-element elementor-element-8c98781 e-flex e-con-boxed e-con e-child\" data-id=\"8c98781\" data-element_type=\"container\">\n\t\t\t\t\t<div class=\"e-con-inner\">\n\t\t\t\t<div class=\"elementor-element elementor-element-452bebf elementor-widget elementor-widget-text-editor\" data-id=\"452bebf\" data-element_type=\"widget\" data-widget_type=\"text-editor.default\">\n\t\t\t\t<div class=\"elementor-widget-container\">\n\t\t\t\t\t\t\t\t\t<h2 class=\"elementor-heading-title elementor-size-default elementor-inline-editing pen\" style=\"font-variant-ligatures: normal; font-variant-caps: normal; font-size: 25px; font-style: normal; text-align: center;\" data-elementor-setting-key=\"title\" data-pen-placeholder=\"\u00c9crivez ici...\">Un chemin vers soi en douceur<\/h2><p data-start=\"191\" data-end=\"459\">L\u2019hypnose est un \u00e9tat naturel, que nous connaissons tous sans le savoir : lorsque l\u2019on est absorb\u00e9 dans un livre, perdu dans ses pens\u00e9es, ou \u201cailleurs\u201d en voiture sans se souvenir du trajet\u2026 C\u2019est cet \u00e9tat de conscience modifi\u00e9e que l\u2019on appelle <strong data-start=\"437\" data-end=\"458\">transe hypnotique<\/strong>.<\/p><p data-start=\"461\" data-end=\"829\">Dans cet \u00e9tat, le mental se rel\u00e2che, les r\u00e9sistances tombent, et l\u2019on acc\u00e8de \u00e0 une part plus profonde de soi, l\u00e0 o\u00f9 se trouvent les ressources, les \u00e9motions, les m\u00e9moires, et parfois, les blocages. L\u2019hypnose permet alors de <strong data-start=\"686\" data-end=\"719\">reprogrammer certains sch\u00e9mas<\/strong>, de transformer des croyances limitantes, d\u2019apaiser les blessures int\u00e9rieures ou de retrouver un \u00e9lan de vie.<\/p><p data-start=\"831\" data-end=\"895\"><strong data-start=\"834\" data-end=\"891\">L\u2019hypnose peut vous accompagner sur de nombreux plans<\/strong> :<\/p><ul data-start=\"896\" data-end=\"1091\"><li data-start=\"896\" data-end=\"944\"><p data-start=\"898\" data-end=\"944\">gestion du stress, des peurs ou des \u00e9motions<\/p><\/li><li data-start=\"945\" data-end=\"965\"><p data-start=\"947\" data-end=\"965\">confiance en soi<\/p><\/li><li data-start=\"966\" data-end=\"1008\"><p data-start=\"968\" data-end=\"1008\">accompagnement des douleurs chroniques<\/p><\/li><li data-start=\"1009\" data-end=\"1049\"><p data-start=\"1011\" data-end=\"1049\">comportements r\u00e9p\u00e9titifs ou blocages<\/p><\/li><li data-start=\"1050\" data-end=\"1091\"><p data-start=\"1052\" data-end=\"1091\">deuils, s\u00e9parations, transitions de vie<\/p><\/li><\/ul><p data-start=\"1093\" data-end=\"1343\">C\u2019est un accompagnement respectueux, o\u00f9 <strong data-start=\"1133\" data-end=\"1196\">vous restez toujours conscient et ma\u00eetre de ce qui se passe<\/strong>. Mon r\u00f4le est de vous guider avec bienveillance, dans un espace s\u00e9curis\u00e9, pour que vous puissiez retrouver l\u2019acc\u00e8s \u00e0 vos propres cl\u00e9s de gu\u00e9rison.<\/p><p data-start=\"1345\" data-end=\"1431\">\ud83d\udccd Les s\u00e9ances peuvent se faire <strong data-start=\"1377\" data-end=\"1406\">en pr\u00e9sentiel ou en visio<\/strong>, selon votre pr\u00e9f\u00e9rence.<\/p>\t\t\t\t\t\t\t\t<\/div>\n\t\t\t\t<\/div>\n\t\t\t\t\t<\/div>\n\t\t\t\t<\/div>\n\t\t<div class=\"elementor-element elementor-element-e2b8e2c e-con-full e-flex e-con e-child\" data-id=\"e2b8e2c\" data-element_type=\"container\">\n\t\t\t\t<div class=\"elementor-element elementor-element-da51a75 elementor-widget elementor-widget-image\" data-id=\"da51a75\" data-element_type=\"widget\" data-widget_type=\"image.default\">\n\t\t\t\t<div class=\"elementor-widget-container\">\n\t\t\t\t\t\t\t\t\t\t\t\t\t\t\t<img fetchpriority=\"high\" decoding=\"async\" width=\"1024\" height=\"1024\" src=\"https:\/\/reflexologieetcie.fr\/wp-content\/uploads\/2023\/11\/Hypnose-reflexologieetcie-1024x1024.jpg\" class=\"attachment-large size-large wp-image-764\" alt=\"\" srcset=\"https:\/\/reflexologieetcie.fr\/wp-content\/uploads\/2023\/11\/Hypnose-reflexologieetcie-1024x1024.jpg 1024w, https:\/\/reflexologieetcie.fr\/wp-content\/uploads\/2023\/11\/Hypnose-reflexologieetcie-300x300.jpg 300w, https:\/\/reflexologieetcie.fr\/wp-content\/uploads\/2023\/11\/Hypnose-reflexologieetcie-100x100.jpg 100w, https:\/\/reflexologieetcie.fr\/wp-content\/uploads\/2023\/11\/Hypnose-reflexologieetcie-600x600.jpg 600w, https:\/\/reflexologieetcie.fr\/wp-content\/uploads\/2023\/11\/Hypnose-reflexologieetcie-150x150.jpg 150w, https:\/\/reflexologieetcie.fr\/wp-content\/uploads\/2023\/11\/Hypnose-reflexologieetcie-768x768.jpg 768w, https:\/\/reflexologieetcie.fr\/wp-content\/uploads\/2023\/11\/Hypnose-reflexologieetcie-1536x1536.jpg 1536w, https:\/\/reflexologieetcie.fr\/wp-content\/uploads\/2023\/11\/Hypnose-reflexologieetcie.jpg 1920w\" sizes=\"(max-width: 1024px) 100vw, 1024px\" \/>\t\t\t\t\t\t\t\t\t\t\t\t\t\t\t<\/div>\n\t\t\t\t<\/div>\n\t\t\t\t<\/div>\n\t\t\t\t\t<\/div>\n\t\t\t\t<\/div>\n\t\t<div class=\"elementor-element elementor-element-42eead3 e-flex e-con-boxed e-con e-parent\" data-id=\"42eead3\" data-element_type=\"container\" data-settings=\"{&quot;background_background&quot;:&quot;classic&quot;}\">\n\t\t\t\t\t<div class=\"e-con-inner\">\n\t\t\t\t<div class=\"elementor-element elementor-element-1eff17e elementor-widget elementor-widget-heading\" data-id=\"1eff17e\" data-element_type=\"widget\" data-widget_type=\"heading.default\">\n\t\t\t\t<div class=\"elementor-widget-container\">\n\t\t\t\t\t<h2 class=\"elementor-heading-title elementor-size-default\">Formez-vous \u00e0 l'hypnose avec ma m\u00e9thode \"Leaurigyne\" !<\/h2>\t\t\t\t<\/div>\n\t\t\t\t<\/div>\n\t\t\t\t<div class=\"elementor-element elementor-element-de69a86 elementor-widget elementor-widget-text-editor\" data-id=\"de69a86\" data-element_type=\"widget\" data-widget_type=\"text-editor.default\">\n\t\t\t\t<div class=\"elementor-widget-container\">\n\t\t\t\t\t\t\t\t\t<p><span style=\"font-weight: 400;\">Apr\u00e8s ma formation en hypnose, j\u2019ai d\u00e9couvert son efficacit\u00e9 et son potentiel au fur et \u00e0 mesure des s\u00e9ances pratiqu\u00e9es en cabinet. Je me suis volontairement form\u00e9e \u00e0 diff\u00e9rentes hypnoses (Ericksonienne, retour \u00e0 la source pour les principales). Toutes ces formations m\u2019ont permis d\u2019acqu\u00e9rir diff\u00e9rentes m\u00e9thodes, diff\u00e9rentes actions. Un enseignement riche en d\u00e9couverte sur le potentiel \u00e9norme de notre cerveau.<\/span><\/p><p><span style=\"font-weight: 400;\">Apr\u00e8s tous ces diff\u00e9rents apprentissages, j\u2019ai naturellement cr\u00e9\u00e9 ma propre m\u00e9thode. Je l\u2019ai test\u00e9e, modifi\u00e9e, ajust\u00e9e au fur et \u00e0 mesure des s\u00e9ances en cabinet afin de vous soulager de vos diff\u00e9rents maux et mots.<\/span><\/p><p><span style=\"font-weight: 400;\">L&rsquo;objectif de mes s\u00e9ances pour vous soulager durablement est d\u2019aller chercher la cause de vos blocages, de vos douleurs, de vos \u00e9motions\u2026 retourner \u00e0 la source, \u00e0 l\u2019origine, \u00e0 la racine de la probl\u00e9matique est essentiel !<\/span><\/p><p>\u00a0<\/p>\t\t\t\t\t\t\t\t<\/div>\n\t\t\t\t<\/div>\n\t\t\t\t<div class=\"elementor-element elementor-element-6308763 elementor-widget elementor-widget-image\" data-id=\"6308763\" data-element_type=\"widget\" data-widget_type=\"image.default\">\n\t\t\t\t<div class=\"elementor-widget-container\">\n\t\t\t\t\t\t\t\t\t\t\t\t\t\t\t<img decoding=\"async\" width=\"1024\" height=\"683\" src=\"https:\/\/reflexologieetcie.fr\/wp-content\/uploads\/2023\/11\/Hypnose-reflexologieetcie-2-1024x683.jpg\" class=\"attachment-large size-large wp-image-1036\" alt=\"\" srcset=\"https:\/\/reflexologieetcie.fr\/wp-content\/uploads\/2023\/11\/Hypnose-reflexologieetcie-2-1024x683.jpg 1024w, https:\/\/reflexologieetcie.fr\/wp-content\/uploads\/2023\/11\/Hypnose-reflexologieetcie-2-600x400.jpg 600w, https:\/\/reflexologieetcie.fr\/wp-content\/uploads\/2023\/11\/Hypnose-reflexologieetcie-2-300x200.jpg 300w, https:\/\/reflexologieetcie.fr\/wp-content\/uploads\/2023\/11\/Hypnose-reflexologieetcie-2-768x512.jpg 768w, https:\/\/reflexologieetcie.fr\/wp-content\/uploads\/2023\/11\/Hypnose-reflexologieetcie-2-1536x1024.jpg 1536w, https:\/\/reflexologieetcie.fr\/wp-content\/uploads\/2023\/11\/Hypnose-reflexologieetcie-2.jpg 1920w\" sizes=\"(max-width: 1024px) 100vw, 1024px\" \/>\t\t\t\t\t\t\t\t\t\t\t\t\t\t\t<\/div>\n\t\t\t\t<\/div>\n\t\t\t\t\t<\/div>\n\t\t\t\t<\/div>\n\t\t\t\t<\/div>\n\t\t","protected":false},"excerpt":{"rendered":"<p>Hypnose Un chemin vers soi en douceur L\u2019hypnose est un \u00e9tat naturel, que nous connaissons tous sans le savoir : lorsque l\u2019on est absorb\u00e9 dans un livre, perdu dans ses pens\u00e9es, ou \u201cailleurs\u201d en voiture sans se souvenir du trajet\u2026 C\u2019est cet \u00e9tat de conscience modifi\u00e9e que l\u2019on appelle transe hypnotique. Dans cet \u00e9tat, le [&hellip;]<\/p>\n","protected":false},"author":1,"featured_media":0,"parent":0,"menu_order":0,"comment_status":"closed","ping_status":"closed","template":"","meta":{"footnotes":""},"class_list":["post-653","page","type-page","status-publish","hentry","entry","owp-thumbs-layout-horizontal","owp-btn-big","owp-tabs-layout-horizontal","has-no-thumbnails","has-product-nav"],"yoast_head":"<!-- This site is optimized with the Yoast SEO plugin v25.9 - https:\/\/yoast.com\/wordpress\/plugins\/seo\/ -->\n<title>Hypnose - R\u00e9flexologieetcie<\/title>\n<meta name=\"robots\" content=\"index, follow, max-snippet:-1, max-image-preview:large, max-video-preview:-1\" \/>\n<link rel=\"canonical\" href=\"https:\/\/reflexologieetcie.fr\/index.php\/hypnose\/\" \/>\n<meta property=\"og:locale\" content=\"fr_FR\" \/>\n<meta property=\"og:type\" content=\"article\" \/>\n<meta property=\"og:title\" content=\"Hypnose - R\u00e9flexologieetcie\" \/>\n<meta property=\"og:description\" content=\"Hypnose Un chemin vers soi en douceur L\u2019hypnose est un \u00e9tat naturel, que nous connaissons tous sans le savoir : lorsque l\u2019on est absorb\u00e9 dans un livre, perdu dans ses pens\u00e9es, ou \u201cailleurs\u201d en voiture sans se souvenir du trajet\u2026 C\u2019est cet \u00e9tat de conscience modifi\u00e9e que l\u2019on appelle transe hypnotique. Dans cet \u00e9tat, le [&hellip;]\" \/>\n<meta property=\"og:url\" content=\"https:\/\/reflexologieetcie.fr\/index.php\/hypnose\/\" \/>\n<meta property=\"og:site_name\" content=\"R\u00e9flexologieetcie\" \/>\n<meta property=\"article:modified_time\" content=\"2025-06-24T13:11:46+00:00\" \/>\n<meta property=\"og:image\" content=\"https:\/\/reflexologieetcie.fr\/wp-content\/uploads\/2023\/11\/Hypnose-reflexologieetcie-1024x1024.jpg\" \/>\n<meta name=\"twitter:card\" content=\"summary_large_image\" \/>\n<meta name=\"twitter:label1\" content=\"Dur\u00e9e de lecture estim\u00e9e\" \/>\n\t<meta name=\"twitter:data1\" content=\"3 minutes\" \/>\n<script type=\"application\/ld+json\" class=\"yoast-schema-graph\">{\"@context\":\"https:\/\/schema.org\",\"@graph\":[{\"@type\":\"WebPage\",\"@id\":\"https:\/\/reflexologieetcie.fr\/index.php\/hypnose\/\",\"url\":\"https:\/\/reflexologieetcie.fr\/index.php\/hypnose\/\",\"name\":\"Hypnose - R\u00e9flexologieetcie\",\"isPartOf\":{\"@id\":\"https:\/\/reflexologieetcie.fr\/#website\"},\"primaryImageOfPage\":{\"@id\":\"https:\/\/reflexologieetcie.fr\/index.php\/hypnose\/#primaryimage\"},\"image\":{\"@id\":\"https:\/\/reflexologieetcie.fr\/index.php\/hypnose\/#primaryimage\"},\"thumbnailUrl\":\"https:\/\/reflexologieetcie.fr\/wp-content\/uploads\/2023\/11\/Hypnose-reflexologieetcie-1024x1024.jpg\",\"datePublished\":\"2023-11-08T09:45:48+00:00\",\"dateModified\":\"2025-06-24T13:11:46+00:00\",\"breadcrumb\":{\"@id\":\"https:\/\/reflexologieetcie.fr\/index.php\/hypnose\/#breadcrumb\"},\"inLanguage\":\"fr-FR\",\"potentialAction\":[{\"@type\":\"ReadAction\",\"target\":[\"https:\/\/reflexologieetcie.fr\/index.php\/hypnose\/\"]}]},{\"@type\":\"ImageObject\",\"inLanguage\":\"fr-FR\",\"@id\":\"https:\/\/reflexologieetcie.fr\/index.php\/hypnose\/#primaryimage\",\"url\":\"https:\/\/reflexologieetcie.fr\/wp-content\/uploads\/2023\/11\/Hypnose-reflexologieetcie.jpg\",\"contentUrl\":\"https:\/\/reflexologieetcie.fr\/wp-content\/uploads\/2023\/11\/Hypnose-reflexologieetcie.jpg\",\"width\":1920,\"height\":1920},{\"@type\":\"BreadcrumbList\",\"@id\":\"https:\/\/reflexologieetcie.fr\/index.php\/hypnose\/#breadcrumb\",\"itemListElement\":[{\"@type\":\"ListItem\",\"position\":1,\"name\":\"Accueil\",\"item\":\"https:\/\/reflexologieetcie.fr\/\"},{\"@type\":\"ListItem\",\"position\":2,\"name\":\"Hypnose\"}]},{\"@type\":\"WebSite\",\"@id\":\"https:\/\/reflexologieetcie.fr\/#website\",\"url\":\"https:\/\/reflexologieetcie.fr\/\",\"name\":\"R\u00e9flexologieetcie\",\"description\":\"Un site utilisant WordPress\",\"potentialAction\":[{\"@type\":\"SearchAction\",\"target\":{\"@type\":\"EntryPoint\",\"urlTemplate\":\"https:\/\/reflexologieetcie.fr\/?s={search_term_string}\"},\"query-input\":{\"@type\":\"PropertyValueSpecification\",\"valueRequired\":true,\"valueName\":\"search_term_string\"}}],\"inLanguage\":\"fr-FR\"}]}<\/script>\n<!-- \/ Yoast SEO plugin. -->","yoast_head_json":{"title":"Hypnose - R\u00e9flexologieetcie","robots":{"index":"index","follow":"follow","max-snippet":"max-snippet:-1","max-image-preview":"max-image-preview:large","max-video-preview":"max-video-preview:-1"},"canonical":"https:\/\/reflexologieetcie.fr\/index.php\/hypnose\/","og_locale":"fr_FR","og_type":"article","og_title":"Hypnose - R\u00e9flexologieetcie","og_description":"Hypnose Un chemin vers soi en douceur L\u2019hypnose est un \u00e9tat naturel, que nous connaissons tous sans le savoir : lorsque l\u2019on est absorb\u00e9 dans un livre, perdu dans ses pens\u00e9es, ou \u201cailleurs\u201d en voiture sans se souvenir du trajet\u2026 C\u2019est cet \u00e9tat de conscience modifi\u00e9e que l\u2019on appelle transe hypnotique. Dans cet \u00e9tat, le [&hellip;]","og_url":"https:\/\/reflexologieetcie.fr\/index.php\/hypnose\/","og_site_name":"R\u00e9flexologieetcie","article_modified_time":"2025-06-24T13:11:46+00:00","og_image":[{"url":"https:\/\/reflexologieetcie.fr\/wp-content\/uploads\/2023\/11\/Hypnose-reflexologieetcie-1024x1024.jpg","type":"","width":"","height":""}],"twitter_card":"summary_large_image","twitter_misc":{"Dur\u00e9e de lecture estim\u00e9e":"3 minutes"},"schema":{"@context":"https:\/\/schema.org","@graph":[{"@type":"WebPage","@id":"https:\/\/reflexologieetcie.fr\/index.php\/hypnose\/","url":"https:\/\/reflexologieetcie.fr\/index.php\/hypnose\/","name":"Hypnose - R\u00e9flexologieetcie","isPartOf":{"@id":"https:\/\/reflexologieetcie.fr\/#website"},"primaryImageOfPage":{"@id":"https:\/\/reflexologieetcie.fr\/index.php\/hypnose\/#primaryimage"},"image":{"@id":"https:\/\/reflexologieetcie.fr\/index.php\/hypnose\/#primaryimage"},"thumbnailUrl":"https:\/\/reflexologieetcie.fr\/wp-content\/uploads\/2023\/11\/Hypnose-reflexologieetcie-1024x1024.jpg","datePublished":"2023-11-08T09:45:48+00:00","dateModified":"2025-06-24T13:11:46+00:00","breadcrumb":{"@id":"https:\/\/reflexologieetcie.fr\/index.php\/hypnose\/#breadcrumb"},"inLanguage":"fr-FR","potentialAction":[{"@type":"ReadAction","target":["https:\/\/reflexologieetcie.fr\/index.php\/hypnose\/"]}]},{"@type":"ImageObject","inLanguage":"fr-FR","@id":"https:\/\/reflexologieetcie.fr\/index.php\/hypnose\/#primaryimage","url":"https:\/\/reflexologieetcie.fr\/wp-content\/uploads\/2023\/11\/Hypnose-reflexologieetcie.jpg","contentUrl":"https:\/\/reflexologieetcie.fr\/wp-content\/uploads\/2023\/11\/Hypnose-reflexologieetcie.jpg","width":1920,"height":1920},{"@type":"BreadcrumbList","@id":"https:\/\/reflexologieetcie.fr\/index.php\/hypnose\/#breadcrumb","itemListElement":[{"@type":"ListItem","position":1,"name":"Accueil","item":"https:\/\/reflexologieetcie.fr\/"},{"@type":"ListItem","position":2,"name":"Hypnose"}]},{"@type":"WebSite","@id":"https:\/\/reflexologieetcie.fr\/#website","url":"https:\/\/reflexologieetcie.fr\/","name":"R\u00e9flexologieetcie","description":"Un site utilisant WordPress","potentialAction":[{"@type":"SearchAction","target":{"@type":"EntryPoint","urlTemplate":"https:\/\/reflexologieetcie.fr\/?s={search_term_string}"},"query-input":{"@type":"PropertyValueSpecification","valueRequired":true,"valueName":"search_term_string"}}],"inLanguage":"fr-FR"}]}},"_links":{"self":[{"href":"https:\/\/reflexologieetcie.fr\/index.php\/wp-json\/wp\/v2\/pages\/653","targetHints":{"allow":["GET"]}}],"collection":[{"href":"https:\/\/reflexologieetcie.fr\/index.php\/wp-json\/wp\/v2\/pages"}],"about":[{"href":"https:\/\/reflexologieetcie.fr\/index.php\/wp-json\/wp\/v2\/types\/page"}],"author":[{"embeddable":true,"href":"https:\/\/reflexologieetcie.fr\/index.php\/wp-json\/wp\/v2\/users\/1"}],"replies":[{"embeddable":true,"href":"https:\/\/reflexologieetcie.fr\/index.php\/wp-json\/wp\/v2\/comments?post=653"}],"version-history":[{"count":103,"href":"https:\/\/reflexologieetcie.fr\/index.php\/wp-json\/wp\/v2\/pages\/653\/revisions"}],"predecessor-version":[{"id":2260,"href":"https:\/\/reflexologieetcie.fr\/index.php\/wp-json\/wp\/v2\/pages\/653\/revisions\/2260"}],"wp:attachment":[{"href":"https:\/\/reflexologieetcie.fr\/index.php\/wp-json\/wp\/v2\/media?parent=653"}],"curies":[{"name":"wp","href":"https:\/\/api.w.org\/{rel}","templated":true}]}}