{"id":664,"date":"2023-11-08T10:51:46","date_gmt":"2023-11-08T09:51:46","guid":{"rendered":"https:\/\/reflexologieetcie.fr\/?page_id=664"},"modified":"2025-06-24T10:30:00","modified_gmt":"2025-06-24T08:30:00","slug":"magnetisme","status":"publish","type":"page","link":"https:\/\/reflexologieetcie.fr\/index.php\/magnetisme\/","title":{"rendered":"Magn\u00e9tisme"},"content":{"rendered":"\t\t<div data-elementor-type=\"wp-page\" data-elementor-id=\"664\" class=\"elementor elementor-664\">\n\t\t\t\t<div class=\"elementor-element elementor-element-560e96c4 e-flex e-con-boxed e-con e-parent\" data-id=\"560e96c4\" data-element_type=\"container\" data-settings=\"{&quot;background_background&quot;:&quot;classic&quot;}\">\n\t\t\t\t\t<div class=\"e-con-inner\">\n\t\t\t\t<div class=\"elementor-element elementor-element-703ecc76 elementor-widget elementor-widget-heading\" data-id=\"703ecc76\" data-element_type=\"widget\" data-widget_type=\"heading.default\">\n\t\t\t\t<div class=\"elementor-widget-container\">\n\t\t\t\t\t<h2 class=\"elementor-heading-title elementor-size-default\">Magn\u00e9tisme<\/h2>\t\t\t\t<\/div>\n\t\t\t\t<\/div>\n\t\t\t\t\t<\/div>\n\t\t\t\t<\/div>\n\t\t<div class=\"elementor-element elementor-element-e1336d0 e-flex e-con-boxed e-con e-parent\" data-id=\"e1336d0\" data-element_type=\"container\">\n\t\t\t\t\t<div class=\"e-con-inner\">\n\t\t<div class=\"elementor-element elementor-element-a9e7b11 e-con-full e-flex e-con e-child\" data-id=\"a9e7b11\" data-element_type=\"container\">\n\t\t\t\t<div class=\"elementor-element elementor-element-ace750d elementor-widget elementor-widget-image\" data-id=\"ace750d\" data-element_type=\"widget\" data-widget_type=\"image.default\">\n\t\t\t\t<div class=\"elementor-widget-container\">\n\t\t\t\t\t\t\t\t\t\t\t\t\t\t\t<img fetchpriority=\"high\" decoding=\"async\" width=\"1024\" height=\"684\" src=\"https:\/\/reflexologieetcie.fr\/wp-content\/uploads\/2023\/11\/Magnetisme-reflexologieetcie-2-1024x684.jpg\" class=\"attachment-large size-large wp-image-951\" alt=\"\" srcset=\"https:\/\/reflexologieetcie.fr\/wp-content\/uploads\/2023\/11\/Magnetisme-reflexologieetcie-2-1024x684.jpg 1024w, https:\/\/reflexologieetcie.fr\/wp-content\/uploads\/2023\/11\/Magnetisme-reflexologieetcie-2-600x401.jpg 600w, https:\/\/reflexologieetcie.fr\/wp-content\/uploads\/2023\/11\/Magnetisme-reflexologieetcie-2-300x200.jpg 300w, https:\/\/reflexologieetcie.fr\/wp-content\/uploads\/2023\/11\/Magnetisme-reflexologieetcie-2-768x513.jpg 768w, https:\/\/reflexologieetcie.fr\/wp-content\/uploads\/2023\/11\/Magnetisme-reflexologieetcie-2-1536x1025.jpg 1536w, https:\/\/reflexologieetcie.fr\/wp-content\/uploads\/2023\/11\/Magnetisme-reflexologieetcie-2.jpg 1919w\" sizes=\"(max-width: 1024px) 100vw, 1024px\" \/>\t\t\t\t\t\t\t\t\t\t\t\t\t\t\t<\/div>\n\t\t\t\t<\/div>\n\t\t\t\t<\/div>\n\t\t<div class=\"elementor-element elementor-element-00a0929 e-con-full e-flex e-con e-child\" data-id=\"00a0929\" data-element_type=\"container\">\n\t\t\t\t<div class=\"elementor-element elementor-element-2a18a6b elementor-widget elementor-widget-heading\" data-id=\"2a18a6b\" data-element_type=\"widget\" data-widget_type=\"heading.default\">\n\t\t\t\t<div class=\"elementor-widget-container\">\n\t\t\t\t\t<h2 class=\"elementor-heading-title elementor-size-default\">Qu'est-ce que le magn\u00e9tisme ?<\/h2>\t\t\t\t<\/div>\n\t\t\t\t<\/div>\n\t\t\t\t<div class=\"elementor-element elementor-element-bb6125d elementor-widget elementor-widget-text-editor\" data-id=\"bb6125d\" data-element_type=\"widget\" data-widget_type=\"text-editor.default\">\n\t\t\t\t<div class=\"elementor-widget-container\">\n\t\t\t\t\t\t\t\t\t<p><strong data-start=\"176\" data-end=\"233\">Le magn\u00e9tisme, une \u00e9nergie qui soulage et r\u00e9\u00e9quilibre<\/strong><br data-start=\"233\" data-end=\"236\" \/>Le magn\u00e9tisme repose sur un principe simple : tout est \u00e9nergie. Notre corps, nos \u00e9motions, nos pens\u00e9es, tout ce qui nous entoure. Lorsqu\u2019un d\u00e9s\u00e9quilibre s\u2019installe, fatigue, douleurs, stress, tensions \u00e9motionnelles, l\u2019\u00e9nergie ne circule plus harmonieusement.<br data-start=\"496\" data-end=\"499\" \/>Le magn\u00e9tisme permet de r\u00e9tablir cette circulation en canalisant et transmettant une \u00e9nergie bienveillante l\u00e0 o\u00f9 elle est n\u00e9cessaire.<br data-start=\"632\" data-end=\"635\" \/>Par imposition des mains ou \u00e0 distance, je me connecte \u00e0 votre \u00e9nergie pour la purifier, l\u2019harmoniser, et relancer vos propres capacit\u00e9s naturelles d\u2019auto-gu\u00e9rison.<br data-start=\"799\" data-end=\"802\" \/>C\u2019est une approche douce, non intrusive, qui agit en profondeur. Le corps se d\u00e9tend, le mental se calme, les douleurs s\u2019apaisent.<br data-start=\"931\" data-end=\"934\" \/>Le magn\u00e9tisme ne remplace pas un traitement m\u00e9dical, mais il l\u2019accompagne, en prenant soin de l\u2019\u00eatre dans sa globalit\u00e9.<\/p>\t\t\t\t\t\t\t\t<\/div>\n\t\t\t\t<\/div>\n\t\t\t\t<\/div>\n\t\t\t\t\t<\/div>\n\t\t\t\t<\/div>\n\t\t<div class=\"elementor-element elementor-element-f79f26b e-flex e-con-boxed e-con e-parent\" data-id=\"f79f26b\" data-element_type=\"container\" data-settings=\"{&quot;background_background&quot;:&quot;classic&quot;}\">\n\t\t\t\t\t<div class=\"e-con-inner\">\n\t\t<div class=\"elementor-element elementor-element-1a9ab3d e-con-full e-flex e-con e-child\" data-id=\"1a9ab3d\" data-element_type=\"container\">\n\t\t\t\t<div class=\"elementor-element elementor-element-399c730 elementor-widget elementor-widget-heading\" data-id=\"399c730\" data-element_type=\"widget\" data-widget_type=\"heading.default\">\n\t\t\t\t<div class=\"elementor-widget-container\">\n\t\t\t\t\t<h2 class=\"elementor-heading-title elementor-size-default\">Quels sont les bienfaits du magn\u00e9tisme ?<\/h2>\t\t\t\t<\/div>\n\t\t\t\t<\/div>\n\t\t\t\t<div class=\"elementor-element elementor-element-655cd28 elementor-widget elementor-widget-text-editor\" data-id=\"655cd28\" data-element_type=\"widget\" data-widget_type=\"text-editor.default\">\n\t\t\t\t<div class=\"elementor-widget-container\">\n\t\t\t\t\t\t\t\t\t<p>Le magn\u00e9tisme agit sur plusieurs plans : physique, \u00e9motionnel, mental et \u00e9nerg\u00e9tique. Il peut apporter un r\u00e9el soulagement et un profond mieux-\u00eatre.<\/p><p data-start=\"226\" data-end=\"430\">Voici quelques-uns de ses bienfaits les plus courants :<\/p><p data-start=\"226\" data-end=\"430\"><strong style=\"font-size: 18px;\" data-start=\"437\" data-end=\"470\">Apaise le stress et l\u2019anxi\u00e9t\u00e9 : i<\/strong>l calme le mental, favorise le l\u00e2cher-prise et procure une sensation de paix int\u00e9rieure.<\/p><p data-start=\"568\" data-end=\"740\"><strong data-start=\"574\" data-end=\"598\">Soulage les douleurs : <\/strong>douleurs articulaires, maux de dos, migraines, troubles digestifs&#8230; Le magn\u00e9tisme aide \u00e0 lib\u00e9rer les tensions et \u00e0 att\u00e9nuer l\u2019inconfort.<\/p><p data-start=\"744\" data-end=\"877\"><strong data-start=\"747\" data-end=\"775\">R\u00e9\u00e9quilibre les \u00e9motions : <\/strong>il agit en douceur sur les blocages \u00e9motionnels, les chocs, la tristesse ou les col\u00e8res enfouies.<\/p><p data-start=\"881\" data-end=\"1012\"><strong data-start=\"884\" data-end=\"916\">Favorise un meilleur sommeil : <\/strong>en rel\u00e2chant le syst\u00e8me nerveux, il aide \u00e0 retrouver un sommeil plus profond et r\u00e9parateur.<\/p><p data-start=\"1016\" data-end=\"1132\"><strong data-start=\"1019\" data-end=\"1042\">Stimule la vitalit\u00e9 : <\/strong>il redonne de l\u2019\u00e9nergie, recentre, et permet de se reconnecter \u00e0 sa force int\u00e9rieure.<\/p><p data-start=\"1136\" data-end=\"1296\"><strong data-start=\"1139\" data-end=\"1165\">Harmonise les \u00e9nergies : <\/strong>le magn\u00e9tisme nettoie les charges n\u00e9gatives et remet en mouvement ce qui \u00e9tait fig\u00e9, pour une circulation fluide de l\u2019\u00e9nergie.<\/p><p><em><span style=\"font-weight: 400;\">Le magn\u00e9tisme permet une approche diff\u00e9rente et compl\u00e9mentaire de la m\u00e9decine occidentale mais ne remplace en aucun cas un diagnostic m\u00e9dical. Le magn\u00e9tisme ne s&rsquo;apparente pas \u00e0 une pratique m\u00e9dicale.<\/span><\/em><\/p>\t\t\t\t\t\t\t\t<\/div>\n\t\t\t\t<\/div>\n\t\t\t\t<\/div>\n\t\t\t\t\t<\/div>\n\t\t\t\t<\/div>\n\t\t\t\t<\/div>\n\t\t","protected":false},"excerpt":{"rendered":"<p>Magn\u00e9tisme Qu&rsquo;est-ce que le magn\u00e9tisme ? Le magn\u00e9tisme, une \u00e9nergie qui soulage et r\u00e9\u00e9quilibreLe magn\u00e9tisme repose sur un principe simple : tout est \u00e9nergie. Notre corps, nos \u00e9motions, nos pens\u00e9es, tout ce qui nous entoure. Lorsqu\u2019un d\u00e9s\u00e9quilibre s\u2019installe, fatigue, douleurs, stress, tensions \u00e9motionnelles, l\u2019\u00e9nergie ne circule plus harmonieusement.Le magn\u00e9tisme permet de r\u00e9tablir cette circulation en [&hellip;]<\/p>\n","protected":false},"author":1,"featured_media":0,"parent":0,"menu_order":0,"comment_status":"closed","ping_status":"closed","template":"","meta":{"footnotes":""},"class_list":["post-664","page","type-page","status-publish","hentry","entry","owp-thumbs-layout-horizontal","owp-btn-big","owp-tabs-layout-horizontal","has-no-thumbnails","has-product-nav"],"yoast_head":"<!-- This site is optimized with the Yoast SEO plugin v25.9 - https:\/\/yoast.com\/wordpress\/plugins\/seo\/ -->\n<title>Magn\u00e9tisme - R\u00e9flexologieetcie<\/title>\n<meta name=\"robots\" content=\"index, follow, max-snippet:-1, max-image-preview:large, max-video-preview:-1\" \/>\n<link rel=\"canonical\" href=\"https:\/\/reflexologieetcie.fr\/index.php\/magnetisme\/\" \/>\n<meta property=\"og:locale\" content=\"fr_FR\" \/>\n<meta property=\"og:type\" content=\"article\" \/>\n<meta property=\"og:title\" content=\"Magn\u00e9tisme - R\u00e9flexologieetcie\" \/>\n<meta property=\"og:description\" content=\"Magn\u00e9tisme Qu&rsquo;est-ce que le magn\u00e9tisme ? Le magn\u00e9tisme, une \u00e9nergie qui soulage et r\u00e9\u00e9quilibreLe magn\u00e9tisme repose sur un principe simple : tout est \u00e9nergie. Notre corps, nos \u00e9motions, nos pens\u00e9es, tout ce qui nous entoure. Lorsqu\u2019un d\u00e9s\u00e9quilibre s\u2019installe, fatigue, douleurs, stress, tensions \u00e9motionnelles, l\u2019\u00e9nergie ne circule plus harmonieusement.Le magn\u00e9tisme permet de r\u00e9tablir cette circulation en [&hellip;]\" \/>\n<meta property=\"og:url\" content=\"https:\/\/reflexologieetcie.fr\/index.php\/magnetisme\/\" \/>\n<meta property=\"og:site_name\" content=\"R\u00e9flexologieetcie\" \/>\n<meta property=\"article:modified_time\" content=\"2025-06-24T08:30:00+00:00\" \/>\n<meta property=\"og:image\" content=\"https:\/\/reflexologieetcie.fr\/wp-content\/uploads\/2023\/11\/Magnetisme-reflexologieetcie-2-1024x684.jpg\" \/>\n<meta name=\"twitter:card\" content=\"summary_large_image\" \/>\n<meta name=\"twitter:label1\" content=\"Dur\u00e9e de lecture estim\u00e9e\" \/>\n\t<meta name=\"twitter:data1\" content=\"2 minutes\" \/>\n<script type=\"application\/ld+json\" class=\"yoast-schema-graph\">{\"@context\":\"https:\/\/schema.org\",\"@graph\":[{\"@type\":\"WebPage\",\"@id\":\"https:\/\/reflexologieetcie.fr\/index.php\/magnetisme\/\",\"url\":\"https:\/\/reflexologieetcie.fr\/index.php\/magnetisme\/\",\"name\":\"Magn\u00e9tisme - R\u00e9flexologieetcie\",\"isPartOf\":{\"@id\":\"https:\/\/reflexologieetcie.fr\/#website\"},\"primaryImageOfPage\":{\"@id\":\"https:\/\/reflexologieetcie.fr\/index.php\/magnetisme\/#primaryimage\"},\"image\":{\"@id\":\"https:\/\/reflexologieetcie.fr\/index.php\/magnetisme\/#primaryimage\"},\"thumbnailUrl\":\"https:\/\/reflexologieetcie.fr\/wp-content\/uploads\/2023\/11\/Magnetisme-reflexologieetcie-2-1024x684.jpg\",\"datePublished\":\"2023-11-08T09:51:46+00:00\",\"dateModified\":\"2025-06-24T08:30:00+00:00\",\"breadcrumb\":{\"@id\":\"https:\/\/reflexologieetcie.fr\/index.php\/magnetisme\/#breadcrumb\"},\"inLanguage\":\"fr-FR\",\"potentialAction\":[{\"@type\":\"ReadAction\",\"target\":[\"https:\/\/reflexologieetcie.fr\/index.php\/magnetisme\/\"]}]},{\"@type\":\"ImageObject\",\"inLanguage\":\"fr-FR\",\"@id\":\"https:\/\/reflexologieetcie.fr\/index.php\/magnetisme\/#primaryimage\",\"url\":\"https:\/\/reflexologieetcie.fr\/wp-content\/uploads\/2023\/11\/Magnetisme-reflexologieetcie-2.jpg\",\"contentUrl\":\"https:\/\/reflexologieetcie.fr\/wp-content\/uploads\/2023\/11\/Magnetisme-reflexologieetcie-2.jpg\",\"width\":1919,\"height\":1281},{\"@type\":\"BreadcrumbList\",\"@id\":\"https:\/\/reflexologieetcie.fr\/index.php\/magnetisme\/#breadcrumb\",\"itemListElement\":[{\"@type\":\"ListItem\",\"position\":1,\"name\":\"Accueil\",\"item\":\"https:\/\/reflexologieetcie.fr\/\"},{\"@type\":\"ListItem\",\"position\":2,\"name\":\"Magn\u00e9tisme\"}]},{\"@type\":\"WebSite\",\"@id\":\"https:\/\/reflexologieetcie.fr\/#website\",\"url\":\"https:\/\/reflexologieetcie.fr\/\",\"name\":\"R\u00e9flexologieetcie\",\"description\":\"Un site utilisant WordPress\",\"potentialAction\":[{\"@type\":\"SearchAction\",\"target\":{\"@type\":\"EntryPoint\",\"urlTemplate\":\"https:\/\/reflexologieetcie.fr\/?s={search_term_string}\"},\"query-input\":{\"@type\":\"PropertyValueSpecification\",\"valueRequired\":true,\"valueName\":\"search_term_string\"}}],\"inLanguage\":\"fr-FR\"}]}<\/script>\n<!-- \/ Yoast SEO plugin. -->","yoast_head_json":{"title":"Magn\u00e9tisme - R\u00e9flexologieetcie","robots":{"index":"index","follow":"follow","max-snippet":"max-snippet:-1","max-image-preview":"max-image-preview:large","max-video-preview":"max-video-preview:-1"},"canonical":"https:\/\/reflexologieetcie.fr\/index.php\/magnetisme\/","og_locale":"fr_FR","og_type":"article","og_title":"Magn\u00e9tisme - R\u00e9flexologieetcie","og_description":"Magn\u00e9tisme Qu&rsquo;est-ce que le magn\u00e9tisme ? Le magn\u00e9tisme, une \u00e9nergie qui soulage et r\u00e9\u00e9quilibreLe magn\u00e9tisme repose sur un principe simple : tout est \u00e9nergie. Notre corps, nos \u00e9motions, nos pens\u00e9es, tout ce qui nous entoure. Lorsqu\u2019un d\u00e9s\u00e9quilibre s\u2019installe, fatigue, douleurs, stress, tensions \u00e9motionnelles, l\u2019\u00e9nergie ne circule plus harmonieusement.Le magn\u00e9tisme permet de r\u00e9tablir cette circulation en [&hellip;]","og_url":"https:\/\/reflexologieetcie.fr\/index.php\/magnetisme\/","og_site_name":"R\u00e9flexologieetcie","article_modified_time":"2025-06-24T08:30:00+00:00","og_image":[{"url":"https:\/\/reflexologieetcie.fr\/wp-content\/uploads\/2023\/11\/Magnetisme-reflexologieetcie-2-1024x684.jpg","type":"","width":"","height":""}],"twitter_card":"summary_large_image","twitter_misc":{"Dur\u00e9e de lecture estim\u00e9e":"2 minutes"},"schema":{"@context":"https:\/\/schema.org","@graph":[{"@type":"WebPage","@id":"https:\/\/reflexologieetcie.fr\/index.php\/magnetisme\/","url":"https:\/\/reflexologieetcie.fr\/index.php\/magnetisme\/","name":"Magn\u00e9tisme - R\u00e9flexologieetcie","isPartOf":{"@id":"https:\/\/reflexologieetcie.fr\/#website"},"primaryImageOfPage":{"@id":"https:\/\/reflexologieetcie.fr\/index.php\/magnetisme\/#primaryimage"},"image":{"@id":"https:\/\/reflexologieetcie.fr\/index.php\/magnetisme\/#primaryimage"},"thumbnailUrl":"https:\/\/reflexologieetcie.fr\/wp-content\/uploads\/2023\/11\/Magnetisme-reflexologieetcie-2-1024x684.jpg","datePublished":"2023-11-08T09:51:46+00:00","dateModified":"2025-06-24T08:30:00+00:00","breadcrumb":{"@id":"https:\/\/reflexologieetcie.fr\/index.php\/magnetisme\/#breadcrumb"},"inLanguage":"fr-FR","potentialAction":[{"@type":"ReadAction","target":["https:\/\/reflexologieetcie.fr\/index.php\/magnetisme\/"]}]},{"@type":"ImageObject","inLanguage":"fr-FR","@id":"https:\/\/reflexologieetcie.fr\/index.php\/magnetisme\/#primaryimage","url":"https:\/\/reflexologieetcie.fr\/wp-content\/uploads\/2023\/11\/Magnetisme-reflexologieetcie-2.jpg","contentUrl":"https:\/\/reflexologieetcie.fr\/wp-content\/uploads\/2023\/11\/Magnetisme-reflexologieetcie-2.jpg","width":1919,"height":1281},{"@type":"BreadcrumbList","@id":"https:\/\/reflexologieetcie.fr\/index.php\/magnetisme\/#breadcrumb","itemListElement":[{"@type":"ListItem","position":1,"name":"Accueil","item":"https:\/\/reflexologieetcie.fr\/"},{"@type":"ListItem","position":2,"name":"Magn\u00e9tisme"}]},{"@type":"WebSite","@id":"https:\/\/reflexologieetcie.fr\/#website","url":"https:\/\/reflexologieetcie.fr\/","name":"R\u00e9flexologieetcie","description":"Un site utilisant WordPress","potentialAction":[{"@type":"SearchAction","target":{"@type":"EntryPoint","urlTemplate":"https:\/\/reflexologieetcie.fr\/?s={search_term_string}"},"query-input":{"@type":"PropertyValueSpecification","valueRequired":true,"valueName":"search_term_string"}}],"inLanguage":"fr-FR"}]}},"_links":{"self":[{"href":"https:\/\/reflexologieetcie.fr\/index.php\/wp-json\/wp\/v2\/pages\/664","targetHints":{"allow":["GET"]}}],"collection":[{"href":"https:\/\/reflexologieetcie.fr\/index.php\/wp-json\/wp\/v2\/pages"}],"about":[{"href":"https:\/\/reflexologieetcie.fr\/index.php\/wp-json\/wp\/v2\/types\/page"}],"author":[{"embeddable":true,"href":"https:\/\/reflexologieetcie.fr\/index.php\/wp-json\/wp\/v2\/users\/1"}],"replies":[{"embeddable":true,"href":"https:\/\/reflexologieetcie.fr\/index.php\/wp-json\/wp\/v2\/comments?post=664"}],"version-history":[{"count":43,"href":"https:\/\/reflexologieetcie.fr\/index.php\/wp-json\/wp\/v2\/pages\/664\/revisions"}],"predecessor-version":[{"id":2137,"href":"https:\/\/reflexologieetcie.fr\/index.php\/wp-json\/wp\/v2\/pages\/664\/revisions\/2137"}],"wp:attachment":[{"href":"https:\/\/reflexologieetcie.fr\/index.php\/wp-json\/wp\/v2\/media?parent=664"}],"curies":[{"name":"wp","href":"https:\/\/api.w.org\/{rel}","templated":true}]}}