{"id":669,"date":"2023-11-08T11:02:31","date_gmt":"2023-11-08T10:02:31","guid":{"rendered":"https:\/\/reflexologieetcie.fr\/?page_id=669"},"modified":"2025-06-24T10:39:01","modified_gmt":"2025-06-24T08:39:01","slug":"cartomancie","status":"publish","type":"page","link":"https:\/\/reflexologieetcie.fr\/index.php\/cartomancie\/","title":{"rendered":"Cartomancie"},"content":{"rendered":"\t\t<div data-elementor-type=\"wp-page\" data-elementor-id=\"669\" class=\"elementor elementor-669\">\n\t\t\t\t<div class=\"elementor-element elementor-element-367280b0 e-flex e-con-boxed e-con e-parent\" data-id=\"367280b0\" data-element_type=\"container\" data-settings=\"{&quot;background_background&quot;:&quot;classic&quot;}\">\n\t\t\t\t\t<div class=\"e-con-inner\">\n\t\t\t\t<div class=\"elementor-element elementor-element-17ecfd91 elementor-widget elementor-widget-heading\" data-id=\"17ecfd91\" data-element_type=\"widget\" data-widget_type=\"heading.default\">\n\t\t\t\t<div class=\"elementor-widget-container\">\n\t\t\t\t\t<h2 class=\"elementor-heading-title elementor-size-default\">Cartomancie<\/h2>\t\t\t\t<\/div>\n\t\t\t\t<\/div>\n\t\t\t\t\t<\/div>\n\t\t\t\t<\/div>\n\t\t<div class=\"elementor-element elementor-element-76f2e37 e-flex e-con-boxed e-con e-parent\" data-id=\"76f2e37\" data-element_type=\"container\">\n\t\t\t\t\t<div class=\"e-con-inner\">\n\t\t<div class=\"elementor-element elementor-element-882b6d5 e-con-full e-flex e-con e-child\" data-id=\"882b6d5\" data-element_type=\"container\">\n\t\t\t\t<div class=\"elementor-element elementor-element-92f2103 elementor-widget__width-initial elementor-widget elementor-widget-image\" data-id=\"92f2103\" data-element_type=\"widget\" data-widget_type=\"image.default\">\n\t\t\t\t<div class=\"elementor-widget-container\">\n\t\t\t\t\t\t\t\t\t\t\t\t\t\t\t<img fetchpriority=\"high\" decoding=\"async\" width=\"1536\" height=\"1024\" src=\"https:\/\/reflexologieetcie.fr\/wp-content\/uploads\/2023\/11\/Cartomancie-reflexologieetcie-2-1536x1024.jpg\" class=\"attachment-1536x1536 size-1536x1536 wp-image-967\" alt=\"\" srcset=\"https:\/\/reflexologieetcie.fr\/wp-content\/uploads\/2023\/11\/Cartomancie-reflexologieetcie-2-1536x1024.jpg 1536w, https:\/\/reflexologieetcie.fr\/wp-content\/uploads\/2023\/11\/Cartomancie-reflexologieetcie-2-600x400.jpg 600w, https:\/\/reflexologieetcie.fr\/wp-content\/uploads\/2023\/11\/Cartomancie-reflexologieetcie-2-300x200.jpg 300w, https:\/\/reflexologieetcie.fr\/wp-content\/uploads\/2023\/11\/Cartomancie-reflexologieetcie-2-1024x683.jpg 1024w, https:\/\/reflexologieetcie.fr\/wp-content\/uploads\/2023\/11\/Cartomancie-reflexologieetcie-2-768x512.jpg 768w, https:\/\/reflexologieetcie.fr\/wp-content\/uploads\/2023\/11\/Cartomancie-reflexologieetcie-2.jpg 1920w\" sizes=\"(max-width: 1536px) 100vw, 1536px\" \/>\t\t\t\t\t\t\t\t\t\t\t\t\t\t\t<\/div>\n\t\t\t\t<\/div>\n\t\t\t\t<div class=\"elementor-element elementor-element-7e28d7f elementor-widget elementor-widget-text-editor\" data-id=\"7e28d7f\" data-element_type=\"widget\" data-widget_type=\"text-editor.default\">\n\t\t\t\t<div class=\"elementor-widget-container\">\n\t\t\t\t\t\t\t\t\t<p data-start=\"309\" data-end=\"680\">La <strong data-start=\"379\" data-end=\"404\">cartomancie intuitive<\/strong> est un art de lecture symbolique et \u00e9nerg\u00e9tique, o\u00f9 chaque carte devient un miroir de votre vie int\u00e9rieure. Ici, pas de recettes toutes faites ni de pr\u00e9dictions fig\u00e9es. Je me connecte \u00e0 votre \u00e9nergie et laisse parler mon intuition, guid\u00e9e par les messages subtils des cartes.<\/p><p data-start=\"682\" data-end=\"936\">Lors d\u2019un tirage, ce qui \u00e9merge, ce sont des cl\u00e9s. Des \u00e9clairages sur une situation, des pistes pour avancer, des prises de conscience profondes. C\u2019est une invitation \u00e0 voir plus clair, \u00e0 entendre votre v\u00e9rit\u00e9 int\u00e9rieure, \u00e0 faire des choix en conscience.<\/p><p data-start=\"938\" data-end=\"1099\"><strong data-start=\"941\" data-end=\"1019\">Amour, travail, chemin de vie, d\u00e9cisions importantes, guidance spirituelle<\/strong>\u2026 Chaque s\u00e9ance est unique, centr\u00e9e sur ce que vous traversez ici et maintenant.<\/p><p data-start=\"1101\" data-end=\"1302\">La cartomancie, telle que je la pratique, est un <strong data-start=\"1150\" data-end=\"1183\">outil de transformation douce<\/strong>, un espace pour se reconnecter \u00e0 soi, recevoir du sens, de la clart\u00e9, et parfois\u2026 un petit coup de pouce de l\u2019univers.<\/p><p data-start=\"1224\" data-end=\"1325\">\ud83d\udccd Les s\u00e9ances peuvent se faire <strong data-start=\"1256\" data-end=\"1273\">en pr\u00e9sentiel<\/strong> ou <strong data-start=\"1277\" data-end=\"1300\">\u00e0 distance en visio<\/strong>, selon votre pr\u00e9f\u00e9rence.<\/p>\t\t\t\t\t\t\t\t<\/div>\n\t\t\t\t<\/div>\n\t\t\t\t<\/div>\n\t\t\t\t\t<\/div>\n\t\t\t\t<\/div>\n\t\t\t\t<\/div>\n\t\t","protected":false},"excerpt":{"rendered":"<p>Cartomancie La cartomancie intuitive est un art de lecture symbolique et \u00e9nerg\u00e9tique, o\u00f9 chaque carte devient un miroir de votre vie int\u00e9rieure. Ici, pas de recettes toutes faites ni de pr\u00e9dictions fig\u00e9es. Je me connecte \u00e0 votre \u00e9nergie et laisse parler mon intuition, guid\u00e9e par les messages subtils des cartes. Lors d\u2019un tirage, ce qui [&hellip;]<\/p>\n","protected":false},"author":1,"featured_media":0,"parent":0,"menu_order":0,"comment_status":"closed","ping_status":"closed","template":"","meta":{"footnotes":""},"class_list":["post-669","page","type-page","status-publish","hentry","entry","owp-thumbs-layout-horizontal","owp-btn-big","owp-tabs-layout-horizontal","has-no-thumbnails","has-product-nav"],"yoast_head":"<!-- This site is optimized with the Yoast SEO plugin v25.9 - https:\/\/yoast.com\/wordpress\/plugins\/seo\/ -->\n<title>Cartomancie | R\u00e9flexologie &amp; Cie<\/title>\n<meta name=\"description\" content=\"Vous vous int\u00e9ressez \u00e0 la cartomancie ? D\u00e9couvrez tout ce qu&#039;il faut savoir sur cette pratique avec R\u00e9flexologie &amp; Cie !\" \/>\n<meta name=\"robots\" content=\"index, follow, max-snippet:-1, max-image-preview:large, max-video-preview:-1\" \/>\n<link rel=\"canonical\" href=\"https:\/\/reflexologieetcie.fr\/index.php\/cartomancie\/\" \/>\n<meta property=\"og:locale\" content=\"fr_FR\" \/>\n<meta property=\"og:type\" content=\"article\" \/>\n<meta property=\"og:title\" content=\"Cartomancie | R\u00e9flexologie &amp; Cie\" \/>\n<meta property=\"og:description\" content=\"Vous vous int\u00e9ressez \u00e0 la cartomancie ? D\u00e9couvrez tout ce qu&#039;il faut savoir sur cette pratique avec R\u00e9flexologie &amp; Cie !\" \/>\n<meta property=\"og:url\" content=\"https:\/\/reflexologieetcie.fr\/index.php\/cartomancie\/\" \/>\n<meta property=\"og:site_name\" content=\"R\u00e9flexologieetcie\" \/>\n<meta property=\"article:modified_time\" content=\"2025-06-24T08:39:01+00:00\" \/>\n<meta property=\"og:image\" content=\"https:\/\/reflexologieetcie.fr\/wp-content\/uploads\/2023\/11\/Cartomancie-reflexologieetcie-2-1536x1024.jpg\" \/>\n<meta name=\"twitter:card\" content=\"summary_large_image\" \/>\n<meta name=\"twitter:label1\" content=\"Dur\u00e9e de lecture estim\u00e9e\" \/>\n\t<meta name=\"twitter:data1\" content=\"2 minutes\" \/>\n<script type=\"application\/ld+json\" class=\"yoast-schema-graph\">{\"@context\":\"https:\/\/schema.org\",\"@graph\":[{\"@type\":\"WebPage\",\"@id\":\"https:\/\/reflexologieetcie.fr\/index.php\/cartomancie\/\",\"url\":\"https:\/\/reflexologieetcie.fr\/index.php\/cartomancie\/\",\"name\":\"Cartomancie | R\u00e9flexologie & Cie\",\"isPartOf\":{\"@id\":\"https:\/\/reflexologieetcie.fr\/#website\"},\"primaryImageOfPage\":{\"@id\":\"https:\/\/reflexologieetcie.fr\/index.php\/cartomancie\/#primaryimage\"},\"image\":{\"@id\":\"https:\/\/reflexologieetcie.fr\/index.php\/cartomancie\/#primaryimage\"},\"thumbnailUrl\":\"https:\/\/reflexologieetcie.fr\/wp-content\/uploads\/2023\/11\/Cartomancie-reflexologieetcie-2-1536x1024.jpg\",\"datePublished\":\"2023-11-08T10:02:31+00:00\",\"dateModified\":\"2025-06-24T08:39:01+00:00\",\"description\":\"Vous vous int\u00e9ressez \u00e0 la cartomancie ? D\u00e9couvrez tout ce qu'il faut savoir sur cette pratique avec R\u00e9flexologie & Cie !\",\"breadcrumb\":{\"@id\":\"https:\/\/reflexologieetcie.fr\/index.php\/cartomancie\/#breadcrumb\"},\"inLanguage\":\"fr-FR\",\"potentialAction\":[{\"@type\":\"ReadAction\",\"target\":[\"https:\/\/reflexologieetcie.fr\/index.php\/cartomancie\/\"]}]},{\"@type\":\"ImageObject\",\"inLanguage\":\"fr-FR\",\"@id\":\"https:\/\/reflexologieetcie.fr\/index.php\/cartomancie\/#primaryimage\",\"url\":\"https:\/\/reflexologieetcie.fr\/wp-content\/uploads\/2023\/11\/Cartomancie-reflexologieetcie-2.jpg\",\"contentUrl\":\"https:\/\/reflexologieetcie.fr\/wp-content\/uploads\/2023\/11\/Cartomancie-reflexologieetcie-2.jpg\",\"width\":1920,\"height\":1280},{\"@type\":\"BreadcrumbList\",\"@id\":\"https:\/\/reflexologieetcie.fr\/index.php\/cartomancie\/#breadcrumb\",\"itemListElement\":[{\"@type\":\"ListItem\",\"position\":1,\"name\":\"Accueil\",\"item\":\"https:\/\/reflexologieetcie.fr\/\"},{\"@type\":\"ListItem\",\"position\":2,\"name\":\"Cartomancie\"}]},{\"@type\":\"WebSite\",\"@id\":\"https:\/\/reflexologieetcie.fr\/#website\",\"url\":\"https:\/\/reflexologieetcie.fr\/\",\"name\":\"R\u00e9flexologieetcie\",\"description\":\"Un site utilisant WordPress\",\"potentialAction\":[{\"@type\":\"SearchAction\",\"target\":{\"@type\":\"EntryPoint\",\"urlTemplate\":\"https:\/\/reflexologieetcie.fr\/?s={search_term_string}\"},\"query-input\":{\"@type\":\"PropertyValueSpecification\",\"valueRequired\":true,\"valueName\":\"search_term_string\"}}],\"inLanguage\":\"fr-FR\"}]}<\/script>\n<!-- \/ Yoast SEO plugin. -->","yoast_head_json":{"title":"Cartomancie | R\u00e9flexologie & Cie","description":"Vous vous int\u00e9ressez \u00e0 la cartomancie ? D\u00e9couvrez tout ce qu'il faut savoir sur cette pratique avec R\u00e9flexologie & Cie !","robots":{"index":"index","follow":"follow","max-snippet":"max-snippet:-1","max-image-preview":"max-image-preview:large","max-video-preview":"max-video-preview:-1"},"canonical":"https:\/\/reflexologieetcie.fr\/index.php\/cartomancie\/","og_locale":"fr_FR","og_type":"article","og_title":"Cartomancie | R\u00e9flexologie & Cie","og_description":"Vous vous int\u00e9ressez \u00e0 la cartomancie ? D\u00e9couvrez tout ce qu'il faut savoir sur cette pratique avec R\u00e9flexologie & Cie !","og_url":"https:\/\/reflexologieetcie.fr\/index.php\/cartomancie\/","og_site_name":"R\u00e9flexologieetcie","article_modified_time":"2025-06-24T08:39:01+00:00","og_image":[{"url":"https:\/\/reflexologieetcie.fr\/wp-content\/uploads\/2023\/11\/Cartomancie-reflexologieetcie-2-1536x1024.jpg","type":"","width":"","height":""}],"twitter_card":"summary_large_image","twitter_misc":{"Dur\u00e9e de lecture estim\u00e9e":"2 minutes"},"schema":{"@context":"https:\/\/schema.org","@graph":[{"@type":"WebPage","@id":"https:\/\/reflexologieetcie.fr\/index.php\/cartomancie\/","url":"https:\/\/reflexologieetcie.fr\/index.php\/cartomancie\/","name":"Cartomancie | R\u00e9flexologie & Cie","isPartOf":{"@id":"https:\/\/reflexologieetcie.fr\/#website"},"primaryImageOfPage":{"@id":"https:\/\/reflexologieetcie.fr\/index.php\/cartomancie\/#primaryimage"},"image":{"@id":"https:\/\/reflexologieetcie.fr\/index.php\/cartomancie\/#primaryimage"},"thumbnailUrl":"https:\/\/reflexologieetcie.fr\/wp-content\/uploads\/2023\/11\/Cartomancie-reflexologieetcie-2-1536x1024.jpg","datePublished":"2023-11-08T10:02:31+00:00","dateModified":"2025-06-24T08:39:01+00:00","description":"Vous vous int\u00e9ressez \u00e0 la cartomancie ? D\u00e9couvrez tout ce qu'il faut savoir sur cette pratique avec R\u00e9flexologie & Cie !","breadcrumb":{"@id":"https:\/\/reflexologieetcie.fr\/index.php\/cartomancie\/#breadcrumb"},"inLanguage":"fr-FR","potentialAction":[{"@type":"ReadAction","target":["https:\/\/reflexologieetcie.fr\/index.php\/cartomancie\/"]}]},{"@type":"ImageObject","inLanguage":"fr-FR","@id":"https:\/\/reflexologieetcie.fr\/index.php\/cartomancie\/#primaryimage","url":"https:\/\/reflexologieetcie.fr\/wp-content\/uploads\/2023\/11\/Cartomancie-reflexologieetcie-2.jpg","contentUrl":"https:\/\/reflexologieetcie.fr\/wp-content\/uploads\/2023\/11\/Cartomancie-reflexologieetcie-2.jpg","width":1920,"height":1280},{"@type":"BreadcrumbList","@id":"https:\/\/reflexologieetcie.fr\/index.php\/cartomancie\/#breadcrumb","itemListElement":[{"@type":"ListItem","position":1,"name":"Accueil","item":"https:\/\/reflexologieetcie.fr\/"},{"@type":"ListItem","position":2,"name":"Cartomancie"}]},{"@type":"WebSite","@id":"https:\/\/reflexologieetcie.fr\/#website","url":"https:\/\/reflexologieetcie.fr\/","name":"R\u00e9flexologieetcie","description":"Un site utilisant WordPress","potentialAction":[{"@type":"SearchAction","target":{"@type":"EntryPoint","urlTemplate":"https:\/\/reflexologieetcie.fr\/?s={search_term_string}"},"query-input":{"@type":"PropertyValueSpecification","valueRequired":true,"valueName":"search_term_string"}}],"inLanguage":"fr-FR"}]}},"_links":{"self":[{"href":"https:\/\/reflexologieetcie.fr\/index.php\/wp-json\/wp\/v2\/pages\/669","targetHints":{"allow":["GET"]}}],"collection":[{"href":"https:\/\/reflexologieetcie.fr\/index.php\/wp-json\/wp\/v2\/pages"}],"about":[{"href":"https:\/\/reflexologieetcie.fr\/index.php\/wp-json\/wp\/v2\/types\/page"}],"author":[{"embeddable":true,"href":"https:\/\/reflexologieetcie.fr\/index.php\/wp-json\/wp\/v2\/users\/1"}],"replies":[{"embeddable":true,"href":"https:\/\/reflexologieetcie.fr\/index.php\/wp-json\/wp\/v2\/comments?post=669"}],"version-history":[{"count":25,"href":"https:\/\/reflexologieetcie.fr\/index.php\/wp-json\/wp\/v2\/pages\/669\/revisions"}],"predecessor-version":[{"id":2158,"href":"https:\/\/reflexologieetcie.fr\/index.php\/wp-json\/wp\/v2\/pages\/669\/revisions\/2158"}],"wp:attachment":[{"href":"https:\/\/reflexologieetcie.fr\/index.php\/wp-json\/wp\/v2\/media?parent=669"}],"curies":[{"name":"wp","href":"https:\/\/api.w.org\/{rel}","templated":true}]}}