{"id":679,"date":"2023-11-08T13:23:34","date_gmt":"2023-11-08T12:23:34","guid":{"rendered":"https:\/\/reflexologieetcie.fr\/?page_id=679"},"modified":"2024-01-05T11:46:36","modified_gmt":"2024-01-05T10:46:36","slug":"massage-corporel-enfant","status":"publish","type":"page","link":"https:\/\/reflexologieetcie.fr\/index.php\/massage-corporel-enfant\/","title":{"rendered":"Massage corporel enfant"},"content":{"rendered":"\t\t<div data-elementor-type=\"wp-page\" data-elementor-id=\"679\" class=\"elementor elementor-679\">\n\t\t\t\t<div class=\"elementor-element elementor-element-23b45765 e-flex e-con-boxed e-con e-parent\" data-id=\"23b45765\" data-element_type=\"container\" data-settings=\"{&quot;background_background&quot;:&quot;classic&quot;}\">\n\t\t\t\t\t<div class=\"e-con-inner\">\n\t\t\t\t<div class=\"elementor-element elementor-element-2b5740e7 elementor-widget elementor-widget-heading\" data-id=\"2b5740e7\" data-element_type=\"widget\" data-widget_type=\"heading.default\">\n\t\t\t\t<div class=\"elementor-widget-container\">\n\t\t\t\t\t<h2 class=\"elementor-heading-title elementor-size-default\">Massage corporel enfant<\/h2>\t\t\t\t<\/div>\n\t\t\t\t<\/div>\n\t\t\t\t\t<\/div>\n\t\t\t\t<\/div>\n\t\t<div class=\"elementor-element elementor-element-59cc6a0 e-flex e-con-boxed e-con e-parent\" data-id=\"59cc6a0\" data-element_type=\"container\">\n\t\t\t\t\t<div class=\"e-con-inner\">\n\t\t<div class=\"elementor-element elementor-element-54200f1 e-con-full e-flex e-con e-child\" data-id=\"54200f1\" data-element_type=\"container\">\n\t\t\t\t<div class=\"elementor-element elementor-element-7429cca elementor-widget elementor-widget-image\" data-id=\"7429cca\" data-element_type=\"widget\" data-widget_type=\"image.default\">\n\t\t\t\t<div class=\"elementor-widget-container\">\n\t\t\t\t\t\t\t\t\t\t\t\t\t\t\t<img fetchpriority=\"high\" decoding=\"async\" width=\"683\" height=\"1024\" src=\"https:\/\/reflexologieetcie.fr\/wp-content\/uploads\/2023\/11\/Massage-corporel-enfant-683x1024.jpg\" class=\"attachment-large size-large wp-image-1009\" alt=\"\" srcset=\"https:\/\/reflexologieetcie.fr\/wp-content\/uploads\/2023\/11\/Massage-corporel-enfant-683x1024.jpg 683w, https:\/\/reflexologieetcie.fr\/wp-content\/uploads\/2023\/11\/Massage-corporel-enfant-600x900.jpg 600w, https:\/\/reflexologieetcie.fr\/wp-content\/uploads\/2023\/11\/Massage-corporel-enfant-200x300.jpg 200w, https:\/\/reflexologieetcie.fr\/wp-content\/uploads\/2023\/11\/Massage-corporel-enfant-768x1152.jpg 768w, https:\/\/reflexologieetcie.fr\/wp-content\/uploads\/2023\/11\/Massage-corporel-enfant-1024x1536.jpg 1024w, https:\/\/reflexologieetcie.fr\/wp-content\/uploads\/2023\/11\/Massage-corporel-enfant.jpg 1280w\" sizes=\"(max-width: 683px) 100vw, 683px\" \/>\t\t\t\t\t\t\t\t\t\t\t\t\t\t\t<\/div>\n\t\t\t\t<\/div>\n\t\t\t\t<\/div>\n\t\t<div class=\"elementor-element elementor-element-affb094 e-con-full e-flex e-con e-child\" data-id=\"affb094\" data-element_type=\"container\">\n\t\t\t\t<div class=\"elementor-element elementor-element-d1bed8b elementor-widget elementor-widget-heading\" data-id=\"d1bed8b\" data-element_type=\"widget\" data-widget_type=\"heading.default\">\n\t\t\t\t<div class=\"elementor-widget-container\">\n\t\t\t\t\t<h2 class=\"elementor-heading-title elementor-size-default\">Apprenez \u00e0 masser votre enfant<\/h2>\t\t\t\t<\/div>\n\t\t\t\t<\/div>\n\t\t\t\t<div class=\"elementor-element elementor-element-7899d90 elementor-widget elementor-widget-text-editor\" data-id=\"7899d90\" data-element_type=\"widget\" data-widget_type=\"text-editor.default\">\n\t\t\t\t<div class=\"elementor-widget-container\">\n\t\t\t\t\t\t\t\t\t<p><span style=\"font-weight: 400;\">Le massage corporel aide les parents \u00e0 mieux d\u00e9tecter les signes \u00e9mis par leur b\u00e9b\u00e9 (langage non verbal, gestes, pleurs et les cris).<\/span><\/p><p><span style=\"font-weight: 400;\">Ce massage est \u00e9galement un moyen extraordinaire pour aider les parents qui ont un b\u00e9b\u00e9 dont l&rsquo;attention et le besoin seront particuliers (handicaps, pr\u00e9matur\u00e9s, souffrant de coliques, orphelins&#8230;).<\/span><\/p><p><span style=\"font-weight: 400;\">\u00a0Le massage corporel aide :<\/span><\/p><ul><li style=\"font-weight: 400;\" aria-level=\"1\"><span style=\"font-weight: 400;\">au d\u00e9veloppement c\u00e9r\u00e9bral et \u00e0 la conscience corporelle ;<\/span><\/li><li style=\"font-weight: 400;\" aria-level=\"1\"><span style=\"font-weight: 400;\">\u00e0 soulager les tensions et les petits malaises ;<\/span><\/li><li style=\"font-weight: 400;\" aria-level=\"1\"><span style=\"font-weight: 400;\">\u00e0 la concentration ;<\/span><\/li><li style=\"font-weight: 400;\" aria-level=\"1\"><span style=\"font-weight: 400;\">au renforcement de la relation parent\/enfant et favorise le lien d&rsquo;attachement ;<\/span><\/li><li style=\"font-weight: 400;\" aria-level=\"1\"><span style=\"font-weight: 400;\">\u00e0 communiquer de mani\u00e8re privil\u00e9gi\u00e9e avec son enfant.<\/span><\/li><\/ul><p>\u00a0<\/p>\t\t\t\t\t\t\t\t<\/div>\n\t\t\t\t<\/div>\n\t\t\t\t<\/div>\n\t\t<div class=\"elementor-element elementor-element-a2ccd4b e-con-full e-flex e-con e-child\" data-id=\"a2ccd4b\" data-element_type=\"container\">\n\t\t\t\t<div class=\"elementor-element elementor-element-f468dfc elementor-widget elementor-widget-image\" data-id=\"f468dfc\" data-element_type=\"widget\" data-widget_type=\"image.default\">\n\t\t\t\t<div class=\"elementor-widget-container\">\n\t\t\t\t\t\t\t\t\t\t\t\t\t\t\t<img decoding=\"async\" width=\"684\" height=\"1024\" src=\"https:\/\/reflexologieetcie.fr\/wp-content\/uploads\/2023\/11\/Massage-corporel-enfant-2-684x1024.jpg\" class=\"attachment-large size-large wp-image-1008\" alt=\"\" srcset=\"https:\/\/reflexologieetcie.fr\/wp-content\/uploads\/2023\/11\/Massage-corporel-enfant-2-684x1024.jpg 684w, https:\/\/reflexologieetcie.fr\/wp-content\/uploads\/2023\/11\/Massage-corporel-enfant-2-600x899.jpg 600w, https:\/\/reflexologieetcie.fr\/wp-content\/uploads\/2023\/11\/Massage-corporel-enfant-2-200x300.jpg 200w, https:\/\/reflexologieetcie.fr\/wp-content\/uploads\/2023\/11\/Massage-corporel-enfant-2-768x1150.jpg 768w, https:\/\/reflexologieetcie.fr\/wp-content\/uploads\/2023\/11\/Massage-corporel-enfant-2-1026x1536.jpg 1026w, https:\/\/reflexologieetcie.fr\/wp-content\/uploads\/2023\/11\/Massage-corporel-enfant-2.jpg 1280w\" sizes=\"(max-width: 684px) 100vw, 684px\" \/>\t\t\t\t\t\t\t\t\t\t\t\t\t\t\t<\/div>\n\t\t\t\t<\/div>\n\t\t\t\t<\/div>\n\t\t\t\t\t<\/div>\n\t\t\t\t<\/div>\n\t\t\t\t<\/div>\n\t\t","protected":false},"excerpt":{"rendered":"<p>Massage corporel enfant Apprenez \u00e0 masser votre enfant Le massage corporel aide les parents \u00e0 mieux d\u00e9tecter les signes \u00e9mis par leur b\u00e9b\u00e9 (langage non verbal, gestes, pleurs et les cris). Ce massage est \u00e9galement un moyen extraordinaire pour aider les parents qui ont un b\u00e9b\u00e9 dont l&rsquo;attention et le besoin seront particuliers (handicaps, pr\u00e9matur\u00e9s, [&hellip;]<\/p>\n","protected":false},"author":1,"featured_media":0,"parent":0,"menu_order":0,"comment_status":"closed","ping_status":"closed","template":"","meta":{"footnotes":""},"class_list":["post-679","page","type-page","status-publish","hentry","entry","owp-thumbs-layout-horizontal","owp-btn-big","owp-tabs-layout-horizontal","has-no-thumbnails","has-product-nav"],"yoast_head":"<!-- This site is optimized with the Yoast SEO plugin v25.9 - https:\/\/yoast.com\/wordpress\/plugins\/seo\/ -->\n<title>Massage corporel enfant - R\u00e9flexologieetcie<\/title>\n<meta name=\"robots\" content=\"index, follow, max-snippet:-1, max-image-preview:large, max-video-preview:-1\" \/>\n<link rel=\"canonical\" href=\"https:\/\/reflexologieetcie.fr\/index.php\/massage-corporel-enfant\/\" \/>\n<meta property=\"og:locale\" content=\"fr_FR\" \/>\n<meta property=\"og:type\" content=\"article\" \/>\n<meta property=\"og:title\" content=\"Massage corporel enfant - R\u00e9flexologieetcie\" \/>\n<meta property=\"og:description\" content=\"Massage corporel enfant Apprenez \u00e0 masser votre enfant Le massage corporel aide les parents \u00e0 mieux d\u00e9tecter les signes \u00e9mis par leur b\u00e9b\u00e9 (langage non verbal, gestes, pleurs et les cris). Ce massage est \u00e9galement un moyen extraordinaire pour aider les parents qui ont un b\u00e9b\u00e9 dont l&rsquo;attention et le besoin seront particuliers (handicaps, pr\u00e9matur\u00e9s, [&hellip;]\" \/>\n<meta property=\"og:url\" content=\"https:\/\/reflexologieetcie.fr\/index.php\/massage-corporel-enfant\/\" \/>\n<meta property=\"og:site_name\" content=\"R\u00e9flexologieetcie\" \/>\n<meta property=\"article:modified_time\" content=\"2024-01-05T10:46:36+00:00\" \/>\n<meta property=\"og:image\" content=\"https:\/\/reflexologieetcie.fr\/wp-content\/uploads\/2023\/11\/Massage-corporel-enfant-683x1024.jpg\" \/>\n<meta name=\"twitter:card\" content=\"summary_large_image\" \/>\n<meta name=\"twitter:label1\" content=\"Dur\u00e9e de lecture estim\u00e9e\" \/>\n\t<meta name=\"twitter:data1\" content=\"1 minute\" \/>\n<script type=\"application\/ld+json\" class=\"yoast-schema-graph\">{\"@context\":\"https:\/\/schema.org\",\"@graph\":[{\"@type\":\"WebPage\",\"@id\":\"https:\/\/reflexologieetcie.fr\/index.php\/massage-corporel-enfant\/\",\"url\":\"https:\/\/reflexologieetcie.fr\/index.php\/massage-corporel-enfant\/\",\"name\":\"Massage corporel enfant - R\u00e9flexologieetcie\",\"isPartOf\":{\"@id\":\"https:\/\/reflexologieetcie.fr\/#website\"},\"primaryImageOfPage\":{\"@id\":\"https:\/\/reflexologieetcie.fr\/index.php\/massage-corporel-enfant\/#primaryimage\"},\"image\":{\"@id\":\"https:\/\/reflexologieetcie.fr\/index.php\/massage-corporel-enfant\/#primaryimage\"},\"thumbnailUrl\":\"https:\/\/reflexologieetcie.fr\/wp-content\/uploads\/2023\/11\/Massage-corporel-enfant-683x1024.jpg\",\"datePublished\":\"2023-11-08T12:23:34+00:00\",\"dateModified\":\"2024-01-05T10:46:36+00:00\",\"breadcrumb\":{\"@id\":\"https:\/\/reflexologieetcie.fr\/index.php\/massage-corporel-enfant\/#breadcrumb\"},\"inLanguage\":\"fr-FR\",\"potentialAction\":[{\"@type\":\"ReadAction\",\"target\":[\"https:\/\/reflexologieetcie.fr\/index.php\/massage-corporel-enfant\/\"]}]},{\"@type\":\"ImageObject\",\"inLanguage\":\"fr-FR\",\"@id\":\"https:\/\/reflexologieetcie.fr\/index.php\/massage-corporel-enfant\/#primaryimage\",\"url\":\"https:\/\/reflexologieetcie.fr\/wp-content\/uploads\/2023\/11\/Massage-corporel-enfant.jpg\",\"contentUrl\":\"https:\/\/reflexologieetcie.fr\/wp-content\/uploads\/2023\/11\/Massage-corporel-enfant.jpg\",\"width\":1280,\"height\":1920},{\"@type\":\"BreadcrumbList\",\"@id\":\"https:\/\/reflexologieetcie.fr\/index.php\/massage-corporel-enfant\/#breadcrumb\",\"itemListElement\":[{\"@type\":\"ListItem\",\"position\":1,\"name\":\"Accueil\",\"item\":\"https:\/\/reflexologieetcie.fr\/\"},{\"@type\":\"ListItem\",\"position\":2,\"name\":\"Massage corporel enfant\"}]},{\"@type\":\"WebSite\",\"@id\":\"https:\/\/reflexologieetcie.fr\/#website\",\"url\":\"https:\/\/reflexologieetcie.fr\/\",\"name\":\"R\u00e9flexologieetcie\",\"description\":\"Un site utilisant WordPress\",\"potentialAction\":[{\"@type\":\"SearchAction\",\"target\":{\"@type\":\"EntryPoint\",\"urlTemplate\":\"https:\/\/reflexologieetcie.fr\/?s={search_term_string}\"},\"query-input\":{\"@type\":\"PropertyValueSpecification\",\"valueRequired\":true,\"valueName\":\"search_term_string\"}}],\"inLanguage\":\"fr-FR\"}]}<\/script>\n<!-- \/ Yoast SEO plugin. -->","yoast_head_json":{"title":"Massage corporel enfant - R\u00e9flexologieetcie","robots":{"index":"index","follow":"follow","max-snippet":"max-snippet:-1","max-image-preview":"max-image-preview:large","max-video-preview":"max-video-preview:-1"},"canonical":"https:\/\/reflexologieetcie.fr\/index.php\/massage-corporel-enfant\/","og_locale":"fr_FR","og_type":"article","og_title":"Massage corporel enfant - R\u00e9flexologieetcie","og_description":"Massage corporel enfant Apprenez \u00e0 masser votre enfant Le massage corporel aide les parents \u00e0 mieux d\u00e9tecter les signes \u00e9mis par leur b\u00e9b\u00e9 (langage non verbal, gestes, pleurs et les cris). Ce massage est \u00e9galement un moyen extraordinaire pour aider les parents qui ont un b\u00e9b\u00e9 dont l&rsquo;attention et le besoin seront particuliers (handicaps, pr\u00e9matur\u00e9s, [&hellip;]","og_url":"https:\/\/reflexologieetcie.fr\/index.php\/massage-corporel-enfant\/","og_site_name":"R\u00e9flexologieetcie","article_modified_time":"2024-01-05T10:46:36+00:00","og_image":[{"url":"https:\/\/reflexologieetcie.fr\/wp-content\/uploads\/2023\/11\/Massage-corporel-enfant-683x1024.jpg","type":"","width":"","height":""}],"twitter_card":"summary_large_image","twitter_misc":{"Dur\u00e9e de lecture estim\u00e9e":"1 minute"},"schema":{"@context":"https:\/\/schema.org","@graph":[{"@type":"WebPage","@id":"https:\/\/reflexologieetcie.fr\/index.php\/massage-corporel-enfant\/","url":"https:\/\/reflexologieetcie.fr\/index.php\/massage-corporel-enfant\/","name":"Massage corporel enfant - R\u00e9flexologieetcie","isPartOf":{"@id":"https:\/\/reflexologieetcie.fr\/#website"},"primaryImageOfPage":{"@id":"https:\/\/reflexologieetcie.fr\/index.php\/massage-corporel-enfant\/#primaryimage"},"image":{"@id":"https:\/\/reflexologieetcie.fr\/index.php\/massage-corporel-enfant\/#primaryimage"},"thumbnailUrl":"https:\/\/reflexologieetcie.fr\/wp-content\/uploads\/2023\/11\/Massage-corporel-enfant-683x1024.jpg","datePublished":"2023-11-08T12:23:34+00:00","dateModified":"2024-01-05T10:46:36+00:00","breadcrumb":{"@id":"https:\/\/reflexologieetcie.fr\/index.php\/massage-corporel-enfant\/#breadcrumb"},"inLanguage":"fr-FR","potentialAction":[{"@type":"ReadAction","target":["https:\/\/reflexologieetcie.fr\/index.php\/massage-corporel-enfant\/"]}]},{"@type":"ImageObject","inLanguage":"fr-FR","@id":"https:\/\/reflexologieetcie.fr\/index.php\/massage-corporel-enfant\/#primaryimage","url":"https:\/\/reflexologieetcie.fr\/wp-content\/uploads\/2023\/11\/Massage-corporel-enfant.jpg","contentUrl":"https:\/\/reflexologieetcie.fr\/wp-content\/uploads\/2023\/11\/Massage-corporel-enfant.jpg","width":1280,"height":1920},{"@type":"BreadcrumbList","@id":"https:\/\/reflexologieetcie.fr\/index.php\/massage-corporel-enfant\/#breadcrumb","itemListElement":[{"@type":"ListItem","position":1,"name":"Accueil","item":"https:\/\/reflexologieetcie.fr\/"},{"@type":"ListItem","position":2,"name":"Massage corporel enfant"}]},{"@type":"WebSite","@id":"https:\/\/reflexologieetcie.fr\/#website","url":"https:\/\/reflexologieetcie.fr\/","name":"R\u00e9flexologieetcie","description":"Un site utilisant WordPress","potentialAction":[{"@type":"SearchAction","target":{"@type":"EntryPoint","urlTemplate":"https:\/\/reflexologieetcie.fr\/?s={search_term_string}"},"query-input":{"@type":"PropertyValueSpecification","valueRequired":true,"valueName":"search_term_string"}}],"inLanguage":"fr-FR"}]}},"_links":{"self":[{"href":"https:\/\/reflexologieetcie.fr\/index.php\/wp-json\/wp\/v2\/pages\/679","targetHints":{"allow":["GET"]}}],"collection":[{"href":"https:\/\/reflexologieetcie.fr\/index.php\/wp-json\/wp\/v2\/pages"}],"about":[{"href":"https:\/\/reflexologieetcie.fr\/index.php\/wp-json\/wp\/v2\/types\/page"}],"author":[{"embeddable":true,"href":"https:\/\/reflexologieetcie.fr\/index.php\/wp-json\/wp\/v2\/users\/1"}],"replies":[{"embeddable":true,"href":"https:\/\/reflexologieetcie.fr\/index.php\/wp-json\/wp\/v2\/comments?post=679"}],"version-history":[{"count":25,"href":"https:\/\/reflexologieetcie.fr\/index.php\/wp-json\/wp\/v2\/pages\/679\/revisions"}],"predecessor-version":[{"id":1847,"href":"https:\/\/reflexologieetcie.fr\/index.php\/wp-json\/wp\/v2\/pages\/679\/revisions\/1847"}],"wp:attachment":[{"href":"https:\/\/reflexologieetcie.fr\/index.php\/wp-json\/wp\/v2\/media?parent=679"}],"curies":[{"name":"wp","href":"https:\/\/api.w.org\/{rel}","templated":true}]}}