{"id":684,"date":"2023-11-08T13:24:47","date_gmt":"2023-11-08T12:24:47","guid":{"rendered":"https:\/\/reflexologieetcie.fr\/?page_id=684"},"modified":"2025-07-28T14:47:24","modified_gmt":"2025-07-28T12:47:24","slug":"seances-bien-etre","status":"publish","type":"page","link":"https:\/\/reflexologieetcie.fr\/index.php\/seances-bien-etre\/","title":{"rendered":"Soins \u00ab\u00a0bien-\u00eatre\u00a0\u00bb"},"content":{"rendered":"\t\t<div data-elementor-type=\"wp-page\" data-elementor-id=\"684\" class=\"elementor elementor-684\">\n\t\t\t\t<div class=\"elementor-element elementor-element-712edd70 e-flex e-con-boxed e-con e-parent\" data-id=\"712edd70\" data-element_type=\"container\" data-settings=\"{&quot;background_background&quot;:&quot;classic&quot;}\">\n\t\t\t\t\t<div class=\"e-con-inner\">\n\t\t\t\t<div class=\"elementor-element elementor-element-b5d6327 elementor-widget elementor-widget-heading\" data-id=\"b5d6327\" data-element_type=\"widget\" data-widget_type=\"heading.default\">\n\t\t\t\t<div class=\"elementor-widget-container\">\n\t\t\t\t\t<h2 class=\"elementor-heading-title elementor-size-default\">Soins \"bien-\u00eatre\"<\/h2>\t\t\t\t<\/div>\n\t\t\t\t<\/div>\n\t\t\t\t\t<\/div>\n\t\t\t\t<\/div>\n\t\t<div class=\"elementor-element elementor-element-d3c4613 e-flex e-con-boxed e-con e-parent\" data-id=\"d3c4613\" data-element_type=\"container\">\n\t\t\t\t\t<div class=\"e-con-inner\">\n\t\t<div class=\"elementor-element elementor-element-e16ecc5 e-con-full e-flex e-con e-child\" data-id=\"e16ecc5\" data-element_type=\"container\" data-settings=\"{&quot;background_background&quot;:&quot;classic&quot;}\">\n\t\t\t\t<div class=\"elementor-element elementor-element-8138474 elementor-widget elementor-widget-heading\" data-id=\"8138474\" data-element_type=\"widget\" data-widget_type=\"heading.default\">\n\t\t\t\t<div class=\"elementor-widget-container\">\n\t\t\t\t\t<h2 class=\"elementor-heading-title elementor-size-default\">Les bienfaits d'un massage des pieds<\/h2>\t\t\t\t<\/div>\n\t\t\t\t<\/div>\n\t\t\t\t<div class=\"elementor-element elementor-element-9c04590 elementor-widget elementor-widget-text-editor\" data-id=\"9c04590\" data-element_type=\"widget\" data-widget_type=\"text-editor.default\">\n\t\t\t\t<div class=\"elementor-widget-container\">\n\t\t\t\t\t\t\t\t\t<p><span style=\"font-weight: 400;\">Sur nos pieds repose toute la charge corporelle, tout au long de la journ\u00e9e, ce qui n&rsquo;est pas rien !<\/span><\/p><p><span style=\"font-weight: 400;\">Pourtant nos pieds n&rsquo;ont g\u00e9n\u00e9ralement pas l&rsquo;occasion de respirer \u00e0 cause des chaussures, raison pour laquelle il est n\u00e9cessaire de les masser r\u00e9guli\u00e8rement, pour leur offrir un moment de relaxation amplement m\u00e9rit\u00e9<\/span><\/p><p><span style=\"font-weight: 400;\">Le massage des pieds est stimulant, relaxant et r\u00e9\u00e9quilibrant. Le pied est compos\u00e9 de 7 200 terminaisons nerveuses reli\u00e9es \u00e0 toutes les parties du corps.<\/span><\/p><p>\u00a0<\/p>\t\t\t\t\t\t\t\t<\/div>\n\t\t\t\t<\/div>\n\t\t\t\t<\/div>\n\t\t<div class=\"elementor-element elementor-element-92df194 e-con-full e-flex e-con e-child\" data-id=\"92df194\" data-element_type=\"container\" data-settings=\"{&quot;background_background&quot;:&quot;classic&quot;}\">\n\t\t\t\t<div class=\"elementor-element elementor-element-c19a81c elementor-widget elementor-widget-heading\" data-id=\"c19a81c\" data-element_type=\"widget\" data-widget_type=\"heading.default\">\n\t\t\t\t<div class=\"elementor-widget-container\">\n\t\t\t\t\t<h2 class=\"elementor-heading-title elementor-size-default\">Les bienfaits d'un massage des mains<\/h2>\t\t\t\t<\/div>\n\t\t\t\t<\/div>\n\t\t\t\t<div class=\"elementor-element elementor-element-d1a3b32 elementor-widget elementor-widget-text-editor\" data-id=\"d1a3b32\" data-element_type=\"widget\" data-widget_type=\"text-editor.default\">\n\t\t\t\t<div class=\"elementor-widget-container\">\n\t\t\t\t\t\t\t\t\t<p><span style=\"font-weight: 400;\">Toujours en mouvement et constamment sollicit\u00e9es, les mains sont indispensables \u00e0 notre quotidien. Elles m\u00e9ritent donc un soin sp\u00e9cifique et surtout un massage sp\u00e9cifique.&nbsp;<\/span><\/p>\n<p><span style=\"font-weight: 400;\">Les mains sont la repr\u00e9sentation miniature de notre corps. Elles renferment plus de 3 000 terminaisons nerveuses qui sont en relation avec tout l&rsquo;organisme.&nbsp;<\/span><\/p>\n<p><span style=\"font-weight: 400;\">Un massage des mains poss\u00e8de de nombreuses vertus :<\/span><\/p>\n<ul>\n<li style=\"font-weight: 400;\" aria-level=\"1\"><span style=\"font-weight: 400;\">plus de souplesse des mains et des doigts ;<\/span><\/li>\n<li style=\"font-weight: 400;\" aria-level=\"1\"><span style=\"font-weight: 400;\">un soulagement des douleurs au niveau des ligaments et des tendons ;<\/span><\/li>\n<li style=\"font-weight: 400;\" aria-level=\"1\"><span style=\"font-weight: 400;\">une stimulation des nerfs reli\u00e9s \u00e0 certains organes ;<\/span><\/li>\n<li style=\"font-weight: 400;\" aria-level=\"1\"><span style=\"font-weight: 400;\">une \u00e9vacuation du stress ;<\/span><\/li>\n<li style=\"font-weight: 400;\" aria-level=\"1\"><span style=\"font-weight: 400;\">une sensation de bien-\u00eatre, de d\u00e9tente et de calme.<\/span><\/li>\n<\/ul>\t\t\t\t\t\t\t\t<\/div>\n\t\t\t\t<\/div>\n\t\t\t\t<\/div>\n\t\t<div class=\"elementor-element elementor-element-48ccac7 e-con-full e-flex e-con e-child\" data-id=\"48ccac7\" data-element_type=\"container\" data-settings=\"{&quot;background_background&quot;:&quot;classic&quot;}\">\n\t\t\t\t<div class=\"elementor-element elementor-element-6d8b509 elementor-widget elementor-widget-heading\" data-id=\"6d8b509\" data-element_type=\"widget\" data-widget_type=\"heading.default\">\n\t\t\t\t<div class=\"elementor-widget-container\">\n\t\t\t\t\t<h2 class=\"elementor-heading-title elementor-size-default\">Les bienfaits d'un massage cr\u00e2nien<\/h2>\t\t\t\t<\/div>\n\t\t\t\t<\/div>\n\t\t\t\t<div class=\"elementor-element elementor-element-a1af139 elementor-widget elementor-widget-text-editor\" data-id=\"a1af139\" data-element_type=\"widget\" data-widget_type=\"text-editor.default\">\n\t\t\t\t<div class=\"elementor-widget-container\">\n\t\t\t\t\t\t\t\t\t<p><span style=\"font-weight: 400;\">Le massage cr\u00e2nien issu de la tradition indienne est compos\u00e9 de gestes doux sur le cr\u00e2ne, la nuque, les \u00e9paules et les oreilles. Les troubles li\u00e9s au stress sont consid\u00e9rablement diminu\u00e9s.\u00a0<\/span><\/p><p><span style=\"font-weight: 400;\">V\u00e9ritable alli\u00e9 des moments de d\u00e9tente, le massage du cuir chevelu est reconnu pour ses bienfaits au niveau de la sant\u00e9 et de la vitalit\u00e9 du cheveu. En effet, les roulages et effleurements effectu\u00e9s adoucissent la peau et stimulent les racines : la chevelure poussera plus vite et gardera tout son volume et sa densit\u00e9.<\/span><\/p><p><span style=\"font-weight: 400;\">Les bienfaits du massage cr\u00e2nien :<\/span><\/p><ul><li style=\"font-weight: 400;\" aria-level=\"1\"><span style=\"font-weight: 400;\">effet relaxant ;<\/span><\/li><li style=\"font-weight: 400;\" aria-level=\"1\"><span style=\"font-weight: 400;\">\u00e9vacue les tensions ;<\/span><\/li><li style=\"font-weight: 400;\" aria-level=\"1\"><span style=\"font-weight: 400;\">baisse la sensibilit\u00e9 au stress ;<\/span><\/li><li style=\"font-weight: 400;\" aria-level=\"1\"><span style=\"font-weight: 400;\">am\u00e9liore le sommeil ;<\/span><\/li><li style=\"font-weight: 400;\" aria-level=\"1\"><span style=\"font-weight: 400;\">permet de diminuer ou \u00e9viter les maux de t\u00eate ou migraines ;<\/span><\/li><li style=\"font-weight: 400;\" aria-level=\"1\"><span style=\"font-weight: 400;\">diminue les acouph\u00e8nes ;<\/span><\/li><li style=\"font-weight: 400;\" aria-level=\"1\"><span style=\"font-weight: 400;\">stimule la concentration ;<\/span><\/li><li style=\"font-weight: 400;\" aria-level=\"1\"><span style=\"font-weight: 400;\">am\u00e9liore l&rsquo;aspect du cuir chevelu et des cheveux ;<\/span><\/li><li style=\"font-weight: 400;\" aria-level=\"1\"><span style=\"font-weight: 400;\">stimule la peau ;<\/span><\/li><li style=\"font-weight: 400;\" aria-level=\"1\"><span style=\"font-weight: 400;\">efficace sur les tensions musculaires de la nuque ;<\/span><\/li><li style=\"font-weight: 400;\" aria-level=\"1\"><span style=\"font-weight: 400;\">reconnecte le corps \u00e0 l&rsquo;esprit.<\/span><\/li><\/ul><p>\u00a0<\/p>\t\t\t\t\t\t\t\t<\/div>\n\t\t\t\t<\/div>\n\t\t\t\t<\/div>\n\t\t<div class=\"elementor-element elementor-element-5fc5eb0 e-con-full e-flex e-con e-child\" data-id=\"5fc5eb0\" data-element_type=\"container\" data-settings=\"{&quot;background_background&quot;:&quot;classic&quot;}\">\n\t\t\t\t<div class=\"elementor-element elementor-element-abefa96 elementor-widget elementor-widget-heading\" data-id=\"abefa96\" data-element_type=\"widget\" data-widget_type=\"heading.default\">\n\t\t\t\t<div class=\"elementor-widget-container\">\n\t\t\t\t\t<h2 class=\"elementor-heading-title elementor-size-default\">Les bienfaits d'un massage du visage<\/h2>\t\t\t\t<\/div>\n\t\t\t\t<\/div>\n\t\t\t\t<div class=\"elementor-element elementor-element-a9a3f3d elementor-widget elementor-widget-text-editor\" data-id=\"a9a3f3d\" data-element_type=\"widget\" data-widget_type=\"text-editor.default\">\n\t\t\t\t<div class=\"elementor-widget-container\">\n\t\t\t\t\t\t\t\t\t<p><span style=\"font-weight: 400;\">Le massage du visage est compos\u00e9 de mouvements circulaires et de gestes doux avec une huile bio et naturelle.\u00a0<\/span><\/p><p><span style=\"font-weight: 400;\">Ce massage associ\u00e9 au \u00ab\u00a0massage cr\u00e2nien\u00a0\u00bb apporte une relaxation profonde aux personnes souffrant de stress.<\/span><\/p><p><span style=\"font-weight: 400;\">Les bienfaits du massage du visage :<\/span><\/p><ul><li style=\"font-weight: 400;\" aria-level=\"1\"><span style=\"font-weight: 400;\">r\u00e9duit le stress, les tensions musculaires faciales et la fatigue ;<\/span><\/li><li style=\"font-weight: 400;\" aria-level=\"1\"><span style=\"font-weight: 400;\">am\u00e9liore le sommeil, la concentration et la productivit\u00e9 ;<\/span><\/li><li style=\"font-weight: 400;\" aria-level=\"1\"><span style=\"font-weight: 400;\">active la circulation lymphatique ;<\/span><\/li><li style=\"font-weight: 400;\" aria-level=\"1\"><span style=\"font-weight: 400;\">stimule la peau, vertus r\u00e9v\u00e9latrices de beaut\u00e9 ;<\/span><\/li><li style=\"font-weight: 400;\" aria-level=\"1\"><span style=\"font-weight: 400;\">r\u00e9duit les maux de t\u00eate et les migraines, les insomnies et la fatigue oculaire ;<\/span><\/li><li style=\"font-weight: 400;\" aria-level=\"1\"><span style=\"font-weight: 400;\">soulage le stress \u00e9motionnel, les sinusites ;<\/span><\/li><li style=\"font-weight: 400;\" aria-level=\"1\"><span style=\"font-weight: 400;\">apaise l&rsquo;angoisse ;<\/span><\/li><li style=\"font-weight: 400;\" aria-level=\"1\"><span style=\"font-weight: 400;\">\u00e9claircit les id\u00e9es et calme l&rsquo;esprit.<\/span><\/li><\/ul><p>\u00a0<\/p>\t\t\t\t\t\t\t\t<\/div>\n\t\t\t\t<\/div>\n\t\t\t\t<\/div>\n\t\t\t\t\t<\/div>\n\t\t\t\t<\/div>\n\t\t\t\t<\/div>\n\t\t","protected":false},"excerpt":{"rendered":"<p>Soins \u00ab\u00a0bien-\u00eatre\u00a0\u00bb Les bienfaits d&rsquo;un massage des pieds Sur nos pieds repose toute la charge corporelle, tout au long de la journ\u00e9e, ce qui n&rsquo;est pas rien ! Pourtant nos pieds n&rsquo;ont g\u00e9n\u00e9ralement pas l&rsquo;occasion de respirer \u00e0 cause des chaussures, raison pour laquelle il est n\u00e9cessaire de les masser r\u00e9guli\u00e8rement, pour leur offrir un [&hellip;]<\/p>\n","protected":false},"author":1,"featured_media":0,"parent":0,"menu_order":0,"comment_status":"closed","ping_status":"closed","template":"","meta":{"footnotes":""},"class_list":["post-684","page","type-page","status-publish","hentry","entry","owp-thumbs-layout-horizontal","owp-btn-big","owp-tabs-layout-horizontal","has-no-thumbnails","has-product-nav"],"yoast_head":"<!-- This site is optimized with the Yoast SEO plugin v25.9 - https:\/\/yoast.com\/wordpress\/plugins\/seo\/ -->\n<title>Soins &quot;bien-\u00eatre&quot; - R\u00e9flexologieetcie<\/title>\n<meta name=\"robots\" content=\"index, follow, max-snippet:-1, max-image-preview:large, max-video-preview:-1\" \/>\n<link rel=\"canonical\" href=\"https:\/\/reflexologieetcie.fr\/index.php\/seances-bien-etre\/\" \/>\n<meta property=\"og:locale\" content=\"fr_FR\" \/>\n<meta property=\"og:type\" content=\"article\" \/>\n<meta property=\"og:title\" content=\"Soins &quot;bien-\u00eatre&quot; - R\u00e9flexologieetcie\" \/>\n<meta property=\"og:description\" content=\"Soins \u00ab\u00a0bien-\u00eatre\u00a0\u00bb Les bienfaits d&rsquo;un massage des pieds Sur nos pieds repose toute la charge corporelle, tout au long de la journ\u00e9e, ce qui n&rsquo;est pas rien ! Pourtant nos pieds n&rsquo;ont g\u00e9n\u00e9ralement pas l&rsquo;occasion de respirer \u00e0 cause des chaussures, raison pour laquelle il est n\u00e9cessaire de les masser r\u00e9guli\u00e8rement, pour leur offrir un [&hellip;]\" \/>\n<meta property=\"og:url\" content=\"https:\/\/reflexologieetcie.fr\/index.php\/seances-bien-etre\/\" \/>\n<meta property=\"og:site_name\" content=\"R\u00e9flexologieetcie\" \/>\n<meta property=\"article:modified_time\" content=\"2025-07-28T12:47:24+00:00\" \/>\n<meta name=\"twitter:card\" content=\"summary_large_image\" \/>\n<meta name=\"twitter:label1\" content=\"Dur\u00e9e de lecture estim\u00e9e\" \/>\n\t<meta name=\"twitter:data1\" content=\"3 minutes\" \/>\n<script type=\"application\/ld+json\" class=\"yoast-schema-graph\">{\"@context\":\"https:\/\/schema.org\",\"@graph\":[{\"@type\":\"WebPage\",\"@id\":\"https:\/\/reflexologieetcie.fr\/index.php\/seances-bien-etre\/\",\"url\":\"https:\/\/reflexologieetcie.fr\/index.php\/seances-bien-etre\/\",\"name\":\"Soins \\\"bien-\u00eatre\\\" - R\u00e9flexologieetcie\",\"isPartOf\":{\"@id\":\"https:\/\/reflexologieetcie.fr\/#website\"},\"datePublished\":\"2023-11-08T12:24:47+00:00\",\"dateModified\":\"2025-07-28T12:47:24+00:00\",\"breadcrumb\":{\"@id\":\"https:\/\/reflexologieetcie.fr\/index.php\/seances-bien-etre\/#breadcrumb\"},\"inLanguage\":\"fr-FR\",\"potentialAction\":[{\"@type\":\"ReadAction\",\"target\":[\"https:\/\/reflexologieetcie.fr\/index.php\/seances-bien-etre\/\"]}]},{\"@type\":\"BreadcrumbList\",\"@id\":\"https:\/\/reflexologieetcie.fr\/index.php\/seances-bien-etre\/#breadcrumb\",\"itemListElement\":[{\"@type\":\"ListItem\",\"position\":1,\"name\":\"Accueil\",\"item\":\"https:\/\/reflexologieetcie.fr\/\"},{\"@type\":\"ListItem\",\"position\":2,\"name\":\"Soins \u00ab\u00a0bien-\u00eatre\u00a0\u00bb\"}]},{\"@type\":\"WebSite\",\"@id\":\"https:\/\/reflexologieetcie.fr\/#website\",\"url\":\"https:\/\/reflexologieetcie.fr\/\",\"name\":\"R\u00e9flexologieetcie\",\"description\":\"Un site utilisant WordPress\",\"potentialAction\":[{\"@type\":\"SearchAction\",\"target\":{\"@type\":\"EntryPoint\",\"urlTemplate\":\"https:\/\/reflexologieetcie.fr\/?s={search_term_string}\"},\"query-input\":{\"@type\":\"PropertyValueSpecification\",\"valueRequired\":true,\"valueName\":\"search_term_string\"}}],\"inLanguage\":\"fr-FR\"}]}<\/script>\n<!-- \/ Yoast SEO plugin. -->","yoast_head_json":{"title":"Soins \"bien-\u00eatre\" - R\u00e9flexologieetcie","robots":{"index":"index","follow":"follow","max-snippet":"max-snippet:-1","max-image-preview":"max-image-preview:large","max-video-preview":"max-video-preview:-1"},"canonical":"https:\/\/reflexologieetcie.fr\/index.php\/seances-bien-etre\/","og_locale":"fr_FR","og_type":"article","og_title":"Soins \"bien-\u00eatre\" - R\u00e9flexologieetcie","og_description":"Soins \u00ab\u00a0bien-\u00eatre\u00a0\u00bb Les bienfaits d&rsquo;un massage des pieds Sur nos pieds repose toute la charge corporelle, tout au long de la journ\u00e9e, ce qui n&rsquo;est pas rien ! Pourtant nos pieds n&rsquo;ont g\u00e9n\u00e9ralement pas l&rsquo;occasion de respirer \u00e0 cause des chaussures, raison pour laquelle il est n\u00e9cessaire de les masser r\u00e9guli\u00e8rement, pour leur offrir un [&hellip;]","og_url":"https:\/\/reflexologieetcie.fr\/index.php\/seances-bien-etre\/","og_site_name":"R\u00e9flexologieetcie","article_modified_time":"2025-07-28T12:47:24+00:00","twitter_card":"summary_large_image","twitter_misc":{"Dur\u00e9e de lecture estim\u00e9e":"3 minutes"},"schema":{"@context":"https:\/\/schema.org","@graph":[{"@type":"WebPage","@id":"https:\/\/reflexologieetcie.fr\/index.php\/seances-bien-etre\/","url":"https:\/\/reflexologieetcie.fr\/index.php\/seances-bien-etre\/","name":"Soins \"bien-\u00eatre\" - R\u00e9flexologieetcie","isPartOf":{"@id":"https:\/\/reflexologieetcie.fr\/#website"},"datePublished":"2023-11-08T12:24:47+00:00","dateModified":"2025-07-28T12:47:24+00:00","breadcrumb":{"@id":"https:\/\/reflexologieetcie.fr\/index.php\/seances-bien-etre\/#breadcrumb"},"inLanguage":"fr-FR","potentialAction":[{"@type":"ReadAction","target":["https:\/\/reflexologieetcie.fr\/index.php\/seances-bien-etre\/"]}]},{"@type":"BreadcrumbList","@id":"https:\/\/reflexologieetcie.fr\/index.php\/seances-bien-etre\/#breadcrumb","itemListElement":[{"@type":"ListItem","position":1,"name":"Accueil","item":"https:\/\/reflexologieetcie.fr\/"},{"@type":"ListItem","position":2,"name":"Soins \u00ab\u00a0bien-\u00eatre\u00a0\u00bb"}]},{"@type":"WebSite","@id":"https:\/\/reflexologieetcie.fr\/#website","url":"https:\/\/reflexologieetcie.fr\/","name":"R\u00e9flexologieetcie","description":"Un site utilisant WordPress","potentialAction":[{"@type":"SearchAction","target":{"@type":"EntryPoint","urlTemplate":"https:\/\/reflexologieetcie.fr\/?s={search_term_string}"},"query-input":{"@type":"PropertyValueSpecification","valueRequired":true,"valueName":"search_term_string"}}],"inLanguage":"fr-FR"}]}},"_links":{"self":[{"href":"https:\/\/reflexologieetcie.fr\/index.php\/wp-json\/wp\/v2\/pages\/684","targetHints":{"allow":["GET"]}}],"collection":[{"href":"https:\/\/reflexologieetcie.fr\/index.php\/wp-json\/wp\/v2\/pages"}],"about":[{"href":"https:\/\/reflexologieetcie.fr\/index.php\/wp-json\/wp\/v2\/types\/page"}],"author":[{"embeddable":true,"href":"https:\/\/reflexologieetcie.fr\/index.php\/wp-json\/wp\/v2\/users\/1"}],"replies":[{"embeddable":true,"href":"https:\/\/reflexologieetcie.fr\/index.php\/wp-json\/wp\/v2\/comments?post=684"}],"version-history":[{"count":107,"href":"https:\/\/reflexologieetcie.fr\/index.php\/wp-json\/wp\/v2\/pages\/684\/revisions"}],"predecessor-version":[{"id":2610,"href":"https:\/\/reflexologieetcie.fr\/index.php\/wp-json\/wp\/v2\/pages\/684\/revisions\/2610"}],"wp:attachment":[{"href":"https:\/\/reflexologieetcie.fr\/index.php\/wp-json\/wp\/v2\/media?parent=684"}],"curies":[{"name":"wp","href":"https:\/\/api.w.org\/{rel}","templated":true}]}}