{"id":727,"date":"2023-11-09T21:10:35","date_gmt":"2023-11-09T20:10:35","guid":{"rendered":"https:\/\/reflexologieetcie.fr\/?page_id=727"},"modified":"2024-01-05T11:56:08","modified_gmt":"2024-01-05T10:56:08","slug":"initiation-a-la-reflexologie","status":"publish","type":"page","link":"https:\/\/reflexologieetcie.fr\/index.php\/initiation-a-la-reflexologie\/","title":{"rendered":"Initiation \u00e0 la r\u00e9flexologie"},"content":{"rendered":"\t\t<div data-elementor-type=\"wp-page\" data-elementor-id=\"727\" class=\"elementor elementor-727\">\n\t\t\t\t<div class=\"elementor-element elementor-element-10c989f e-flex e-con-boxed e-con e-parent\" data-id=\"10c989f\" data-element_type=\"container\" data-settings=\"{&quot;background_background&quot;:&quot;classic&quot;}\">\n\t\t\t\t\t<div class=\"e-con-inner\">\n\t\t\t\t<div class=\"elementor-element elementor-element-7d1c0a6f elementor-widget elementor-widget-heading\" data-id=\"7d1c0a6f\" data-element_type=\"widget\" data-widget_type=\"heading.default\">\n\t\t\t\t<div class=\"elementor-widget-container\">\n\t\t\t\t\t<h2 class=\"elementor-heading-title elementor-size-default\">Initiation \u00e0 la r\u00e9flexologie<\/h2>\t\t\t\t<\/div>\n\t\t\t\t<\/div>\n\t\t\t\t\t<\/div>\n\t\t\t\t<\/div>\n\t\t<div class=\"elementor-element elementor-element-068b066 e-flex e-con-boxed e-con e-parent\" data-id=\"068b066\" data-element_type=\"container\">\n\t\t\t\t\t<div class=\"e-con-inner\">\n\t\t<div class=\"elementor-element elementor-element-af7ec42 e-con-full e-flex e-con e-child\" data-id=\"af7ec42\" data-element_type=\"container\">\n\t\t\t\t<div class=\"elementor-element elementor-element-0c4d925 elementor-widget elementor-widget-image\" data-id=\"0c4d925\" data-element_type=\"widget\" data-widget_type=\"image.default\">\n\t\t\t\t<div class=\"elementor-widget-container\">\n\t\t\t\t\t\t\t\t\t\t\t\t\t\t\t<img fetchpriority=\"high\" decoding=\"async\" width=\"1024\" height=\"576\" src=\"https:\/\/reflexologieetcie.fr\/wp-content\/uploads\/2023\/11\/Initiation-a-la-reflexologie-formations-reflexologieetcie-1024x576.jpg\" class=\"attachment-large size-large wp-image-1191\" alt=\"\" srcset=\"https:\/\/reflexologieetcie.fr\/wp-content\/uploads\/2023\/11\/Initiation-a-la-reflexologie-formations-reflexologieetcie-1024x576.jpg 1024w, https:\/\/reflexologieetcie.fr\/wp-content\/uploads\/2023\/11\/Initiation-a-la-reflexologie-formations-reflexologieetcie-600x338.jpg 600w, https:\/\/reflexologieetcie.fr\/wp-content\/uploads\/2023\/11\/Initiation-a-la-reflexologie-formations-reflexologieetcie-300x169.jpg 300w, https:\/\/reflexologieetcie.fr\/wp-content\/uploads\/2023\/11\/Initiation-a-la-reflexologie-formations-reflexologieetcie-768x432.jpg 768w, https:\/\/reflexologieetcie.fr\/wp-content\/uploads\/2023\/11\/Initiation-a-la-reflexologie-formations-reflexologieetcie-1536x864.jpg 1536w, https:\/\/reflexologieetcie.fr\/wp-content\/uploads\/2023\/11\/Initiation-a-la-reflexologie-formations-reflexologieetcie.jpg 1920w\" sizes=\"(max-width: 1024px) 100vw, 1024px\" \/>\t\t\t\t\t\t\t\t\t\t\t\t\t\t\t<\/div>\n\t\t\t\t<\/div>\n\t\t\t\t<\/div>\n\t\t<div class=\"elementor-element elementor-element-57412df e-con-full e-flex e-con e-child\" data-id=\"57412df\" data-element_type=\"container\">\n\t\t\t\t<div class=\"elementor-element elementor-element-e3d16ee elementor-widget elementor-widget-text-editor\" data-id=\"e3d16ee\" data-element_type=\"widget\" data-widget_type=\"text-editor.default\">\n\t\t\t\t<div class=\"elementor-widget-container\">\n\t\t\t\t\t\t\t\t\t<p><span style=\"font-weight: 400;\">Avec cet atelier d&rsquo;initiation, partez \u00e0 la d\u00e9couverte de l&rsquo;automassage avec approche de la r\u00e9flexologie plantaire et de la m\u00e9decine traditionnelle chinoise ! D\u00e9couvrez des gestes simples \u00e0 reproduire sans mod\u00e9ration dans votre vie quotidienne afin de commencez votre journ\u00e9e du bon pied, pour vous d\u00e9tendre ou vous dynamiser selon vos besoins.<\/span><\/p><p><span style=\"font-weight: 400;\">Les bienfaits des exercices :<\/span><\/p><ul><li style=\"font-weight: 400;\" aria-level=\"1\"><span style=\"font-weight: 400;\">activer la circulation de l&rsquo;\u00e9nergie ;<\/span><\/li><li style=\"font-weight: 400;\" aria-level=\"1\"><span style=\"font-weight: 400;\">recharger le corps en \u00e9nergie vitale ;<\/span><\/li><li style=\"font-weight: 400;\" aria-level=\"1\"><span style=\"font-weight: 400;\">\u00e9liminer les \u00e9motions n\u00e9gatives (col\u00e8re, peurs, chagrins&#8230;) ;<\/span><\/li><li style=\"font-weight: 400;\" aria-level=\"1\"><span style=\"font-weight: 400;\">se calmer ou se tonifier ;<\/span><\/li><li style=\"font-weight: 400;\" aria-level=\"1\"><span style=\"font-weight: 400;\">tonifier les yeux en cas de fatigue oculaire ;<\/span><\/li><li style=\"font-weight: 400;\" aria-level=\"1\"><span style=\"font-weight: 400;\">am\u00e9liorer la respiration ;<\/span><\/li><li style=\"font-weight: 400;\" aria-level=\"1\"><span style=\"font-weight: 400;\">activer ses forces d&rsquo;autogu\u00e9rison ;<\/span><\/li><li style=\"font-weight: 400;\" aria-level=\"1\"><span style=\"font-weight: 400;\">cr\u00e9er le bien-\u00eatre et pr\u00e9venir la maladie.<\/span><\/li><\/ul><p><b>Formation en groupe<\/b><\/p><p><b>Dur\u00e9e : une journ\u00e9e (9 h 30 &#8211; 16 h 30)<\/b><\/p><p><b>Tarif : 130 euros<\/b><\/p><p>\u00a0<\/p>\t\t\t\t\t\t\t\t<\/div>\n\t\t\t\t<\/div>\n\t\t\t\t<\/div>\n\t\t\t\t\t<\/div>\n\t\t\t\t<\/div>\n\t\t\t\t<\/div>\n\t\t","protected":false},"excerpt":{"rendered":"<p>Initiation \u00e0 la r\u00e9flexologie Avec cet atelier d&rsquo;initiation, partez \u00e0 la d\u00e9couverte de l&rsquo;automassage avec approche de la r\u00e9flexologie plantaire et de la m\u00e9decine traditionnelle chinoise ! D\u00e9couvrez des gestes simples \u00e0 reproduire sans mod\u00e9ration dans votre vie quotidienne afin de commencez votre journ\u00e9e du bon pied, pour vous d\u00e9tendre ou vous dynamiser selon vos [&hellip;]<\/p>\n","protected":false},"author":1,"featured_media":0,"parent":0,"menu_order":0,"comment_status":"closed","ping_status":"closed","template":"","meta":{"footnotes":""},"class_list":["post-727","page","type-page","status-publish","hentry","entry","owp-thumbs-layout-horizontal","owp-btn-big","owp-tabs-layout-horizontal","has-no-thumbnails","has-product-nav"],"yoast_head":"<!-- This site is optimized with the Yoast SEO plugin v25.9 - https:\/\/yoast.com\/wordpress\/plugins\/seo\/ -->\n<title>Initiation \u00e0 la r\u00e9flexologie - R\u00e9flexologieetcie<\/title>\n<meta name=\"robots\" content=\"index, follow, max-snippet:-1, max-image-preview:large, max-video-preview:-1\" \/>\n<link rel=\"canonical\" href=\"https:\/\/reflexologieetcie.fr\/index.php\/initiation-a-la-reflexologie\/\" \/>\n<meta property=\"og:locale\" content=\"fr_FR\" \/>\n<meta property=\"og:type\" content=\"article\" \/>\n<meta property=\"og:title\" content=\"Initiation \u00e0 la r\u00e9flexologie - R\u00e9flexologieetcie\" \/>\n<meta property=\"og:description\" content=\"Initiation \u00e0 la r\u00e9flexologie Avec cet atelier d&rsquo;initiation, partez \u00e0 la d\u00e9couverte de l&rsquo;automassage avec approche de la r\u00e9flexologie plantaire et de la m\u00e9decine traditionnelle chinoise ! D\u00e9couvrez des gestes simples \u00e0 reproduire sans mod\u00e9ration dans votre vie quotidienne afin de commencez votre journ\u00e9e du bon pied, pour vous d\u00e9tendre ou vous dynamiser selon vos [&hellip;]\" \/>\n<meta property=\"og:url\" content=\"https:\/\/reflexologieetcie.fr\/index.php\/initiation-a-la-reflexologie\/\" \/>\n<meta property=\"og:site_name\" content=\"R\u00e9flexologieetcie\" \/>\n<meta property=\"article:modified_time\" content=\"2024-01-05T10:56:08+00:00\" \/>\n<meta property=\"og:image\" content=\"https:\/\/reflexologieetcie.fr\/wp-content\/uploads\/2023\/11\/Initiation-a-la-reflexologie-formations-reflexologieetcie-1024x576.jpg\" \/>\n<meta name=\"twitter:card\" content=\"summary_large_image\" \/>\n<meta name=\"twitter:label1\" content=\"Dur\u00e9e de lecture estim\u00e9e\" \/>\n\t<meta name=\"twitter:data1\" content=\"1 minute\" \/>\n<script type=\"application\/ld+json\" class=\"yoast-schema-graph\">{\"@context\":\"https:\/\/schema.org\",\"@graph\":[{\"@type\":\"WebPage\",\"@id\":\"https:\/\/reflexologieetcie.fr\/index.php\/initiation-a-la-reflexologie\/\",\"url\":\"https:\/\/reflexologieetcie.fr\/index.php\/initiation-a-la-reflexologie\/\",\"name\":\"Initiation \u00e0 la r\u00e9flexologie - R\u00e9flexologieetcie\",\"isPartOf\":{\"@id\":\"https:\/\/reflexologieetcie.fr\/#website\"},\"primaryImageOfPage\":{\"@id\":\"https:\/\/reflexologieetcie.fr\/index.php\/initiation-a-la-reflexologie\/#primaryimage\"},\"image\":{\"@id\":\"https:\/\/reflexologieetcie.fr\/index.php\/initiation-a-la-reflexologie\/#primaryimage\"},\"thumbnailUrl\":\"https:\/\/reflexologieetcie.fr\/wp-content\/uploads\/2023\/11\/Initiation-a-la-reflexologie-formations-reflexologieetcie-1024x576.jpg\",\"datePublished\":\"2023-11-09T20:10:35+00:00\",\"dateModified\":\"2024-01-05T10:56:08+00:00\",\"breadcrumb\":{\"@id\":\"https:\/\/reflexologieetcie.fr\/index.php\/initiation-a-la-reflexologie\/#breadcrumb\"},\"inLanguage\":\"fr-FR\",\"potentialAction\":[{\"@type\":\"ReadAction\",\"target\":[\"https:\/\/reflexologieetcie.fr\/index.php\/initiation-a-la-reflexologie\/\"]}]},{\"@type\":\"ImageObject\",\"inLanguage\":\"fr-FR\",\"@id\":\"https:\/\/reflexologieetcie.fr\/index.php\/initiation-a-la-reflexologie\/#primaryimage\",\"url\":\"https:\/\/reflexologieetcie.fr\/wp-content\/uploads\/2023\/11\/Initiation-a-la-reflexologie-formations-reflexologieetcie.jpg\",\"contentUrl\":\"https:\/\/reflexologieetcie.fr\/wp-content\/uploads\/2023\/11\/Initiation-a-la-reflexologie-formations-reflexologieetcie.jpg\",\"width\":1920,\"height\":1080},{\"@type\":\"BreadcrumbList\",\"@id\":\"https:\/\/reflexologieetcie.fr\/index.php\/initiation-a-la-reflexologie\/#breadcrumb\",\"itemListElement\":[{\"@type\":\"ListItem\",\"position\":1,\"name\":\"Accueil\",\"item\":\"https:\/\/reflexologieetcie.fr\/\"},{\"@type\":\"ListItem\",\"position\":2,\"name\":\"Initiation \u00e0 la r\u00e9flexologie\"}]},{\"@type\":\"WebSite\",\"@id\":\"https:\/\/reflexologieetcie.fr\/#website\",\"url\":\"https:\/\/reflexologieetcie.fr\/\",\"name\":\"R\u00e9flexologieetcie\",\"description\":\"Un site utilisant WordPress\",\"potentialAction\":[{\"@type\":\"SearchAction\",\"target\":{\"@type\":\"EntryPoint\",\"urlTemplate\":\"https:\/\/reflexologieetcie.fr\/?s={search_term_string}\"},\"query-input\":{\"@type\":\"PropertyValueSpecification\",\"valueRequired\":true,\"valueName\":\"search_term_string\"}}],\"inLanguage\":\"fr-FR\"}]}<\/script>\n<!-- \/ Yoast SEO plugin. -->","yoast_head_json":{"title":"Initiation \u00e0 la r\u00e9flexologie - R\u00e9flexologieetcie","robots":{"index":"index","follow":"follow","max-snippet":"max-snippet:-1","max-image-preview":"max-image-preview:large","max-video-preview":"max-video-preview:-1"},"canonical":"https:\/\/reflexologieetcie.fr\/index.php\/initiation-a-la-reflexologie\/","og_locale":"fr_FR","og_type":"article","og_title":"Initiation \u00e0 la r\u00e9flexologie - R\u00e9flexologieetcie","og_description":"Initiation \u00e0 la r\u00e9flexologie Avec cet atelier d&rsquo;initiation, partez \u00e0 la d\u00e9couverte de l&rsquo;automassage avec approche de la r\u00e9flexologie plantaire et de la m\u00e9decine traditionnelle chinoise ! D\u00e9couvrez des gestes simples \u00e0 reproduire sans mod\u00e9ration dans votre vie quotidienne afin de commencez votre journ\u00e9e du bon pied, pour vous d\u00e9tendre ou vous dynamiser selon vos [&hellip;]","og_url":"https:\/\/reflexologieetcie.fr\/index.php\/initiation-a-la-reflexologie\/","og_site_name":"R\u00e9flexologieetcie","article_modified_time":"2024-01-05T10:56:08+00:00","og_image":[{"url":"https:\/\/reflexologieetcie.fr\/wp-content\/uploads\/2023\/11\/Initiation-a-la-reflexologie-formations-reflexologieetcie-1024x576.jpg","type":"","width":"","height":""}],"twitter_card":"summary_large_image","twitter_misc":{"Dur\u00e9e de lecture estim\u00e9e":"1 minute"},"schema":{"@context":"https:\/\/schema.org","@graph":[{"@type":"WebPage","@id":"https:\/\/reflexologieetcie.fr\/index.php\/initiation-a-la-reflexologie\/","url":"https:\/\/reflexologieetcie.fr\/index.php\/initiation-a-la-reflexologie\/","name":"Initiation \u00e0 la r\u00e9flexologie - R\u00e9flexologieetcie","isPartOf":{"@id":"https:\/\/reflexologieetcie.fr\/#website"},"primaryImageOfPage":{"@id":"https:\/\/reflexologieetcie.fr\/index.php\/initiation-a-la-reflexologie\/#primaryimage"},"image":{"@id":"https:\/\/reflexologieetcie.fr\/index.php\/initiation-a-la-reflexologie\/#primaryimage"},"thumbnailUrl":"https:\/\/reflexologieetcie.fr\/wp-content\/uploads\/2023\/11\/Initiation-a-la-reflexologie-formations-reflexologieetcie-1024x576.jpg","datePublished":"2023-11-09T20:10:35+00:00","dateModified":"2024-01-05T10:56:08+00:00","breadcrumb":{"@id":"https:\/\/reflexologieetcie.fr\/index.php\/initiation-a-la-reflexologie\/#breadcrumb"},"inLanguage":"fr-FR","potentialAction":[{"@type":"ReadAction","target":["https:\/\/reflexologieetcie.fr\/index.php\/initiation-a-la-reflexologie\/"]}]},{"@type":"ImageObject","inLanguage":"fr-FR","@id":"https:\/\/reflexologieetcie.fr\/index.php\/initiation-a-la-reflexologie\/#primaryimage","url":"https:\/\/reflexologieetcie.fr\/wp-content\/uploads\/2023\/11\/Initiation-a-la-reflexologie-formations-reflexologieetcie.jpg","contentUrl":"https:\/\/reflexologieetcie.fr\/wp-content\/uploads\/2023\/11\/Initiation-a-la-reflexologie-formations-reflexologieetcie.jpg","width":1920,"height":1080},{"@type":"BreadcrumbList","@id":"https:\/\/reflexologieetcie.fr\/index.php\/initiation-a-la-reflexologie\/#breadcrumb","itemListElement":[{"@type":"ListItem","position":1,"name":"Accueil","item":"https:\/\/reflexologieetcie.fr\/"},{"@type":"ListItem","position":2,"name":"Initiation \u00e0 la r\u00e9flexologie"}]},{"@type":"WebSite","@id":"https:\/\/reflexologieetcie.fr\/#website","url":"https:\/\/reflexologieetcie.fr\/","name":"R\u00e9flexologieetcie","description":"Un site utilisant WordPress","potentialAction":[{"@type":"SearchAction","target":{"@type":"EntryPoint","urlTemplate":"https:\/\/reflexologieetcie.fr\/?s={search_term_string}"},"query-input":{"@type":"PropertyValueSpecification","valueRequired":true,"valueName":"search_term_string"}}],"inLanguage":"fr-FR"}]}},"_links":{"self":[{"href":"https:\/\/reflexologieetcie.fr\/index.php\/wp-json\/wp\/v2\/pages\/727","targetHints":{"allow":["GET"]}}],"collection":[{"href":"https:\/\/reflexologieetcie.fr\/index.php\/wp-json\/wp\/v2\/pages"}],"about":[{"href":"https:\/\/reflexologieetcie.fr\/index.php\/wp-json\/wp\/v2\/types\/page"}],"author":[{"embeddable":true,"href":"https:\/\/reflexologieetcie.fr\/index.php\/wp-json\/wp\/v2\/users\/1"}],"replies":[{"embeddable":true,"href":"https:\/\/reflexologieetcie.fr\/index.php\/wp-json\/wp\/v2\/comments?post=727"}],"version-history":[{"count":22,"href":"https:\/\/reflexologieetcie.fr\/index.php\/wp-json\/wp\/v2\/pages\/727\/revisions"}],"predecessor-version":[{"id":1868,"href":"https:\/\/reflexologieetcie.fr\/index.php\/wp-json\/wp\/v2\/pages\/727\/revisions\/1868"}],"wp:attachment":[{"href":"https:\/\/reflexologieetcie.fr\/index.php\/wp-json\/wp\/v2\/media?parent=727"}],"curies":[{"name":"wp","href":"https:\/\/api.w.org\/{rel}","templated":true}]}}