{"id":1513,"date":"2023-12-05T14:26:34","date_gmt":"2023-12-05T13:26:34","guid":{"rendered":"https:\/\/reflexologieetcie.fr\/?post_type=product&#038;p=1513"},"modified":"2025-08-07T16:47:17","modified_gmt":"2025-08-07T14:47:17","slug":"carte-cadeau-seance-adulte","status":"publish","type":"product","link":"https:\/\/reflexologieetcie.fr\/index.php\/produit\/carte-cadeau-seance-adulte\/","title":{"rendered":"6. Carte cadeau \u00ab\u00a0S\u00e9ance Adulte\u00a0\u00bb"},"content":{"rendered":"<p>Dur\u00e9e de la s\u00e9ance : 60 \u00e0 90 minutes<br \/>\nTarifs : 65 \u20ac<\/p>\n<p>Bon cadeau \u00e0 imprimer apr\u00e8s l&rsquo;achat.<\/p>\n","protected":false},"excerpt":{"rendered":"<p data-start=\"158\" data-end=\"274\"><strong data-start=\"158\" data-end=\"219\">S\u00e9ance adulte \u2013 R\u00e9flexologie, hypnose, soin \u00e9nerg\u00e9tique, diapasons et\/ou cartomancie<\/strong><br data-start=\"219\" data-end=\"222\" \/>(Approche personnalis\u00e9e selon vos besoins du moment)<\/p>\n<p data-start=\"276\" data-end=\"537\">Un temps pour vous recentrer, rel\u00e2cher, transformer\u2026<br data-start=\"328\" data-end=\"331\" \/>\u2013 Lib\u00e9ration des tensions physiques ou \u00e9motionnelles<br data-start=\"383\" data-end=\"386\" \/>\u2013 Dissolution des blocages conscients ou inconscients<br data-start=\"439\" data-end=\"442\" \/>\u2013 Soulagement des maux du quotidien<br data-start=\"477\" data-end=\"480\" data-is-only-node=\"\" \/>\u2013 Espace d\u2019\u00e9change autour d\u2019une probl\u00e9matique personnelle<\/p>\n","protected":false},"featured_media":2597,"comment_status":"open","ping_status":"closed","template":"","meta":[],"product_brand":[],"product_cat":[19],"product_tag":[],"class_list":{"0":"post-1513","1":"product","2":"type-product","3":"status-publish","4":"has-post-thumbnail","6":"product_cat-bon-cadeau","8":"entry","9":"has-media","11":"first","12":"instock","13":"downloadable","14":"shipping-taxable","15":"purchasable","16":"product-type-simple","17":"has-product-nav","18":"col","19":"span_1_of_3","20":"owp-content-center","21":"owp-thumbs-layout-horizontal","22":"owp-btn-big","23":"owp-tabs-layout-horizontal","24":"has-no-thumbnails"},"yoast_head":"<!-- This site is optimized with the Yoast SEO plugin v25.9 - https:\/\/yoast.com\/wordpress\/plugins\/seo\/ -->\n<title>6. Carte cadeau &quot;S\u00e9ance Adulte&quot; - R\u00e9flexologieetcie<\/title>\n<meta name=\"robots\" content=\"index, follow, max-snippet:-1, max-image-preview:large, max-video-preview:-1\" \/>\n<link rel=\"canonical\" href=\"https:\/\/reflexologieetcie.fr\/index.php\/produit\/carte-cadeau-seance-adulte\/\" \/>\n<meta property=\"og:locale\" content=\"fr_FR\" \/>\n<meta property=\"og:type\" content=\"article\" \/>\n<meta property=\"og:title\" content=\"6. Carte cadeau &quot;S\u00e9ance Adulte&quot; - R\u00e9flexologieetcie\" \/>\n<meta property=\"og:description\" content=\"S\u00e9ance adulte \u2013 R\u00e9flexologie, hypnose, soin \u00e9nerg\u00e9tique, diapasons et\/ou cartomancie(Approche personnalis\u00e9e selon vos besoins du moment) Un temps pour vous recentrer, rel\u00e2cher, transformer\u2026\u2013 Lib\u00e9ration des tensions physiques ou \u00e9motionnelles\u2013 Dissolution des blocages conscients ou inconscients\u2013 Soulagement des maux du quotidien\u2013 Espace d\u2019\u00e9change autour d\u2019une probl\u00e9matique personnelle\" \/>\n<meta property=\"og:url\" content=\"https:\/\/reflexologieetcie.fr\/index.php\/produit\/carte-cadeau-seance-adulte\/\" \/>\n<meta property=\"og:site_name\" content=\"R\u00e9flexologieetcie\" \/>\n<meta property=\"article:modified_time\" content=\"2025-08-07T14:47:17+00:00\" \/>\n<meta property=\"og:image\" content=\"https:\/\/reflexologieetcie.fr\/wp-content\/uploads\/2023\/12\/Seance-Adulte-1.png\" \/>\n\t<meta property=\"og:image:width\" content=\"1080\" \/>\n\t<meta property=\"og:image:height\" content=\"1080\" \/>\n\t<meta property=\"og:image:type\" content=\"image\/png\" \/>\n<meta name=\"twitter:card\" content=\"summary_large_image\" \/>\n<meta name=\"twitter:label1\" content=\"Dur\u00e9e de lecture estim\u00e9e\" \/>\n\t<meta name=\"twitter:data1\" content=\"1 minute\" \/>\n<script type=\"application\/ld+json\" class=\"yoast-schema-graph\">{\"@context\":\"https:\/\/schema.org\",\"@graph\":[{\"@type\":\"WebPage\",\"@id\":\"https:\/\/reflexologieetcie.fr\/index.php\/produit\/carte-cadeau-seance-adulte\/\",\"url\":\"https:\/\/reflexologieetcie.fr\/index.php\/produit\/carte-cadeau-seance-adulte\/\",\"name\":\"6. Carte cadeau \\\"S\u00e9ance Adulte\\\" - R\u00e9flexologieetcie\",\"isPartOf\":{\"@id\":\"https:\/\/reflexologieetcie.fr\/#website\"},\"primaryImageOfPage\":{\"@id\":\"https:\/\/reflexologieetcie.fr\/index.php\/produit\/carte-cadeau-seance-adulte\/#primaryimage\"},\"image\":{\"@id\":\"https:\/\/reflexologieetcie.fr\/index.php\/produit\/carte-cadeau-seance-adulte\/#primaryimage\"},\"thumbnailUrl\":\"https:\/\/reflexologieetcie.fr\/wp-content\/uploads\/2023\/12\/Seance-Adulte-1.png\",\"datePublished\":\"2023-12-05T13:26:34+00:00\",\"dateModified\":\"2025-08-07T14:47:17+00:00\",\"breadcrumb\":{\"@id\":\"https:\/\/reflexologieetcie.fr\/index.php\/produit\/carte-cadeau-seance-adulte\/#breadcrumb\"},\"inLanguage\":\"fr-FR\",\"potentialAction\":[{\"@type\":\"ReadAction\",\"target\":[\"https:\/\/reflexologieetcie.fr\/index.php\/produit\/carte-cadeau-seance-adulte\/\"]}]},{\"@type\":\"ImageObject\",\"inLanguage\":\"fr-FR\",\"@id\":\"https:\/\/reflexologieetcie.fr\/index.php\/produit\/carte-cadeau-seance-adulte\/#primaryimage\",\"url\":\"https:\/\/reflexologieetcie.fr\/wp-content\/uploads\/2023\/12\/Seance-Adulte-1.png\",\"contentUrl\":\"https:\/\/reflexologieetcie.fr\/wp-content\/uploads\/2023\/12\/Seance-Adulte-1.png\",\"width\":1080,\"height\":1080},{\"@type\":\"BreadcrumbList\",\"@id\":\"https:\/\/reflexologieetcie.fr\/index.php\/produit\/carte-cadeau-seance-adulte\/#breadcrumb\",\"itemListElement\":[{\"@type\":\"ListItem\",\"position\":1,\"name\":\"Accueil\",\"item\":\"https:\/\/reflexologieetcie.fr\/\"},{\"@type\":\"ListItem\",\"position\":2,\"name\":\"Boutique\",\"item\":\"https:\/\/reflexologieetcie.fr\/index.php\/boutique\/\"},{\"@type\":\"ListItem\",\"position\":3,\"name\":\"6. Carte cadeau \u00ab\u00a0S\u00e9ance Adulte\u00a0\u00bb\"}]},{\"@type\":\"WebSite\",\"@id\":\"https:\/\/reflexologieetcie.fr\/#website\",\"url\":\"https:\/\/reflexologieetcie.fr\/\",\"name\":\"R\u00e9flexologieetcie\",\"description\":\"Un site utilisant WordPress\",\"potentialAction\":[{\"@type\":\"SearchAction\",\"target\":{\"@type\":\"EntryPoint\",\"urlTemplate\":\"https:\/\/reflexologieetcie.fr\/?s={search_term_string}\"},\"query-input\":{\"@type\":\"PropertyValueSpecification\",\"valueRequired\":true,\"valueName\":\"search_term_string\"}}],\"inLanguage\":\"fr-FR\"}]}<\/script>\n<!-- \/ Yoast SEO plugin. -->","yoast_head_json":{"title":"6. Carte cadeau \"S\u00e9ance Adulte\" - R\u00e9flexologieetcie","robots":{"index":"index","follow":"follow","max-snippet":"max-snippet:-1","max-image-preview":"max-image-preview:large","max-video-preview":"max-video-preview:-1"},"canonical":"https:\/\/reflexologieetcie.fr\/index.php\/produit\/carte-cadeau-seance-adulte\/","og_locale":"fr_FR","og_type":"article","og_title":"6. Carte cadeau \"S\u00e9ance Adulte\" - R\u00e9flexologieetcie","og_description":"S\u00e9ance adulte \u2013 R\u00e9flexologie, hypnose, soin \u00e9nerg\u00e9tique, diapasons et\/ou cartomancie(Approche personnalis\u00e9e selon vos besoins du moment) Un temps pour vous recentrer, rel\u00e2cher, transformer\u2026\u2013 Lib\u00e9ration des tensions physiques ou \u00e9motionnelles\u2013 Dissolution des blocages conscients ou inconscients\u2013 Soulagement des maux du quotidien\u2013 Espace d\u2019\u00e9change autour d\u2019une probl\u00e9matique personnelle","og_url":"https:\/\/reflexologieetcie.fr\/index.php\/produit\/carte-cadeau-seance-adulte\/","og_site_name":"R\u00e9flexologieetcie","article_modified_time":"2025-08-07T14:47:17+00:00","og_image":[{"width":1080,"height":1080,"url":"https:\/\/reflexologieetcie.fr\/wp-content\/uploads\/2023\/12\/Seance-Adulte-1.png","type":"image\/png"}],"twitter_card":"summary_large_image","twitter_misc":{"Dur\u00e9e de lecture estim\u00e9e":"1 minute"},"schema":{"@context":"https:\/\/schema.org","@graph":[{"@type":"WebPage","@id":"https:\/\/reflexologieetcie.fr\/index.php\/produit\/carte-cadeau-seance-adulte\/","url":"https:\/\/reflexologieetcie.fr\/index.php\/produit\/carte-cadeau-seance-adulte\/","name":"6. Carte cadeau \"S\u00e9ance Adulte\" - R\u00e9flexologieetcie","isPartOf":{"@id":"https:\/\/reflexologieetcie.fr\/#website"},"primaryImageOfPage":{"@id":"https:\/\/reflexologieetcie.fr\/index.php\/produit\/carte-cadeau-seance-adulte\/#primaryimage"},"image":{"@id":"https:\/\/reflexologieetcie.fr\/index.php\/produit\/carte-cadeau-seance-adulte\/#primaryimage"},"thumbnailUrl":"https:\/\/reflexologieetcie.fr\/wp-content\/uploads\/2023\/12\/Seance-Adulte-1.png","datePublished":"2023-12-05T13:26:34+00:00","dateModified":"2025-08-07T14:47:17+00:00","breadcrumb":{"@id":"https:\/\/reflexologieetcie.fr\/index.php\/produit\/carte-cadeau-seance-adulte\/#breadcrumb"},"inLanguage":"fr-FR","potentialAction":[{"@type":"ReadAction","target":["https:\/\/reflexologieetcie.fr\/index.php\/produit\/carte-cadeau-seance-adulte\/"]}]},{"@type":"ImageObject","inLanguage":"fr-FR","@id":"https:\/\/reflexologieetcie.fr\/index.php\/produit\/carte-cadeau-seance-adulte\/#primaryimage","url":"https:\/\/reflexologieetcie.fr\/wp-content\/uploads\/2023\/12\/Seance-Adulte-1.png","contentUrl":"https:\/\/reflexologieetcie.fr\/wp-content\/uploads\/2023\/12\/Seance-Adulte-1.png","width":1080,"height":1080},{"@type":"BreadcrumbList","@id":"https:\/\/reflexologieetcie.fr\/index.php\/produit\/carte-cadeau-seance-adulte\/#breadcrumb","itemListElement":[{"@type":"ListItem","position":1,"name":"Accueil","item":"https:\/\/reflexologieetcie.fr\/"},{"@type":"ListItem","position":2,"name":"Boutique","item":"https:\/\/reflexologieetcie.fr\/index.php\/boutique\/"},{"@type":"ListItem","position":3,"name":"6. Carte cadeau \u00ab\u00a0S\u00e9ance Adulte\u00a0\u00bb"}]},{"@type":"WebSite","@id":"https:\/\/reflexologieetcie.fr\/#website","url":"https:\/\/reflexologieetcie.fr\/","name":"R\u00e9flexologieetcie","description":"Un site utilisant WordPress","potentialAction":[{"@type":"SearchAction","target":{"@type":"EntryPoint","urlTemplate":"https:\/\/reflexologieetcie.fr\/?s={search_term_string}"},"query-input":{"@type":"PropertyValueSpecification","valueRequired":true,"valueName":"search_term_string"}}],"inLanguage":"fr-FR"}]}},"_links":{"self":[{"href":"https:\/\/reflexologieetcie.fr\/index.php\/wp-json\/wp\/v2\/product\/1513","targetHints":{"allow":["GET"]}}],"collection":[{"href":"https:\/\/reflexologieetcie.fr\/index.php\/wp-json\/wp\/v2\/product"}],"about":[{"href":"https:\/\/reflexologieetcie.fr\/index.php\/wp-json\/wp\/v2\/types\/product"}],"replies":[{"embeddable":true,"href":"https:\/\/reflexologieetcie.fr\/index.php\/wp-json\/wp\/v2\/comments?post=1513"}],"wp:featuredmedia":[{"embeddable":true,"href":"https:\/\/reflexologieetcie.fr\/index.php\/wp-json\/wp\/v2\/media\/2597"}],"wp:attachment":[{"href":"https:\/\/reflexologieetcie.fr\/index.php\/wp-json\/wp\/v2\/media?parent=1513"}],"wp:term":[{"taxonomy":"product_brand","embeddable":true,"href":"https:\/\/reflexologieetcie.fr\/index.php\/wp-json\/wp\/v2\/product_brand?post=1513"},{"taxonomy":"product_cat","embeddable":true,"href":"https:\/\/reflexologieetcie.fr\/index.php\/wp-json\/wp\/v2\/product_cat?post=1513"},{"taxonomy":"product_tag","embeddable":true,"href":"https:\/\/reflexologieetcie.fr\/index.php\/wp-json\/wp\/v2\/product_tag?post=1513"}],"curies":[{"name":"wp","href":"https:\/\/api.w.org\/{rel}","templated":true}]}}