{"id":1516,"date":"2023-12-06T11:20:34","date_gmt":"2023-12-06T10:20:34","guid":{"rendered":"https:\/\/reflexologieetcie.fr\/?post_type=product&#038;p=1516"},"modified":"2025-07-28T17:09:35","modified_gmt":"2025-07-28T15:09:35","slug":"carte-cadeau-seance-18-ans","status":"publish","type":"product","link":"https:\/\/reflexologieetcie.fr\/index.php\/produit\/carte-cadeau-seance-18-ans\/","title":{"rendered":"Carte cadeau \u00ab\u00a0S\u00e9ance &#8211; 18 ans\u00a0\u00bb"},"content":{"rendered":"<p>Dur\u00e9e de la s\u00e9ance : 60 minutes<br \/>\nTarifs\u00a0: 60 \u20ac<\/p>\n<p>Bon cadeau \u00e0 imprimer apr\u00e8s l&rsquo;achat.<\/p>\n","protected":false},"excerpt":{"rendered":"<p data-start=\"118\" data-end=\"238\"><strong data-start=\"118\" data-end=\"172\">S\u00e9ance d\u00e9di\u00e9e aux enfants et adolescents (-18 ans)<\/strong><br data-start=\"172\" data-end=\"175\" \/><em data-start=\"175\" data-end=\"238\">(R\u00e9flexologie, hypnose ou soin \u00e9nerg\u00e9tique selon les besoins)<\/em><\/p>\n<p data-start=\"240\" data-end=\"500\">Un accompagnement doux et adapt\u00e9 pour :<br data-start=\"279\" data-end=\"282\" \/>\u2013 Lib\u00e9rer les tensions accumul\u00e9es<br data-start=\"315\" data-end=\"318\" \/>\u2013 Apaiser les blocages physiques ou \u00e9motionnels<br data-start=\"365\" data-end=\"368\" \/>\u2013 Soulager les petits et grands maux du quotidien<br data-start=\"417\" data-end=\"420\" data-is-only-node=\"\" \/>\u2013 Mettre des mots sur une probl\u00e9matique, dans un espace d\u2019\u00e9coute et de confiance<\/p>\n","protected":false},"featured_media":2605,"comment_status":"open","ping_status":"closed","template":"","meta":[],"product_brand":[],"product_cat":[19],"product_tag":[],"class_list":{"0":"post-1516","1":"product","2":"type-product","3":"status-publish","4":"has-post-thumbnail","6":"product_cat-bon-cadeau","8":"entry","9":"has-media","11":"first","12":"instock","13":"downloadable","14":"shipping-taxable","15":"purchasable","16":"product-type-simple","17":"has-product-nav","18":"col","19":"span_1_of_3","20":"owp-content-center","21":"owp-thumbs-layout-horizontal","22":"owp-btn-big","23":"owp-tabs-layout-horizontal","24":"has-no-thumbnails"},"yoast_head":"<!-- This site is optimized with the Yoast SEO plugin v25.9 - https:\/\/yoast.com\/wordpress\/plugins\/seo\/ -->\n<title>Carte cadeau &quot;S\u00e9ance - 18 ans&quot; - R\u00e9flexologieetcie<\/title>\n<meta name=\"robots\" content=\"index, follow, max-snippet:-1, max-image-preview:large, max-video-preview:-1\" \/>\n<link rel=\"canonical\" href=\"https:\/\/reflexologieetcie.fr\/index.php\/produit\/carte-cadeau-seance-18-ans\/\" \/>\n<meta property=\"og:locale\" content=\"fr_FR\" \/>\n<meta property=\"og:type\" content=\"article\" \/>\n<meta property=\"og:title\" content=\"Carte cadeau &quot;S\u00e9ance - 18 ans&quot; - R\u00e9flexologieetcie\" \/>\n<meta property=\"og:description\" content=\"S\u00e9ance d\u00e9di\u00e9e aux enfants et adolescents (-18 ans)(R\u00e9flexologie, hypnose ou soin \u00e9nerg\u00e9tique selon les besoins) Un accompagnement doux et adapt\u00e9 pour :\u2013 Lib\u00e9rer les tensions accumul\u00e9es\u2013 Apaiser les blocages physiques ou \u00e9motionnels\u2013 Soulager les petits et grands maux du quotidien\u2013 Mettre des mots sur une probl\u00e9matique, dans un espace d\u2019\u00e9coute et de confiance\" \/>\n<meta property=\"og:url\" content=\"https:\/\/reflexologieetcie.fr\/index.php\/produit\/carte-cadeau-seance-18-ans\/\" \/>\n<meta property=\"og:site_name\" content=\"R\u00e9flexologieetcie\" \/>\n<meta property=\"article:modified_time\" content=\"2025-07-28T15:09:35+00:00\" \/>\n<meta property=\"og:image\" content=\"https:\/\/reflexologieetcie.fr\/wp-content\/uploads\/2023\/12\/Seance-mineur-1-1.png\" \/>\n\t<meta property=\"og:image:width\" content=\"1080\" \/>\n\t<meta property=\"og:image:height\" content=\"1080\" \/>\n\t<meta property=\"og:image:type\" content=\"image\/png\" \/>\n<meta name=\"twitter:card\" content=\"summary_large_image\" \/>\n<meta name=\"twitter:label1\" content=\"Dur\u00e9e de lecture estim\u00e9e\" \/>\n\t<meta name=\"twitter:data1\" content=\"1 minute\" \/>\n<script type=\"application\/ld+json\" class=\"yoast-schema-graph\">{\"@context\":\"https:\/\/schema.org\",\"@graph\":[{\"@type\":\"WebPage\",\"@id\":\"https:\/\/reflexologieetcie.fr\/index.php\/produit\/carte-cadeau-seance-18-ans\/\",\"url\":\"https:\/\/reflexologieetcie.fr\/index.php\/produit\/carte-cadeau-seance-18-ans\/\",\"name\":\"Carte cadeau \\\"S\u00e9ance - 18 ans\\\" - R\u00e9flexologieetcie\",\"isPartOf\":{\"@id\":\"https:\/\/reflexologieetcie.fr\/#website\"},\"primaryImageOfPage\":{\"@id\":\"https:\/\/reflexologieetcie.fr\/index.php\/produit\/carte-cadeau-seance-18-ans\/#primaryimage\"},\"image\":{\"@id\":\"https:\/\/reflexologieetcie.fr\/index.php\/produit\/carte-cadeau-seance-18-ans\/#primaryimage\"},\"thumbnailUrl\":\"https:\/\/reflexologieetcie.fr\/wp-content\/uploads\/2023\/12\/Seance-mineur-1-1.png\",\"datePublished\":\"2023-12-06T10:20:34+00:00\",\"dateModified\":\"2025-07-28T15:09:35+00:00\",\"breadcrumb\":{\"@id\":\"https:\/\/reflexologieetcie.fr\/index.php\/produit\/carte-cadeau-seance-18-ans\/#breadcrumb\"},\"inLanguage\":\"fr-FR\",\"potentialAction\":[{\"@type\":\"ReadAction\",\"target\":[\"https:\/\/reflexologieetcie.fr\/index.php\/produit\/carte-cadeau-seance-18-ans\/\"]}]},{\"@type\":\"ImageObject\",\"inLanguage\":\"fr-FR\",\"@id\":\"https:\/\/reflexologieetcie.fr\/index.php\/produit\/carte-cadeau-seance-18-ans\/#primaryimage\",\"url\":\"https:\/\/reflexologieetcie.fr\/wp-content\/uploads\/2023\/12\/Seance-mineur-1-1.png\",\"contentUrl\":\"https:\/\/reflexologieetcie.fr\/wp-content\/uploads\/2023\/12\/Seance-mineur-1-1.png\",\"width\":1080,\"height\":1080},{\"@type\":\"BreadcrumbList\",\"@id\":\"https:\/\/reflexologieetcie.fr\/index.php\/produit\/carte-cadeau-seance-18-ans\/#breadcrumb\",\"itemListElement\":[{\"@type\":\"ListItem\",\"position\":1,\"name\":\"Accueil\",\"item\":\"https:\/\/reflexologieetcie.fr\/\"},{\"@type\":\"ListItem\",\"position\":2,\"name\":\"Boutique\",\"item\":\"https:\/\/reflexologieetcie.fr\/index.php\/boutique\/\"},{\"@type\":\"ListItem\",\"position\":3,\"name\":\"Carte cadeau \u00ab\u00a0S\u00e9ance &#8211; 18 ans\u00a0\u00bb\"}]},{\"@type\":\"WebSite\",\"@id\":\"https:\/\/reflexologieetcie.fr\/#website\",\"url\":\"https:\/\/reflexologieetcie.fr\/\",\"name\":\"R\u00e9flexologieetcie\",\"description\":\"Un site utilisant WordPress\",\"potentialAction\":[{\"@type\":\"SearchAction\",\"target\":{\"@type\":\"EntryPoint\",\"urlTemplate\":\"https:\/\/reflexologieetcie.fr\/?s={search_term_string}\"},\"query-input\":{\"@type\":\"PropertyValueSpecification\",\"valueRequired\":true,\"valueName\":\"search_term_string\"}}],\"inLanguage\":\"fr-FR\"}]}<\/script>\n<!-- \/ Yoast SEO plugin. -->","yoast_head_json":{"title":"Carte cadeau \"S\u00e9ance - 18 ans\" - R\u00e9flexologieetcie","robots":{"index":"index","follow":"follow","max-snippet":"max-snippet:-1","max-image-preview":"max-image-preview:large","max-video-preview":"max-video-preview:-1"},"canonical":"https:\/\/reflexologieetcie.fr\/index.php\/produit\/carte-cadeau-seance-18-ans\/","og_locale":"fr_FR","og_type":"article","og_title":"Carte cadeau \"S\u00e9ance - 18 ans\" - R\u00e9flexologieetcie","og_description":"S\u00e9ance d\u00e9di\u00e9e aux enfants et adolescents (-18 ans)(R\u00e9flexologie, hypnose ou soin \u00e9nerg\u00e9tique selon les besoins) Un accompagnement doux et adapt\u00e9 pour :\u2013 Lib\u00e9rer les tensions accumul\u00e9es\u2013 Apaiser les blocages physiques ou \u00e9motionnels\u2013 Soulager les petits et grands maux du quotidien\u2013 Mettre des mots sur une probl\u00e9matique, dans un espace d\u2019\u00e9coute et de confiance","og_url":"https:\/\/reflexologieetcie.fr\/index.php\/produit\/carte-cadeau-seance-18-ans\/","og_site_name":"R\u00e9flexologieetcie","article_modified_time":"2025-07-28T15:09:35+00:00","og_image":[{"width":1080,"height":1080,"url":"https:\/\/reflexologieetcie.fr\/wp-content\/uploads\/2023\/12\/Seance-mineur-1-1.png","type":"image\/png"}],"twitter_card":"summary_large_image","twitter_misc":{"Dur\u00e9e de lecture estim\u00e9e":"1 minute"},"schema":{"@context":"https:\/\/schema.org","@graph":[{"@type":"WebPage","@id":"https:\/\/reflexologieetcie.fr\/index.php\/produit\/carte-cadeau-seance-18-ans\/","url":"https:\/\/reflexologieetcie.fr\/index.php\/produit\/carte-cadeau-seance-18-ans\/","name":"Carte cadeau \"S\u00e9ance - 18 ans\" - R\u00e9flexologieetcie","isPartOf":{"@id":"https:\/\/reflexologieetcie.fr\/#website"},"primaryImageOfPage":{"@id":"https:\/\/reflexologieetcie.fr\/index.php\/produit\/carte-cadeau-seance-18-ans\/#primaryimage"},"image":{"@id":"https:\/\/reflexologieetcie.fr\/index.php\/produit\/carte-cadeau-seance-18-ans\/#primaryimage"},"thumbnailUrl":"https:\/\/reflexologieetcie.fr\/wp-content\/uploads\/2023\/12\/Seance-mineur-1-1.png","datePublished":"2023-12-06T10:20:34+00:00","dateModified":"2025-07-28T15:09:35+00:00","breadcrumb":{"@id":"https:\/\/reflexologieetcie.fr\/index.php\/produit\/carte-cadeau-seance-18-ans\/#breadcrumb"},"inLanguage":"fr-FR","potentialAction":[{"@type":"ReadAction","target":["https:\/\/reflexologieetcie.fr\/index.php\/produit\/carte-cadeau-seance-18-ans\/"]}]},{"@type":"ImageObject","inLanguage":"fr-FR","@id":"https:\/\/reflexologieetcie.fr\/index.php\/produit\/carte-cadeau-seance-18-ans\/#primaryimage","url":"https:\/\/reflexologieetcie.fr\/wp-content\/uploads\/2023\/12\/Seance-mineur-1-1.png","contentUrl":"https:\/\/reflexologieetcie.fr\/wp-content\/uploads\/2023\/12\/Seance-mineur-1-1.png","width":1080,"height":1080},{"@type":"BreadcrumbList","@id":"https:\/\/reflexologieetcie.fr\/index.php\/produit\/carte-cadeau-seance-18-ans\/#breadcrumb","itemListElement":[{"@type":"ListItem","position":1,"name":"Accueil","item":"https:\/\/reflexologieetcie.fr\/"},{"@type":"ListItem","position":2,"name":"Boutique","item":"https:\/\/reflexologieetcie.fr\/index.php\/boutique\/"},{"@type":"ListItem","position":3,"name":"Carte cadeau \u00ab\u00a0S\u00e9ance &#8211; 18 ans\u00a0\u00bb"}]},{"@type":"WebSite","@id":"https:\/\/reflexologieetcie.fr\/#website","url":"https:\/\/reflexologieetcie.fr\/","name":"R\u00e9flexologieetcie","description":"Un site utilisant WordPress","potentialAction":[{"@type":"SearchAction","target":{"@type":"EntryPoint","urlTemplate":"https:\/\/reflexologieetcie.fr\/?s={search_term_string}"},"query-input":{"@type":"PropertyValueSpecification","valueRequired":true,"valueName":"search_term_string"}}],"inLanguage":"fr-FR"}]}},"_links":{"self":[{"href":"https:\/\/reflexologieetcie.fr\/index.php\/wp-json\/wp\/v2\/product\/1516","targetHints":{"allow":["GET"]}}],"collection":[{"href":"https:\/\/reflexologieetcie.fr\/index.php\/wp-json\/wp\/v2\/product"}],"about":[{"href":"https:\/\/reflexologieetcie.fr\/index.php\/wp-json\/wp\/v2\/types\/product"}],"replies":[{"embeddable":true,"href":"https:\/\/reflexologieetcie.fr\/index.php\/wp-json\/wp\/v2\/comments?post=1516"}],"wp:featuredmedia":[{"embeddable":true,"href":"https:\/\/reflexologieetcie.fr\/index.php\/wp-json\/wp\/v2\/media\/2605"}],"wp:attachment":[{"href":"https:\/\/reflexologieetcie.fr\/index.php\/wp-json\/wp\/v2\/media?parent=1516"}],"wp:term":[{"taxonomy":"product_brand","embeddable":true,"href":"https:\/\/reflexologieetcie.fr\/index.php\/wp-json\/wp\/v2\/product_brand?post=1516"},{"taxonomy":"product_cat","embeddable":true,"href":"https:\/\/reflexologieetcie.fr\/index.php\/wp-json\/wp\/v2\/product_cat?post=1516"},{"taxonomy":"product_tag","embeddable":true,"href":"https:\/\/reflexologieetcie.fr\/index.php\/wp-json\/wp\/v2\/product_tag?post=1516"}],"curies":[{"name":"wp","href":"https:\/\/api.w.org\/{rel}","templated":true}]}}