{"id":1523,"date":"2023-12-06T12:48:38","date_gmt":"2023-12-06T11:48:38","guid":{"rendered":"https:\/\/reflexologieetcie.fr\/?post_type=product&#038;p=1523"},"modified":"2025-07-28T17:07:49","modified_gmt":"2025-07-28T15:07:49","slug":"apero-decouverte","status":"publish","type":"product","link":"https:\/\/reflexologieetcie.fr\/index.php\/produit\/apero-decouverte\/","title":{"rendered":"Carte cadeau \u00ab\u00a0Atelier\u00a0\u00bb"},"content":{"rendered":"<p>Dur\u00e9e : 2 h<br \/>\nGroupe\u00a0: 5 personnes maximum<br \/>\nTarif : 39 \u20ac<\/p>\n<p>Bon cadeau \u00e0 imprimer apr\u00e8s validation.<\/p>\n","protected":false},"excerpt":{"rendered":"<p>Chaque atelier est une parenth\u00e8se bienveillante et sacr\u00e9e, un temps pour \u00e9veiller votre intuition, d\u00e9couvrir des outils de mieux-\u00eatre, comprendre les messages de la vie et avancer sur votre chemin d\u2019\u00e2me avec clart\u00e9, confiance et douceur.<\/p>\n<p>Un moment de pratique, de douceur et de reconnexion (hypnose, cartomancie, pendule, r\u00e9flexologie, fleurs de Bach, les liens sacr\u00e9s, les signes et les synchronicit\u00e9s).<\/p>\n<p>&nbsp;<\/p>\n","protected":false},"featured_media":2593,"comment_status":"open","ping_status":"closed","template":"","meta":[],"product_brand":[],"product_cat":[19],"product_tag":[],"class_list":{"0":"post-1523","1":"product","2":"type-product","3":"status-publish","4":"has-post-thumbnail","6":"product_cat-bon-cadeau","8":"entry","9":"has-media","11":"first","12":"instock","13":"downloadable","14":"shipping-taxable","15":"purchasable","16":"product-type-simple","17":"has-product-nav","18":"col","19":"span_1_of_3","20":"owp-content-center","21":"owp-thumbs-layout-horizontal","22":"owp-btn-big","23":"owp-tabs-layout-horizontal","24":"has-no-thumbnails"},"yoast_head":"<!-- This site is optimized with the Yoast SEO plugin v25.9 - https:\/\/yoast.com\/wordpress\/plugins\/seo\/ -->\n<title>Carte cadeau &quot;Atelier&quot; - R\u00e9flexologieetcie<\/title>\n<meta name=\"robots\" content=\"index, follow, max-snippet:-1, max-image-preview:large, max-video-preview:-1\" \/>\n<link rel=\"canonical\" href=\"https:\/\/reflexologieetcie.fr\/index.php\/produit\/apero-decouverte\/\" \/>\n<meta property=\"og:locale\" content=\"fr_FR\" \/>\n<meta property=\"og:type\" content=\"article\" \/>\n<meta property=\"og:title\" content=\"Carte cadeau &quot;Atelier&quot; - R\u00e9flexologieetcie\" \/>\n<meta property=\"og:description\" content=\"Chaque atelier est une parenth\u00e8se bienveillante et sacr\u00e9e, un temps pour \u00e9veiller votre intuition, d\u00e9couvrir des outils de mieux-\u00eatre, comprendre les messages de la vie et avancer sur votre chemin d\u2019\u00e2me avec clart\u00e9, confiance et douceur.  Un moment de pratique, de douceur et de reconnexion (hypnose, cartomancie, pendule, r\u00e9flexologie, fleurs de Bach, les liens sacr\u00e9s, les signes et les synchronicit\u00e9s).  &nbsp;\" \/>\n<meta property=\"og:url\" content=\"https:\/\/reflexologieetcie.fr\/index.php\/produit\/apero-decouverte\/\" \/>\n<meta property=\"og:site_name\" content=\"R\u00e9flexologieetcie\" \/>\n<meta property=\"article:modified_time\" content=\"2025-07-28T15:07:49+00:00\" \/>\n<meta property=\"og:image\" content=\"https:\/\/reflexologieetcie.fr\/wp-content\/uploads\/2023\/12\/Les-Ateliers.png\" \/>\n\t<meta property=\"og:image:width\" content=\"1080\" \/>\n\t<meta property=\"og:image:height\" content=\"1080\" \/>\n\t<meta property=\"og:image:type\" content=\"image\/png\" \/>\n<meta name=\"twitter:card\" content=\"summary_large_image\" \/>\n<meta name=\"twitter:label1\" content=\"Dur\u00e9e de lecture estim\u00e9e\" \/>\n\t<meta name=\"twitter:data1\" content=\"1 minute\" \/>\n<script type=\"application\/ld+json\" class=\"yoast-schema-graph\">{\"@context\":\"https:\/\/schema.org\",\"@graph\":[{\"@type\":\"WebPage\",\"@id\":\"https:\/\/reflexologieetcie.fr\/index.php\/produit\/apero-decouverte\/\",\"url\":\"https:\/\/reflexologieetcie.fr\/index.php\/produit\/apero-decouverte\/\",\"name\":\"Carte cadeau \\\"Atelier\\\" - R\u00e9flexologieetcie\",\"isPartOf\":{\"@id\":\"https:\/\/reflexologieetcie.fr\/#website\"},\"primaryImageOfPage\":{\"@id\":\"https:\/\/reflexologieetcie.fr\/index.php\/produit\/apero-decouverte\/#primaryimage\"},\"image\":{\"@id\":\"https:\/\/reflexologieetcie.fr\/index.php\/produit\/apero-decouverte\/#primaryimage\"},\"thumbnailUrl\":\"https:\/\/reflexologieetcie.fr\/wp-content\/uploads\/2023\/12\/Les-Ateliers.png\",\"datePublished\":\"2023-12-06T11:48:38+00:00\",\"dateModified\":\"2025-07-28T15:07:49+00:00\",\"breadcrumb\":{\"@id\":\"https:\/\/reflexologieetcie.fr\/index.php\/produit\/apero-decouverte\/#breadcrumb\"},\"inLanguage\":\"fr-FR\",\"potentialAction\":[{\"@type\":\"ReadAction\",\"target\":[\"https:\/\/reflexologieetcie.fr\/index.php\/produit\/apero-decouverte\/\"]}]},{\"@type\":\"ImageObject\",\"inLanguage\":\"fr-FR\",\"@id\":\"https:\/\/reflexologieetcie.fr\/index.php\/produit\/apero-decouverte\/#primaryimage\",\"url\":\"https:\/\/reflexologieetcie.fr\/wp-content\/uploads\/2023\/12\/Les-Ateliers.png\",\"contentUrl\":\"https:\/\/reflexologieetcie.fr\/wp-content\/uploads\/2023\/12\/Les-Ateliers.png\",\"width\":1080,\"height\":1080},{\"@type\":\"BreadcrumbList\",\"@id\":\"https:\/\/reflexologieetcie.fr\/index.php\/produit\/apero-decouverte\/#breadcrumb\",\"itemListElement\":[{\"@type\":\"ListItem\",\"position\":1,\"name\":\"Accueil\",\"item\":\"https:\/\/reflexologieetcie.fr\/\"},{\"@type\":\"ListItem\",\"position\":2,\"name\":\"Boutique\",\"item\":\"https:\/\/reflexologieetcie.fr\/index.php\/boutique\/\"},{\"@type\":\"ListItem\",\"position\":3,\"name\":\"Carte cadeau \u00ab\u00a0Atelier\u00a0\u00bb\"}]},{\"@type\":\"WebSite\",\"@id\":\"https:\/\/reflexologieetcie.fr\/#website\",\"url\":\"https:\/\/reflexologieetcie.fr\/\",\"name\":\"R\u00e9flexologieetcie\",\"description\":\"Un site utilisant WordPress\",\"potentialAction\":[{\"@type\":\"SearchAction\",\"target\":{\"@type\":\"EntryPoint\",\"urlTemplate\":\"https:\/\/reflexologieetcie.fr\/?s={search_term_string}\"},\"query-input\":{\"@type\":\"PropertyValueSpecification\",\"valueRequired\":true,\"valueName\":\"search_term_string\"}}],\"inLanguage\":\"fr-FR\"}]}<\/script>\n<!-- \/ Yoast SEO plugin. -->","yoast_head_json":{"title":"Carte cadeau \"Atelier\" - R\u00e9flexologieetcie","robots":{"index":"index","follow":"follow","max-snippet":"max-snippet:-1","max-image-preview":"max-image-preview:large","max-video-preview":"max-video-preview:-1"},"canonical":"https:\/\/reflexologieetcie.fr\/index.php\/produit\/apero-decouverte\/","og_locale":"fr_FR","og_type":"article","og_title":"Carte cadeau \"Atelier\" - R\u00e9flexologieetcie","og_description":"Chaque atelier est une parenth\u00e8se bienveillante et sacr\u00e9e, un temps pour \u00e9veiller votre intuition, d\u00e9couvrir des outils de mieux-\u00eatre, comprendre les messages de la vie et avancer sur votre chemin d\u2019\u00e2me avec clart\u00e9, confiance et douceur.  Un moment de pratique, de douceur et de reconnexion (hypnose, cartomancie, pendule, r\u00e9flexologie, fleurs de Bach, les liens sacr\u00e9s, les signes et les synchronicit\u00e9s).  &nbsp;","og_url":"https:\/\/reflexologieetcie.fr\/index.php\/produit\/apero-decouverte\/","og_site_name":"R\u00e9flexologieetcie","article_modified_time":"2025-07-28T15:07:49+00:00","og_image":[{"width":1080,"height":1080,"url":"https:\/\/reflexologieetcie.fr\/wp-content\/uploads\/2023\/12\/Les-Ateliers.png","type":"image\/png"}],"twitter_card":"summary_large_image","twitter_misc":{"Dur\u00e9e de lecture estim\u00e9e":"1 minute"},"schema":{"@context":"https:\/\/schema.org","@graph":[{"@type":"WebPage","@id":"https:\/\/reflexologieetcie.fr\/index.php\/produit\/apero-decouverte\/","url":"https:\/\/reflexologieetcie.fr\/index.php\/produit\/apero-decouverte\/","name":"Carte cadeau \"Atelier\" - R\u00e9flexologieetcie","isPartOf":{"@id":"https:\/\/reflexologieetcie.fr\/#website"},"primaryImageOfPage":{"@id":"https:\/\/reflexologieetcie.fr\/index.php\/produit\/apero-decouverte\/#primaryimage"},"image":{"@id":"https:\/\/reflexologieetcie.fr\/index.php\/produit\/apero-decouverte\/#primaryimage"},"thumbnailUrl":"https:\/\/reflexologieetcie.fr\/wp-content\/uploads\/2023\/12\/Les-Ateliers.png","datePublished":"2023-12-06T11:48:38+00:00","dateModified":"2025-07-28T15:07:49+00:00","breadcrumb":{"@id":"https:\/\/reflexologieetcie.fr\/index.php\/produit\/apero-decouverte\/#breadcrumb"},"inLanguage":"fr-FR","potentialAction":[{"@type":"ReadAction","target":["https:\/\/reflexologieetcie.fr\/index.php\/produit\/apero-decouverte\/"]}]},{"@type":"ImageObject","inLanguage":"fr-FR","@id":"https:\/\/reflexologieetcie.fr\/index.php\/produit\/apero-decouverte\/#primaryimage","url":"https:\/\/reflexologieetcie.fr\/wp-content\/uploads\/2023\/12\/Les-Ateliers.png","contentUrl":"https:\/\/reflexologieetcie.fr\/wp-content\/uploads\/2023\/12\/Les-Ateliers.png","width":1080,"height":1080},{"@type":"BreadcrumbList","@id":"https:\/\/reflexologieetcie.fr\/index.php\/produit\/apero-decouverte\/#breadcrumb","itemListElement":[{"@type":"ListItem","position":1,"name":"Accueil","item":"https:\/\/reflexologieetcie.fr\/"},{"@type":"ListItem","position":2,"name":"Boutique","item":"https:\/\/reflexologieetcie.fr\/index.php\/boutique\/"},{"@type":"ListItem","position":3,"name":"Carte cadeau \u00ab\u00a0Atelier\u00a0\u00bb"}]},{"@type":"WebSite","@id":"https:\/\/reflexologieetcie.fr\/#website","url":"https:\/\/reflexologieetcie.fr\/","name":"R\u00e9flexologieetcie","description":"Un site utilisant WordPress","potentialAction":[{"@type":"SearchAction","target":{"@type":"EntryPoint","urlTemplate":"https:\/\/reflexologieetcie.fr\/?s={search_term_string}"},"query-input":{"@type":"PropertyValueSpecification","valueRequired":true,"valueName":"search_term_string"}}],"inLanguage":"fr-FR"}]}},"_links":{"self":[{"href":"https:\/\/reflexologieetcie.fr\/index.php\/wp-json\/wp\/v2\/product\/1523","targetHints":{"allow":["GET"]}}],"collection":[{"href":"https:\/\/reflexologieetcie.fr\/index.php\/wp-json\/wp\/v2\/product"}],"about":[{"href":"https:\/\/reflexologieetcie.fr\/index.php\/wp-json\/wp\/v2\/types\/product"}],"replies":[{"embeddable":true,"href":"https:\/\/reflexologieetcie.fr\/index.php\/wp-json\/wp\/v2\/comments?post=1523"}],"wp:featuredmedia":[{"embeddable":true,"href":"https:\/\/reflexologieetcie.fr\/index.php\/wp-json\/wp\/v2\/media\/2593"}],"wp:attachment":[{"href":"https:\/\/reflexologieetcie.fr\/index.php\/wp-json\/wp\/v2\/media?parent=1523"}],"wp:term":[{"taxonomy":"product_brand","embeddable":true,"href":"https:\/\/reflexologieetcie.fr\/index.php\/wp-json\/wp\/v2\/product_brand?post=1523"},{"taxonomy":"product_cat","embeddable":true,"href":"https:\/\/reflexologieetcie.fr\/index.php\/wp-json\/wp\/v2\/product_cat?post=1523"},{"taxonomy":"product_tag","embeddable":true,"href":"https:\/\/reflexologieetcie.fr\/index.php\/wp-json\/wp\/v2\/product_tag?post=1523"}],"curies":[{"name":"wp","href":"https:\/\/api.w.org\/{rel}","templated":true}]}}