{"id":1525,"date":"2023-12-06T12:57:40","date_gmt":"2023-12-06T11:57:40","guid":{"rendered":"https:\/\/reflexologieetcie.fr\/?post_type=product&#038;p=1525"},"modified":"2025-07-28T17:07:15","modified_gmt":"2025-07-28T15:07:15","slug":"massage-corporel-pour-enfant","status":"publish","type":"product","link":"https:\/\/reflexologieetcie.fr\/index.php\/produit\/massage-corporel-pour-enfant\/","title":{"rendered":"Carte cadeau \u00ab\u00a0Massage Corporel\u00a0\u00bb pour enfant"},"content":{"rendered":"<p>Dur\u00e9e\u00a0: 2 s\u00e9ances de 45 minutes<br \/>\nTarif : 65 \u20ac<\/p>\n<p>Bon cadeau \u00e0 imprimer apr\u00e8s validation.<\/p>\n","protected":false},"excerpt":{"rendered":"<p>Apprenez \u00e0 masser votre b\u00e9b\u00e9\/enfant sur le corps. Le massage corporel aide les parents \u00e0 mieux d\u00e9tecter les signes \u00e9mis par leur b\u00e9b\u00e9 (langage non verbal, les gestes, les pleurs et les cris).<\/p>\n<p>Tr\u00e8s appr\u00e9ci\u00e9 en cadeau de naissance !<\/p>\n","protected":false},"featured_media":2591,"comment_status":"open","ping_status":"closed","template":"","meta":[],"product_brand":[],"product_cat":[19],"product_tag":[],"class_list":{"0":"post-1525","1":"product","2":"type-product","3":"status-publish","4":"has-post-thumbnail","6":"product_cat-bon-cadeau","8":"entry","9":"has-media","11":"first","12":"instock","13":"downloadable","14":"shipping-taxable","15":"purchasable","16":"product-type-simple","17":"has-product-nav","18":"col","19":"span_1_of_3","20":"owp-content-center","21":"owp-thumbs-layout-horizontal","22":"owp-btn-big","23":"owp-tabs-layout-horizontal","24":"has-no-thumbnails"},"yoast_head":"<!-- This site is optimized with the Yoast SEO plugin v25.9 - https:\/\/yoast.com\/wordpress\/plugins\/seo\/ -->\n<title>Carte cadeau &quot;Massage Corporel&quot; pour enfant - R\u00e9flexologieetcie<\/title>\n<meta name=\"robots\" content=\"index, follow, max-snippet:-1, max-image-preview:large, max-video-preview:-1\" \/>\n<link rel=\"canonical\" href=\"https:\/\/reflexologieetcie.fr\/index.php\/produit\/massage-corporel-pour-enfant\/\" \/>\n<meta property=\"og:locale\" content=\"fr_FR\" \/>\n<meta property=\"og:type\" content=\"article\" \/>\n<meta property=\"og:title\" content=\"Carte cadeau &quot;Massage Corporel&quot; pour enfant - R\u00e9flexologieetcie\" \/>\n<meta property=\"og:description\" content=\"Apprenez \u00e0 masser votre b\u00e9b\u00e9\/enfant sur le corps. Le massage corporel aide les parents \u00e0 mieux d\u00e9tecter les signes \u00e9mis par leur b\u00e9b\u00e9 (langage non verbal, les gestes, les pleurs et les cris).  Tr\u00e8s appr\u00e9ci\u00e9 en cadeau de naissance !\" \/>\n<meta property=\"og:url\" content=\"https:\/\/reflexologieetcie.fr\/index.php\/produit\/massage-corporel-pour-enfant\/\" \/>\n<meta property=\"og:site_name\" content=\"R\u00e9flexologieetcie\" \/>\n<meta property=\"article:modified_time\" content=\"2025-07-28T15:07:15+00:00\" \/>\n<meta property=\"og:image\" content=\"https:\/\/reflexologieetcie.fr\/wp-content\/uploads\/2023\/12\/Massage-corporel-bebe-1.png\" \/>\n\t<meta property=\"og:image:width\" content=\"1080\" \/>\n\t<meta property=\"og:image:height\" content=\"1080\" \/>\n\t<meta property=\"og:image:type\" content=\"image\/png\" \/>\n<meta name=\"twitter:card\" content=\"summary_large_image\" \/>\n<meta name=\"twitter:label1\" content=\"Dur\u00e9e de lecture estim\u00e9e\" \/>\n\t<meta name=\"twitter:data1\" content=\"1 minute\" \/>\n<script type=\"application\/ld+json\" class=\"yoast-schema-graph\">{\"@context\":\"https:\/\/schema.org\",\"@graph\":[{\"@type\":\"WebPage\",\"@id\":\"https:\/\/reflexologieetcie.fr\/index.php\/produit\/massage-corporel-pour-enfant\/\",\"url\":\"https:\/\/reflexologieetcie.fr\/index.php\/produit\/massage-corporel-pour-enfant\/\",\"name\":\"Carte cadeau \\\"Massage Corporel\\\" pour enfant - R\u00e9flexologieetcie\",\"isPartOf\":{\"@id\":\"https:\/\/reflexologieetcie.fr\/#website\"},\"primaryImageOfPage\":{\"@id\":\"https:\/\/reflexologieetcie.fr\/index.php\/produit\/massage-corporel-pour-enfant\/#primaryimage\"},\"image\":{\"@id\":\"https:\/\/reflexologieetcie.fr\/index.php\/produit\/massage-corporel-pour-enfant\/#primaryimage\"},\"thumbnailUrl\":\"https:\/\/reflexologieetcie.fr\/wp-content\/uploads\/2023\/12\/Massage-corporel-bebe-1.png\",\"datePublished\":\"2023-12-06T11:57:40+00:00\",\"dateModified\":\"2025-07-28T15:07:15+00:00\",\"breadcrumb\":{\"@id\":\"https:\/\/reflexologieetcie.fr\/index.php\/produit\/massage-corporel-pour-enfant\/#breadcrumb\"},\"inLanguage\":\"fr-FR\",\"potentialAction\":[{\"@type\":\"ReadAction\",\"target\":[\"https:\/\/reflexologieetcie.fr\/index.php\/produit\/massage-corporel-pour-enfant\/\"]}]},{\"@type\":\"ImageObject\",\"inLanguage\":\"fr-FR\",\"@id\":\"https:\/\/reflexologieetcie.fr\/index.php\/produit\/massage-corporel-pour-enfant\/#primaryimage\",\"url\":\"https:\/\/reflexologieetcie.fr\/wp-content\/uploads\/2023\/12\/Massage-corporel-bebe-1.png\",\"contentUrl\":\"https:\/\/reflexologieetcie.fr\/wp-content\/uploads\/2023\/12\/Massage-corporel-bebe-1.png\",\"width\":1080,\"height\":1080},{\"@type\":\"BreadcrumbList\",\"@id\":\"https:\/\/reflexologieetcie.fr\/index.php\/produit\/massage-corporel-pour-enfant\/#breadcrumb\",\"itemListElement\":[{\"@type\":\"ListItem\",\"position\":1,\"name\":\"Accueil\",\"item\":\"https:\/\/reflexologieetcie.fr\/\"},{\"@type\":\"ListItem\",\"position\":2,\"name\":\"Boutique\",\"item\":\"https:\/\/reflexologieetcie.fr\/index.php\/boutique\/\"},{\"@type\":\"ListItem\",\"position\":3,\"name\":\"Carte cadeau \u00ab\u00a0Massage Corporel\u00a0\u00bb pour enfant\"}]},{\"@type\":\"WebSite\",\"@id\":\"https:\/\/reflexologieetcie.fr\/#website\",\"url\":\"https:\/\/reflexologieetcie.fr\/\",\"name\":\"R\u00e9flexologieetcie\",\"description\":\"Un site utilisant WordPress\",\"potentialAction\":[{\"@type\":\"SearchAction\",\"target\":{\"@type\":\"EntryPoint\",\"urlTemplate\":\"https:\/\/reflexologieetcie.fr\/?s={search_term_string}\"},\"query-input\":{\"@type\":\"PropertyValueSpecification\",\"valueRequired\":true,\"valueName\":\"search_term_string\"}}],\"inLanguage\":\"fr-FR\"}]}<\/script>\n<!-- \/ Yoast SEO plugin. -->","yoast_head_json":{"title":"Carte cadeau \"Massage Corporel\" pour enfant - R\u00e9flexologieetcie","robots":{"index":"index","follow":"follow","max-snippet":"max-snippet:-1","max-image-preview":"max-image-preview:large","max-video-preview":"max-video-preview:-1"},"canonical":"https:\/\/reflexologieetcie.fr\/index.php\/produit\/massage-corporel-pour-enfant\/","og_locale":"fr_FR","og_type":"article","og_title":"Carte cadeau \"Massage Corporel\" pour enfant - R\u00e9flexologieetcie","og_description":"Apprenez \u00e0 masser votre b\u00e9b\u00e9\/enfant sur le corps. Le massage corporel aide les parents \u00e0 mieux d\u00e9tecter les signes \u00e9mis par leur b\u00e9b\u00e9 (langage non verbal, les gestes, les pleurs et les cris).  Tr\u00e8s appr\u00e9ci\u00e9 en cadeau de naissance !","og_url":"https:\/\/reflexologieetcie.fr\/index.php\/produit\/massage-corporel-pour-enfant\/","og_site_name":"R\u00e9flexologieetcie","article_modified_time":"2025-07-28T15:07:15+00:00","og_image":[{"width":1080,"height":1080,"url":"https:\/\/reflexologieetcie.fr\/wp-content\/uploads\/2023\/12\/Massage-corporel-bebe-1.png","type":"image\/png"}],"twitter_card":"summary_large_image","twitter_misc":{"Dur\u00e9e de lecture estim\u00e9e":"1 minute"},"schema":{"@context":"https:\/\/schema.org","@graph":[{"@type":"WebPage","@id":"https:\/\/reflexologieetcie.fr\/index.php\/produit\/massage-corporel-pour-enfant\/","url":"https:\/\/reflexologieetcie.fr\/index.php\/produit\/massage-corporel-pour-enfant\/","name":"Carte cadeau \"Massage Corporel\" pour enfant - R\u00e9flexologieetcie","isPartOf":{"@id":"https:\/\/reflexologieetcie.fr\/#website"},"primaryImageOfPage":{"@id":"https:\/\/reflexologieetcie.fr\/index.php\/produit\/massage-corporel-pour-enfant\/#primaryimage"},"image":{"@id":"https:\/\/reflexologieetcie.fr\/index.php\/produit\/massage-corporel-pour-enfant\/#primaryimage"},"thumbnailUrl":"https:\/\/reflexologieetcie.fr\/wp-content\/uploads\/2023\/12\/Massage-corporel-bebe-1.png","datePublished":"2023-12-06T11:57:40+00:00","dateModified":"2025-07-28T15:07:15+00:00","breadcrumb":{"@id":"https:\/\/reflexologieetcie.fr\/index.php\/produit\/massage-corporel-pour-enfant\/#breadcrumb"},"inLanguage":"fr-FR","potentialAction":[{"@type":"ReadAction","target":["https:\/\/reflexologieetcie.fr\/index.php\/produit\/massage-corporel-pour-enfant\/"]}]},{"@type":"ImageObject","inLanguage":"fr-FR","@id":"https:\/\/reflexologieetcie.fr\/index.php\/produit\/massage-corporel-pour-enfant\/#primaryimage","url":"https:\/\/reflexologieetcie.fr\/wp-content\/uploads\/2023\/12\/Massage-corporel-bebe-1.png","contentUrl":"https:\/\/reflexologieetcie.fr\/wp-content\/uploads\/2023\/12\/Massage-corporel-bebe-1.png","width":1080,"height":1080},{"@type":"BreadcrumbList","@id":"https:\/\/reflexologieetcie.fr\/index.php\/produit\/massage-corporel-pour-enfant\/#breadcrumb","itemListElement":[{"@type":"ListItem","position":1,"name":"Accueil","item":"https:\/\/reflexologieetcie.fr\/"},{"@type":"ListItem","position":2,"name":"Boutique","item":"https:\/\/reflexologieetcie.fr\/index.php\/boutique\/"},{"@type":"ListItem","position":3,"name":"Carte cadeau \u00ab\u00a0Massage Corporel\u00a0\u00bb pour enfant"}]},{"@type":"WebSite","@id":"https:\/\/reflexologieetcie.fr\/#website","url":"https:\/\/reflexologieetcie.fr\/","name":"R\u00e9flexologieetcie","description":"Un site utilisant WordPress","potentialAction":[{"@type":"SearchAction","target":{"@type":"EntryPoint","urlTemplate":"https:\/\/reflexologieetcie.fr\/?s={search_term_string}"},"query-input":{"@type":"PropertyValueSpecification","valueRequired":true,"valueName":"search_term_string"}}],"inLanguage":"fr-FR"}]}},"_links":{"self":[{"href":"https:\/\/reflexologieetcie.fr\/index.php\/wp-json\/wp\/v2\/product\/1525","targetHints":{"allow":["GET"]}}],"collection":[{"href":"https:\/\/reflexologieetcie.fr\/index.php\/wp-json\/wp\/v2\/product"}],"about":[{"href":"https:\/\/reflexologieetcie.fr\/index.php\/wp-json\/wp\/v2\/types\/product"}],"replies":[{"embeddable":true,"href":"https:\/\/reflexologieetcie.fr\/index.php\/wp-json\/wp\/v2\/comments?post=1525"}],"wp:featuredmedia":[{"embeddable":true,"href":"https:\/\/reflexologieetcie.fr\/index.php\/wp-json\/wp\/v2\/media\/2591"}],"wp:attachment":[{"href":"https:\/\/reflexologieetcie.fr\/index.php\/wp-json\/wp\/v2\/media?parent=1525"}],"wp:term":[{"taxonomy":"product_brand","embeddable":true,"href":"https:\/\/reflexologieetcie.fr\/index.php\/wp-json\/wp\/v2\/product_brand?post=1525"},{"taxonomy":"product_cat","embeddable":true,"href":"https:\/\/reflexologieetcie.fr\/index.php\/wp-json\/wp\/v2\/product_cat?post=1525"},{"taxonomy":"product_tag","embeddable":true,"href":"https:\/\/reflexologieetcie.fr\/index.php\/wp-json\/wp\/v2\/product_tag?post=1525"}],"curies":[{"name":"wp","href":"https:\/\/api.w.org\/{rel}","templated":true}]}}