{"id":1527,"date":"2023-12-06T13:30:49","date_gmt":"2023-12-06T12:30:49","guid":{"rendered":"https:\/\/reflexologieetcie.fr\/?post_type=product&#038;p=1527"},"modified":"2025-07-28T17:06:29","modified_gmt":"2025-07-28T15:06:29","slug":"seance-a-distance-visio","status":"publish","type":"product","link":"https:\/\/reflexologieetcie.fr\/index.php\/produit\/seance-a-distance-visio\/","title":{"rendered":"Carte cadeau \u00ab\u00a0S\u00e9ance \u00e0 Distance\u00a0\u00bb (visio)"},"content":{"rendered":"<p>Dur\u00e9e\u00a0: 60 minutes<br \/>\nTarif : 60 \u20ac<\/p>\n<p>Bon cadeau \u00e0 imprimer apr\u00e8s validation.<\/p>\n","protected":false},"excerpt":{"rendered":"<p><strong data-start=\"155\" data-end=\"211\">S\u00e9ance en visio \u2013 Hypnose, magn\u00e9tisme ou cartomancie<\/strong><\/p>\n<p>Un accompagnement \u00e0 distance, tout en douceur, pour :<br data-start=\"267\" data-end=\"270\" \/>\u2013 Mettre des mots sur vos maux<br data-start=\"300\" data-end=\"303\" \/>\u2013 Identifier et lib\u00e9rer les blocages \u00e9motionnels ou \u00e9nerg\u00e9tiques<br data-start=\"367\" data-end=\"370\" \/>\u2013 Recevoir des cl\u00e9s de compr\u00e9hension pour avancer avec plus de clart\u00e9 et de s\u00e9r\u00e9nit\u00e9<\/p>\n","protected":false},"featured_media":2600,"comment_status":"open","ping_status":"closed","template":"","meta":[],"product_brand":[],"product_cat":[19],"product_tag":[],"class_list":{"0":"post-1527","1":"product","2":"type-product","3":"status-publish","4":"has-post-thumbnail","6":"product_cat-bon-cadeau","8":"entry","9":"has-media","11":"first","12":"instock","13":"downloadable","14":"shipping-taxable","15":"purchasable","16":"product-type-simple","17":"has-product-nav","18":"col","19":"span_1_of_3","20":"owp-content-center","21":"owp-thumbs-layout-horizontal","22":"owp-btn-big","23":"owp-tabs-layout-horizontal","24":"has-no-thumbnails"},"yoast_head":"<!-- This site is optimized with the Yoast SEO plugin v25.9 - https:\/\/yoast.com\/wordpress\/plugins\/seo\/ -->\n<title>Carte cadeau &quot;S\u00e9ance \u00e0 Distance&quot; (visio) - R\u00e9flexologieetcie<\/title>\n<meta name=\"robots\" content=\"index, follow, max-snippet:-1, max-image-preview:large, max-video-preview:-1\" \/>\n<link rel=\"canonical\" href=\"https:\/\/reflexologieetcie.fr\/index.php\/produit\/seance-a-distance-visio\/\" \/>\n<meta property=\"og:locale\" content=\"fr_FR\" \/>\n<meta property=\"og:type\" content=\"article\" \/>\n<meta property=\"og:title\" content=\"Carte cadeau &quot;S\u00e9ance \u00e0 Distance&quot; (visio) - R\u00e9flexologieetcie\" \/>\n<meta property=\"og:description\" content=\"S\u00e9ance en visio \u2013 Hypnose, magn\u00e9tisme ou cartomancie  Un accompagnement \u00e0 distance, tout en douceur, pour :\u2013 Mettre des mots sur vos maux\u2013 Identifier et lib\u00e9rer les blocages \u00e9motionnels ou \u00e9nerg\u00e9tiques\u2013 Recevoir des cl\u00e9s de compr\u00e9hension pour avancer avec plus de clart\u00e9 et de s\u00e9r\u00e9nit\u00e9\" \/>\n<meta property=\"og:url\" content=\"https:\/\/reflexologieetcie.fr\/index.php\/produit\/seance-a-distance-visio\/\" \/>\n<meta property=\"og:site_name\" content=\"R\u00e9flexologieetcie\" \/>\n<meta property=\"article:modified_time\" content=\"2025-07-28T15:06:29+00:00\" \/>\n<meta property=\"og:image\" content=\"https:\/\/reflexologieetcie.fr\/wp-content\/uploads\/2023\/12\/Seance-a-distance-1.png\" \/>\n\t<meta property=\"og:image:width\" content=\"1080\" \/>\n\t<meta property=\"og:image:height\" content=\"1080\" \/>\n\t<meta property=\"og:image:type\" content=\"image\/png\" \/>\n<meta name=\"twitter:card\" content=\"summary_large_image\" \/>\n<meta name=\"twitter:label1\" content=\"Dur\u00e9e de lecture estim\u00e9e\" \/>\n\t<meta name=\"twitter:data1\" content=\"1 minute\" \/>\n<script type=\"application\/ld+json\" class=\"yoast-schema-graph\">{\"@context\":\"https:\/\/schema.org\",\"@graph\":[{\"@type\":\"WebPage\",\"@id\":\"https:\/\/reflexologieetcie.fr\/index.php\/produit\/seance-a-distance-visio\/\",\"url\":\"https:\/\/reflexologieetcie.fr\/index.php\/produit\/seance-a-distance-visio\/\",\"name\":\"Carte cadeau \\\"S\u00e9ance \u00e0 Distance\\\" (visio) - R\u00e9flexologieetcie\",\"isPartOf\":{\"@id\":\"https:\/\/reflexologieetcie.fr\/#website\"},\"primaryImageOfPage\":{\"@id\":\"https:\/\/reflexologieetcie.fr\/index.php\/produit\/seance-a-distance-visio\/#primaryimage\"},\"image\":{\"@id\":\"https:\/\/reflexologieetcie.fr\/index.php\/produit\/seance-a-distance-visio\/#primaryimage\"},\"thumbnailUrl\":\"https:\/\/reflexologieetcie.fr\/wp-content\/uploads\/2023\/12\/Seance-a-distance-1.png\",\"datePublished\":\"2023-12-06T12:30:49+00:00\",\"dateModified\":\"2025-07-28T15:06:29+00:00\",\"breadcrumb\":{\"@id\":\"https:\/\/reflexologieetcie.fr\/index.php\/produit\/seance-a-distance-visio\/#breadcrumb\"},\"inLanguage\":\"fr-FR\",\"potentialAction\":[{\"@type\":\"ReadAction\",\"target\":[\"https:\/\/reflexologieetcie.fr\/index.php\/produit\/seance-a-distance-visio\/\"]}]},{\"@type\":\"ImageObject\",\"inLanguage\":\"fr-FR\",\"@id\":\"https:\/\/reflexologieetcie.fr\/index.php\/produit\/seance-a-distance-visio\/#primaryimage\",\"url\":\"https:\/\/reflexologieetcie.fr\/wp-content\/uploads\/2023\/12\/Seance-a-distance-1.png\",\"contentUrl\":\"https:\/\/reflexologieetcie.fr\/wp-content\/uploads\/2023\/12\/Seance-a-distance-1.png\",\"width\":1080,\"height\":1080},{\"@type\":\"BreadcrumbList\",\"@id\":\"https:\/\/reflexologieetcie.fr\/index.php\/produit\/seance-a-distance-visio\/#breadcrumb\",\"itemListElement\":[{\"@type\":\"ListItem\",\"position\":1,\"name\":\"Accueil\",\"item\":\"https:\/\/reflexologieetcie.fr\/\"},{\"@type\":\"ListItem\",\"position\":2,\"name\":\"Boutique\",\"item\":\"https:\/\/reflexologieetcie.fr\/index.php\/boutique\/\"},{\"@type\":\"ListItem\",\"position\":3,\"name\":\"Carte cadeau \u00ab\u00a0S\u00e9ance \u00e0 Distance\u00a0\u00bb (visio)\"}]},{\"@type\":\"WebSite\",\"@id\":\"https:\/\/reflexologieetcie.fr\/#website\",\"url\":\"https:\/\/reflexologieetcie.fr\/\",\"name\":\"R\u00e9flexologieetcie\",\"description\":\"Un site utilisant WordPress\",\"potentialAction\":[{\"@type\":\"SearchAction\",\"target\":{\"@type\":\"EntryPoint\",\"urlTemplate\":\"https:\/\/reflexologieetcie.fr\/?s={search_term_string}\"},\"query-input\":{\"@type\":\"PropertyValueSpecification\",\"valueRequired\":true,\"valueName\":\"search_term_string\"}}],\"inLanguage\":\"fr-FR\"}]}<\/script>\n<!-- \/ Yoast SEO plugin. -->","yoast_head_json":{"title":"Carte cadeau \"S\u00e9ance \u00e0 Distance\" (visio) - R\u00e9flexologieetcie","robots":{"index":"index","follow":"follow","max-snippet":"max-snippet:-1","max-image-preview":"max-image-preview:large","max-video-preview":"max-video-preview:-1"},"canonical":"https:\/\/reflexologieetcie.fr\/index.php\/produit\/seance-a-distance-visio\/","og_locale":"fr_FR","og_type":"article","og_title":"Carte cadeau \"S\u00e9ance \u00e0 Distance\" (visio) - R\u00e9flexologieetcie","og_description":"S\u00e9ance en visio \u2013 Hypnose, magn\u00e9tisme ou cartomancie  Un accompagnement \u00e0 distance, tout en douceur, pour :\u2013 Mettre des mots sur vos maux\u2013 Identifier et lib\u00e9rer les blocages \u00e9motionnels ou \u00e9nerg\u00e9tiques\u2013 Recevoir des cl\u00e9s de compr\u00e9hension pour avancer avec plus de clart\u00e9 et de s\u00e9r\u00e9nit\u00e9","og_url":"https:\/\/reflexologieetcie.fr\/index.php\/produit\/seance-a-distance-visio\/","og_site_name":"R\u00e9flexologieetcie","article_modified_time":"2025-07-28T15:06:29+00:00","og_image":[{"width":1080,"height":1080,"url":"https:\/\/reflexologieetcie.fr\/wp-content\/uploads\/2023\/12\/Seance-a-distance-1.png","type":"image\/png"}],"twitter_card":"summary_large_image","twitter_misc":{"Dur\u00e9e de lecture estim\u00e9e":"1 minute"},"schema":{"@context":"https:\/\/schema.org","@graph":[{"@type":"WebPage","@id":"https:\/\/reflexologieetcie.fr\/index.php\/produit\/seance-a-distance-visio\/","url":"https:\/\/reflexologieetcie.fr\/index.php\/produit\/seance-a-distance-visio\/","name":"Carte cadeau \"S\u00e9ance \u00e0 Distance\" (visio) - R\u00e9flexologieetcie","isPartOf":{"@id":"https:\/\/reflexologieetcie.fr\/#website"},"primaryImageOfPage":{"@id":"https:\/\/reflexologieetcie.fr\/index.php\/produit\/seance-a-distance-visio\/#primaryimage"},"image":{"@id":"https:\/\/reflexologieetcie.fr\/index.php\/produit\/seance-a-distance-visio\/#primaryimage"},"thumbnailUrl":"https:\/\/reflexologieetcie.fr\/wp-content\/uploads\/2023\/12\/Seance-a-distance-1.png","datePublished":"2023-12-06T12:30:49+00:00","dateModified":"2025-07-28T15:06:29+00:00","breadcrumb":{"@id":"https:\/\/reflexologieetcie.fr\/index.php\/produit\/seance-a-distance-visio\/#breadcrumb"},"inLanguage":"fr-FR","potentialAction":[{"@type":"ReadAction","target":["https:\/\/reflexologieetcie.fr\/index.php\/produit\/seance-a-distance-visio\/"]}]},{"@type":"ImageObject","inLanguage":"fr-FR","@id":"https:\/\/reflexologieetcie.fr\/index.php\/produit\/seance-a-distance-visio\/#primaryimage","url":"https:\/\/reflexologieetcie.fr\/wp-content\/uploads\/2023\/12\/Seance-a-distance-1.png","contentUrl":"https:\/\/reflexologieetcie.fr\/wp-content\/uploads\/2023\/12\/Seance-a-distance-1.png","width":1080,"height":1080},{"@type":"BreadcrumbList","@id":"https:\/\/reflexologieetcie.fr\/index.php\/produit\/seance-a-distance-visio\/#breadcrumb","itemListElement":[{"@type":"ListItem","position":1,"name":"Accueil","item":"https:\/\/reflexologieetcie.fr\/"},{"@type":"ListItem","position":2,"name":"Boutique","item":"https:\/\/reflexologieetcie.fr\/index.php\/boutique\/"},{"@type":"ListItem","position":3,"name":"Carte cadeau \u00ab\u00a0S\u00e9ance \u00e0 Distance\u00a0\u00bb (visio)"}]},{"@type":"WebSite","@id":"https:\/\/reflexologieetcie.fr\/#website","url":"https:\/\/reflexologieetcie.fr\/","name":"R\u00e9flexologieetcie","description":"Un site utilisant WordPress","potentialAction":[{"@type":"SearchAction","target":{"@type":"EntryPoint","urlTemplate":"https:\/\/reflexologieetcie.fr\/?s={search_term_string}"},"query-input":{"@type":"PropertyValueSpecification","valueRequired":true,"valueName":"search_term_string"}}],"inLanguage":"fr-FR"}]}},"_links":{"self":[{"href":"https:\/\/reflexologieetcie.fr\/index.php\/wp-json\/wp\/v2\/product\/1527","targetHints":{"allow":["GET"]}}],"collection":[{"href":"https:\/\/reflexologieetcie.fr\/index.php\/wp-json\/wp\/v2\/product"}],"about":[{"href":"https:\/\/reflexologieetcie.fr\/index.php\/wp-json\/wp\/v2\/types\/product"}],"replies":[{"embeddable":true,"href":"https:\/\/reflexologieetcie.fr\/index.php\/wp-json\/wp\/v2\/comments?post=1527"}],"wp:featuredmedia":[{"embeddable":true,"href":"https:\/\/reflexologieetcie.fr\/index.php\/wp-json\/wp\/v2\/media\/2600"}],"wp:attachment":[{"href":"https:\/\/reflexologieetcie.fr\/index.php\/wp-json\/wp\/v2\/media?parent=1527"}],"wp:term":[{"taxonomy":"product_brand","embeddable":true,"href":"https:\/\/reflexologieetcie.fr\/index.php\/wp-json\/wp\/v2\/product_brand?post=1527"},{"taxonomy":"product_cat","embeddable":true,"href":"https:\/\/reflexologieetcie.fr\/index.php\/wp-json\/wp\/v2\/product_cat?post=1527"},{"taxonomy":"product_tag","embeddable":true,"href":"https:\/\/reflexologieetcie.fr\/index.php\/wp-json\/wp\/v2\/product_tag?post=1527"}],"curies":[{"name":"wp","href":"https:\/\/api.w.org\/{rel}","templated":true}]}}