{"id":1529,"date":"2023-12-06T13:41:15","date_gmt":"2023-12-06T12:41:15","guid":{"rendered":"https:\/\/reflexologieetcie.fr\/?post_type=product&#038;p=1529"},"modified":"2025-07-28T17:05:51","modified_gmt":"2025-07-28T15:05:51","slug":"soin-a-distance-sur-photo","status":"publish","type":"product","link":"https:\/\/reflexologieetcie.fr\/index.php\/produit\/soin-a-distance-sur-photo\/","title":{"rendered":"Carte cadeau \u00ab\u00a0Soin \u00e0 distance\u00a0\u00bb sur photo"},"content":{"rendered":"<p>Tarif : 25 \u20ac<\/p>\n<p>Bon cadeau \u00e0 imprimer apr\u00e8s validation.<\/p>\n","protected":false},"excerpt":{"rendered":"<p data-start=\"139\" data-end=\"205\"><strong data-start=\"139\" data-end=\"205\">Soin \u00e0 distance \u2013 Sur photo (yeux visibles) avec nom et pr\u00e9nom<\/strong><\/p>\n<p data-start=\"207\" data-end=\"536\">Un soin \u00e9nerg\u00e9tique cibl\u00e9, r\u00e9alis\u00e9 \u00e0 distance, pour apaiser et r\u00e9\u00e9quilibrer le corps et l\u2019esprit.<br data-start=\"304\" data-end=\"307\" \/>Indiqu\u00e9 pour :<br data-start=\"321\" data-end=\"324\" \/>\u2013 Vers intestinaux<br data-start=\"342\" data-end=\"345\" \/>\u2013 Stress, anxi\u00e9t\u00e9, troubles du sommeil<br data-start=\"383\" data-end=\"386\" \/>\u2013 Probl\u00e8mes digestifs, br\u00fblures, affections cutan\u00e9es<br data-start=\"438\" data-end=\"441\" \/>\u2013 Sympt\u00f4mes li\u00e9s aux phases lunaires<br data-start=\"477\" data-end=\"480\" \/>Et bien d\u2019autres d\u00e9s\u00e9quilibres physiques ou \u00e9motionnels.<\/p>\n<p data-start=\"538\" data-end=\"600\">Un temps de soin doux, efficace, accessible o\u00f9 que vous soyez.<\/p>\n","protected":false},"featured_media":2601,"comment_status":"open","ping_status":"closed","template":"","meta":[],"product_brand":[],"product_cat":[19],"product_tag":[],"class_list":{"0":"post-1529","1":"product","2":"type-product","3":"status-publish","4":"has-post-thumbnail","6":"product_cat-bon-cadeau","8":"entry","9":"has-media","11":"first","12":"instock","13":"downloadable","14":"shipping-taxable","15":"purchasable","16":"product-type-simple","17":"has-product-nav","18":"col","19":"span_1_of_3","20":"owp-content-center","21":"owp-thumbs-layout-horizontal","22":"owp-btn-big","23":"owp-tabs-layout-horizontal","24":"has-no-thumbnails"},"yoast_head":"<!-- This site is optimized with the Yoast SEO plugin v25.9 - https:\/\/yoast.com\/wordpress\/plugins\/seo\/ -->\n<title>Carte cadeau &quot;Soin \u00e0 distance&quot; sur photo - R\u00e9flexologieetcie<\/title>\n<meta name=\"robots\" content=\"index, follow, max-snippet:-1, max-image-preview:large, max-video-preview:-1\" \/>\n<link rel=\"canonical\" href=\"https:\/\/reflexologieetcie.fr\/index.php\/produit\/soin-a-distance-sur-photo\/\" \/>\n<meta property=\"og:locale\" content=\"fr_FR\" \/>\n<meta property=\"og:type\" content=\"article\" \/>\n<meta property=\"og:title\" content=\"Carte cadeau &quot;Soin \u00e0 distance&quot; sur photo - R\u00e9flexologieetcie\" \/>\n<meta property=\"og:description\" content=\"Soin \u00e0 distance \u2013 Sur photo (yeux visibles) avec nom et pr\u00e9nom Un soin \u00e9nerg\u00e9tique cibl\u00e9, r\u00e9alis\u00e9 \u00e0 distance, pour apaiser et r\u00e9\u00e9quilibrer le corps et l\u2019esprit.Indiqu\u00e9 pour :\u2013 Vers intestinaux\u2013 Stress, anxi\u00e9t\u00e9, troubles du sommeil\u2013 Probl\u00e8mes digestifs, br\u00fblures, affections cutan\u00e9es\u2013 Sympt\u00f4mes li\u00e9s aux phases lunairesEt bien d\u2019autres d\u00e9s\u00e9quilibres physiques ou \u00e9motionnels. Un temps de soin doux, efficace, accessible o\u00f9 que vous soyez.\" \/>\n<meta property=\"og:url\" content=\"https:\/\/reflexologieetcie.fr\/index.php\/produit\/soin-a-distance-sur-photo\/\" \/>\n<meta property=\"og:site_name\" content=\"R\u00e9flexologieetcie\" \/>\n<meta property=\"article:modified_time\" content=\"2025-07-28T15:05:51+00:00\" \/>\n<meta property=\"og:image\" content=\"https:\/\/reflexologieetcie.fr\/wp-content\/uploads\/2023\/12\/Soin-a-distance-1.png\" \/>\n\t<meta property=\"og:image:width\" content=\"1080\" \/>\n\t<meta property=\"og:image:height\" content=\"1080\" \/>\n\t<meta property=\"og:image:type\" content=\"image\/png\" \/>\n<meta name=\"twitter:card\" content=\"summary_large_image\" \/>\n<meta name=\"twitter:label1\" content=\"Dur\u00e9e de lecture estim\u00e9e\" \/>\n\t<meta name=\"twitter:data1\" content=\"1 minute\" \/>\n<script type=\"application\/ld+json\" class=\"yoast-schema-graph\">{\"@context\":\"https:\/\/schema.org\",\"@graph\":[{\"@type\":\"WebPage\",\"@id\":\"https:\/\/reflexologieetcie.fr\/index.php\/produit\/soin-a-distance-sur-photo\/\",\"url\":\"https:\/\/reflexologieetcie.fr\/index.php\/produit\/soin-a-distance-sur-photo\/\",\"name\":\"Carte cadeau \\\"Soin \u00e0 distance\\\" sur photo - R\u00e9flexologieetcie\",\"isPartOf\":{\"@id\":\"https:\/\/reflexologieetcie.fr\/#website\"},\"primaryImageOfPage\":{\"@id\":\"https:\/\/reflexologieetcie.fr\/index.php\/produit\/soin-a-distance-sur-photo\/#primaryimage\"},\"image\":{\"@id\":\"https:\/\/reflexologieetcie.fr\/index.php\/produit\/soin-a-distance-sur-photo\/#primaryimage\"},\"thumbnailUrl\":\"https:\/\/reflexologieetcie.fr\/wp-content\/uploads\/2023\/12\/Soin-a-distance-1.png\",\"datePublished\":\"2023-12-06T12:41:15+00:00\",\"dateModified\":\"2025-07-28T15:05:51+00:00\",\"breadcrumb\":{\"@id\":\"https:\/\/reflexologieetcie.fr\/index.php\/produit\/soin-a-distance-sur-photo\/#breadcrumb\"},\"inLanguage\":\"fr-FR\",\"potentialAction\":[{\"@type\":\"ReadAction\",\"target\":[\"https:\/\/reflexologieetcie.fr\/index.php\/produit\/soin-a-distance-sur-photo\/\"]}]},{\"@type\":\"ImageObject\",\"inLanguage\":\"fr-FR\",\"@id\":\"https:\/\/reflexologieetcie.fr\/index.php\/produit\/soin-a-distance-sur-photo\/#primaryimage\",\"url\":\"https:\/\/reflexologieetcie.fr\/wp-content\/uploads\/2023\/12\/Soin-a-distance-1.png\",\"contentUrl\":\"https:\/\/reflexologieetcie.fr\/wp-content\/uploads\/2023\/12\/Soin-a-distance-1.png\",\"width\":1080,\"height\":1080},{\"@type\":\"BreadcrumbList\",\"@id\":\"https:\/\/reflexologieetcie.fr\/index.php\/produit\/soin-a-distance-sur-photo\/#breadcrumb\",\"itemListElement\":[{\"@type\":\"ListItem\",\"position\":1,\"name\":\"Accueil\",\"item\":\"https:\/\/reflexologieetcie.fr\/\"},{\"@type\":\"ListItem\",\"position\":2,\"name\":\"Boutique\",\"item\":\"https:\/\/reflexologieetcie.fr\/index.php\/boutique\/\"},{\"@type\":\"ListItem\",\"position\":3,\"name\":\"Carte cadeau \u00ab\u00a0Soin \u00e0 distance\u00a0\u00bb sur photo\"}]},{\"@type\":\"WebSite\",\"@id\":\"https:\/\/reflexologieetcie.fr\/#website\",\"url\":\"https:\/\/reflexologieetcie.fr\/\",\"name\":\"R\u00e9flexologieetcie\",\"description\":\"Un site utilisant WordPress\",\"potentialAction\":[{\"@type\":\"SearchAction\",\"target\":{\"@type\":\"EntryPoint\",\"urlTemplate\":\"https:\/\/reflexologieetcie.fr\/?s={search_term_string}\"},\"query-input\":{\"@type\":\"PropertyValueSpecification\",\"valueRequired\":true,\"valueName\":\"search_term_string\"}}],\"inLanguage\":\"fr-FR\"}]}<\/script>\n<!-- \/ Yoast SEO plugin. -->","yoast_head_json":{"title":"Carte cadeau \"Soin \u00e0 distance\" sur photo - R\u00e9flexologieetcie","robots":{"index":"index","follow":"follow","max-snippet":"max-snippet:-1","max-image-preview":"max-image-preview:large","max-video-preview":"max-video-preview:-1"},"canonical":"https:\/\/reflexologieetcie.fr\/index.php\/produit\/soin-a-distance-sur-photo\/","og_locale":"fr_FR","og_type":"article","og_title":"Carte cadeau \"Soin \u00e0 distance\" sur photo - R\u00e9flexologieetcie","og_description":"Soin \u00e0 distance \u2013 Sur photo (yeux visibles) avec nom et pr\u00e9nom Un soin \u00e9nerg\u00e9tique cibl\u00e9, r\u00e9alis\u00e9 \u00e0 distance, pour apaiser et r\u00e9\u00e9quilibrer le corps et l\u2019esprit.Indiqu\u00e9 pour :\u2013 Vers intestinaux\u2013 Stress, anxi\u00e9t\u00e9, troubles du sommeil\u2013 Probl\u00e8mes digestifs, br\u00fblures, affections cutan\u00e9es\u2013 Sympt\u00f4mes li\u00e9s aux phases lunairesEt bien d\u2019autres d\u00e9s\u00e9quilibres physiques ou \u00e9motionnels. Un temps de soin doux, efficace, accessible o\u00f9 que vous soyez.","og_url":"https:\/\/reflexologieetcie.fr\/index.php\/produit\/soin-a-distance-sur-photo\/","og_site_name":"R\u00e9flexologieetcie","article_modified_time":"2025-07-28T15:05:51+00:00","og_image":[{"width":1080,"height":1080,"url":"https:\/\/reflexologieetcie.fr\/wp-content\/uploads\/2023\/12\/Soin-a-distance-1.png","type":"image\/png"}],"twitter_card":"summary_large_image","twitter_misc":{"Dur\u00e9e de lecture estim\u00e9e":"1 minute"},"schema":{"@context":"https:\/\/schema.org","@graph":[{"@type":"WebPage","@id":"https:\/\/reflexologieetcie.fr\/index.php\/produit\/soin-a-distance-sur-photo\/","url":"https:\/\/reflexologieetcie.fr\/index.php\/produit\/soin-a-distance-sur-photo\/","name":"Carte cadeau \"Soin \u00e0 distance\" sur photo - R\u00e9flexologieetcie","isPartOf":{"@id":"https:\/\/reflexologieetcie.fr\/#website"},"primaryImageOfPage":{"@id":"https:\/\/reflexologieetcie.fr\/index.php\/produit\/soin-a-distance-sur-photo\/#primaryimage"},"image":{"@id":"https:\/\/reflexologieetcie.fr\/index.php\/produit\/soin-a-distance-sur-photo\/#primaryimage"},"thumbnailUrl":"https:\/\/reflexologieetcie.fr\/wp-content\/uploads\/2023\/12\/Soin-a-distance-1.png","datePublished":"2023-12-06T12:41:15+00:00","dateModified":"2025-07-28T15:05:51+00:00","breadcrumb":{"@id":"https:\/\/reflexologieetcie.fr\/index.php\/produit\/soin-a-distance-sur-photo\/#breadcrumb"},"inLanguage":"fr-FR","potentialAction":[{"@type":"ReadAction","target":["https:\/\/reflexologieetcie.fr\/index.php\/produit\/soin-a-distance-sur-photo\/"]}]},{"@type":"ImageObject","inLanguage":"fr-FR","@id":"https:\/\/reflexologieetcie.fr\/index.php\/produit\/soin-a-distance-sur-photo\/#primaryimage","url":"https:\/\/reflexologieetcie.fr\/wp-content\/uploads\/2023\/12\/Soin-a-distance-1.png","contentUrl":"https:\/\/reflexologieetcie.fr\/wp-content\/uploads\/2023\/12\/Soin-a-distance-1.png","width":1080,"height":1080},{"@type":"BreadcrumbList","@id":"https:\/\/reflexologieetcie.fr\/index.php\/produit\/soin-a-distance-sur-photo\/#breadcrumb","itemListElement":[{"@type":"ListItem","position":1,"name":"Accueil","item":"https:\/\/reflexologieetcie.fr\/"},{"@type":"ListItem","position":2,"name":"Boutique","item":"https:\/\/reflexologieetcie.fr\/index.php\/boutique\/"},{"@type":"ListItem","position":3,"name":"Carte cadeau \u00ab\u00a0Soin \u00e0 distance\u00a0\u00bb sur photo"}]},{"@type":"WebSite","@id":"https:\/\/reflexologieetcie.fr\/#website","url":"https:\/\/reflexologieetcie.fr\/","name":"R\u00e9flexologieetcie","description":"Un site utilisant WordPress","potentialAction":[{"@type":"SearchAction","target":{"@type":"EntryPoint","urlTemplate":"https:\/\/reflexologieetcie.fr\/?s={search_term_string}"},"query-input":{"@type":"PropertyValueSpecification","valueRequired":true,"valueName":"search_term_string"}}],"inLanguage":"fr-FR"}]}},"_links":{"self":[{"href":"https:\/\/reflexologieetcie.fr\/index.php\/wp-json\/wp\/v2\/product\/1529","targetHints":{"allow":["GET"]}}],"collection":[{"href":"https:\/\/reflexologieetcie.fr\/index.php\/wp-json\/wp\/v2\/product"}],"about":[{"href":"https:\/\/reflexologieetcie.fr\/index.php\/wp-json\/wp\/v2\/types\/product"}],"replies":[{"embeddable":true,"href":"https:\/\/reflexologieetcie.fr\/index.php\/wp-json\/wp\/v2\/comments?post=1529"}],"wp:featuredmedia":[{"embeddable":true,"href":"https:\/\/reflexologieetcie.fr\/index.php\/wp-json\/wp\/v2\/media\/2601"}],"wp:attachment":[{"href":"https:\/\/reflexologieetcie.fr\/index.php\/wp-json\/wp\/v2\/media?parent=1529"}],"wp:term":[{"taxonomy":"product_brand","embeddable":true,"href":"https:\/\/reflexologieetcie.fr\/index.php\/wp-json\/wp\/v2\/product_brand?post=1529"},{"taxonomy":"product_cat","embeddable":true,"href":"https:\/\/reflexologieetcie.fr\/index.php\/wp-json\/wp\/v2\/product_cat?post=1529"},{"taxonomy":"product_tag","embeddable":true,"href":"https:\/\/reflexologieetcie.fr\/index.php\/wp-json\/wp\/v2\/product_tag?post=1529"}],"curies":[{"name":"wp","href":"https:\/\/api.w.org\/{rel}","templated":true}]}}