{"id":2695,"date":"2025-08-01T18:44:52","date_gmt":"2025-08-01T16:44:52","guid":{"rendered":"https:\/\/reflexologieetcie.fr\/?post_type=product&#038;p=2695"},"modified":"2025-09-18T15:03:30","modified_gmt":"2025-09-18T13:03:30","slug":"oracle-refaire-briller-ses-yeux","status":"publish","type":"product","link":"https:\/\/reflexologieetcie.fr\/index.php\/produit\/oracle-refaire-briller-ses-yeux\/","title":{"rendered":"2. Oracle : Refaire briller ses yeux"},"content":{"rendered":"","protected":false},"excerpt":{"rendered":"<p><strong>\u00ab\u00a0Refaire briller ses yeux\u00a0\u00bb<\/strong> est un oracle de gu\u00e9rison et de reconnexion \u00e0 soi, cr\u00e9\u00e9 pour celles et ceux qui traversent l\u2019ombre, les doutes, les blessures\u2026 et qui aspirent \u00e0 retrouver leur lumi\u00e8re.<\/p>\n<p>Chaque carte est une \u00e9tincelle d\u2019espoir, un message d\u2019\u00e2me, une invitation \u00e0 se relever, \u00e0 s\u2019aimer \u00e0 nouveau, et \u00e0 honorer sa propre v\u00e9rit\u00e9.<br \/>\nCet oracle te guide avec tendresse vers plus de confiance, d\u2019alignement et d\u2019amour de toi.<\/p>\n<p><strong>Un chemin de renaissance<\/strong>, pour redonner vie \u00e0 ton regard, \u00e0 ta joie, \u00e0 ta puissance sensible.<\/p>\n<p>Oracle de\u00a0 50 cartes<\/p>\n","protected":false},"featured_media":2710,"comment_status":"open","ping_status":"closed","template":"","meta":[],"product_brand":[],"product_cat":[21],"product_tag":[],"class_list":{"0":"post-2695","1":"product","2":"type-product","3":"status-publish","4":"has-post-thumbnail","6":"product_cat-oracles","8":"entry","9":"has-media","11":"first","12":"instock","13":"shipping-taxable","14":"purchasable","15":"product-type-simple","16":"has-product-nav","17":"col","18":"span_1_of_3","19":"owp-content-center","20":"owp-thumbs-layout-horizontal","21":"owp-btn-big","22":"owp-tabs-layout-horizontal","23":"has-no-thumbnails"},"yoast_head":"<!-- This site is optimized with the Yoast SEO plugin v25.9 - https:\/\/yoast.com\/wordpress\/plugins\/seo\/ -->\n<title>2. Oracle : Refaire briller ses yeux - R\u00e9flexologieetcie<\/title>\n<meta name=\"robots\" content=\"index, follow, max-snippet:-1, max-image-preview:large, max-video-preview:-1\" \/>\n<link rel=\"canonical\" href=\"https:\/\/reflexologieetcie.fr\/index.php\/produit\/oracle-refaire-briller-ses-yeux\/\" \/>\n<meta property=\"og:locale\" content=\"fr_FR\" \/>\n<meta property=\"og:type\" content=\"article\" \/>\n<meta property=\"og:title\" content=\"2. Oracle : Refaire briller ses yeux - R\u00e9flexologieetcie\" \/>\n<meta property=\"og:description\" content=\"\u00ab\u00a0Refaire briller ses yeux\u00a0\u00bb est un oracle de gu\u00e9rison et de reconnexion \u00e0 soi, cr\u00e9\u00e9 pour celles et ceux qui traversent l\u2019ombre, les doutes, les blessures\u2026 et qui aspirent \u00e0 retrouver leur lumi\u00e8re.  Chaque carte est une \u00e9tincelle d\u2019espoir, un message d\u2019\u00e2me, une invitation \u00e0 se relever, \u00e0 s\u2019aimer \u00e0 nouveau, et \u00e0 honorer sa propre v\u00e9rit\u00e9. Cet oracle te guide avec tendresse vers plus de confiance, d\u2019alignement et d\u2019amour de toi.  Un chemin de renaissance, pour redonner vie \u00e0 ton regard, \u00e0 ta joie, \u00e0 ta puissance sensible.  Oracle de\u00a0 50 cartes\" \/>\n<meta property=\"og:url\" content=\"https:\/\/reflexologieetcie.fr\/index.php\/produit\/oracle-refaire-briller-ses-yeux\/\" \/>\n<meta property=\"og:site_name\" content=\"R\u00e9flexologieetcie\" \/>\n<meta property=\"article:modified_time\" content=\"2025-09-18T13:03:30+00:00\" \/>\n<meta property=\"og:image\" content=\"https:\/\/reflexologieetcie.fr\/wp-content\/uploads\/2025\/08\/Oracle-Refaire-BSYeux.png\" \/>\n\t<meta property=\"og:image:width\" content=\"1080\" \/>\n\t<meta property=\"og:image:height\" content=\"1080\" \/>\n\t<meta property=\"og:image:type\" content=\"image\/png\" \/>\n<meta name=\"twitter:card\" content=\"summary_large_image\" \/>\n<meta name=\"twitter:label1\" content=\"Dur\u00e9e de lecture estim\u00e9e\" \/>\n\t<meta name=\"twitter:data1\" content=\"1 minute\" \/>\n<script type=\"application\/ld+json\" class=\"yoast-schema-graph\">{\"@context\":\"https:\/\/schema.org\",\"@graph\":[{\"@type\":\"WebPage\",\"@id\":\"https:\/\/reflexologieetcie.fr\/index.php\/produit\/oracle-refaire-briller-ses-yeux\/\",\"url\":\"https:\/\/reflexologieetcie.fr\/index.php\/produit\/oracle-refaire-briller-ses-yeux\/\",\"name\":\"2. Oracle : Refaire briller ses yeux - R\u00e9flexologieetcie\",\"isPartOf\":{\"@id\":\"https:\/\/reflexologieetcie.fr\/#website\"},\"primaryImageOfPage\":{\"@id\":\"https:\/\/reflexologieetcie.fr\/index.php\/produit\/oracle-refaire-briller-ses-yeux\/#primaryimage\"},\"image\":{\"@id\":\"https:\/\/reflexologieetcie.fr\/index.php\/produit\/oracle-refaire-briller-ses-yeux\/#primaryimage\"},\"thumbnailUrl\":\"https:\/\/reflexologieetcie.fr\/wp-content\/uploads\/2025\/08\/Oracle-Refaire-BSYeux.png\",\"datePublished\":\"2025-08-01T16:44:52+00:00\",\"dateModified\":\"2025-09-18T13:03:30+00:00\",\"breadcrumb\":{\"@id\":\"https:\/\/reflexologieetcie.fr\/index.php\/produit\/oracle-refaire-briller-ses-yeux\/#breadcrumb\"},\"inLanguage\":\"fr-FR\",\"potentialAction\":[{\"@type\":\"ReadAction\",\"target\":[\"https:\/\/reflexologieetcie.fr\/index.php\/produit\/oracle-refaire-briller-ses-yeux\/\"]}]},{\"@type\":\"ImageObject\",\"inLanguage\":\"fr-FR\",\"@id\":\"https:\/\/reflexologieetcie.fr\/index.php\/produit\/oracle-refaire-briller-ses-yeux\/#primaryimage\",\"url\":\"https:\/\/reflexologieetcie.fr\/wp-content\/uploads\/2025\/08\/Oracle-Refaire-BSYeux.png\",\"contentUrl\":\"https:\/\/reflexologieetcie.fr\/wp-content\/uploads\/2025\/08\/Oracle-Refaire-BSYeux.png\",\"width\":1080,\"height\":1080},{\"@type\":\"BreadcrumbList\",\"@id\":\"https:\/\/reflexologieetcie.fr\/index.php\/produit\/oracle-refaire-briller-ses-yeux\/#breadcrumb\",\"itemListElement\":[{\"@type\":\"ListItem\",\"position\":1,\"name\":\"Accueil\",\"item\":\"https:\/\/reflexologieetcie.fr\/\"},{\"@type\":\"ListItem\",\"position\":2,\"name\":\"Boutique\",\"item\":\"https:\/\/reflexologieetcie.fr\/index.php\/boutique\/\"},{\"@type\":\"ListItem\",\"position\":3,\"name\":\"2. Oracle : Refaire briller ses yeux\"}]},{\"@type\":\"WebSite\",\"@id\":\"https:\/\/reflexologieetcie.fr\/#website\",\"url\":\"https:\/\/reflexologieetcie.fr\/\",\"name\":\"R\u00e9flexologieetcie\",\"description\":\"Un site utilisant WordPress\",\"potentialAction\":[{\"@type\":\"SearchAction\",\"target\":{\"@type\":\"EntryPoint\",\"urlTemplate\":\"https:\/\/reflexologieetcie.fr\/?s={search_term_string}\"},\"query-input\":{\"@type\":\"PropertyValueSpecification\",\"valueRequired\":true,\"valueName\":\"search_term_string\"}}],\"inLanguage\":\"fr-FR\"}]}<\/script>\n<!-- \/ Yoast SEO plugin. -->","yoast_head_json":{"title":"2. Oracle : Refaire briller ses yeux - R\u00e9flexologieetcie","robots":{"index":"index","follow":"follow","max-snippet":"max-snippet:-1","max-image-preview":"max-image-preview:large","max-video-preview":"max-video-preview:-1"},"canonical":"https:\/\/reflexologieetcie.fr\/index.php\/produit\/oracle-refaire-briller-ses-yeux\/","og_locale":"fr_FR","og_type":"article","og_title":"2. Oracle : Refaire briller ses yeux - R\u00e9flexologieetcie","og_description":"\u00ab\u00a0Refaire briller ses yeux\u00a0\u00bb est un oracle de gu\u00e9rison et de reconnexion \u00e0 soi, cr\u00e9\u00e9 pour celles et ceux qui traversent l\u2019ombre, les doutes, les blessures\u2026 et qui aspirent \u00e0 retrouver leur lumi\u00e8re.  Chaque carte est une \u00e9tincelle d\u2019espoir, un message d\u2019\u00e2me, une invitation \u00e0 se relever, \u00e0 s\u2019aimer \u00e0 nouveau, et \u00e0 honorer sa propre v\u00e9rit\u00e9. Cet oracle te guide avec tendresse vers plus de confiance, d\u2019alignement et d\u2019amour de toi.  Un chemin de renaissance, pour redonner vie \u00e0 ton regard, \u00e0 ta joie, \u00e0 ta puissance sensible.  Oracle de\u00a0 50 cartes","og_url":"https:\/\/reflexologieetcie.fr\/index.php\/produit\/oracle-refaire-briller-ses-yeux\/","og_site_name":"R\u00e9flexologieetcie","article_modified_time":"2025-09-18T13:03:30+00:00","og_image":[{"width":1080,"height":1080,"url":"https:\/\/reflexologieetcie.fr\/wp-content\/uploads\/2025\/08\/Oracle-Refaire-BSYeux.png","type":"image\/png"}],"twitter_card":"summary_large_image","twitter_misc":{"Dur\u00e9e de lecture estim\u00e9e":"1 minute"},"schema":{"@context":"https:\/\/schema.org","@graph":[{"@type":"WebPage","@id":"https:\/\/reflexologieetcie.fr\/index.php\/produit\/oracle-refaire-briller-ses-yeux\/","url":"https:\/\/reflexologieetcie.fr\/index.php\/produit\/oracle-refaire-briller-ses-yeux\/","name":"2. Oracle : Refaire briller ses yeux - R\u00e9flexologieetcie","isPartOf":{"@id":"https:\/\/reflexologieetcie.fr\/#website"},"primaryImageOfPage":{"@id":"https:\/\/reflexologieetcie.fr\/index.php\/produit\/oracle-refaire-briller-ses-yeux\/#primaryimage"},"image":{"@id":"https:\/\/reflexologieetcie.fr\/index.php\/produit\/oracle-refaire-briller-ses-yeux\/#primaryimage"},"thumbnailUrl":"https:\/\/reflexologieetcie.fr\/wp-content\/uploads\/2025\/08\/Oracle-Refaire-BSYeux.png","datePublished":"2025-08-01T16:44:52+00:00","dateModified":"2025-09-18T13:03:30+00:00","breadcrumb":{"@id":"https:\/\/reflexologieetcie.fr\/index.php\/produit\/oracle-refaire-briller-ses-yeux\/#breadcrumb"},"inLanguage":"fr-FR","potentialAction":[{"@type":"ReadAction","target":["https:\/\/reflexologieetcie.fr\/index.php\/produit\/oracle-refaire-briller-ses-yeux\/"]}]},{"@type":"ImageObject","inLanguage":"fr-FR","@id":"https:\/\/reflexologieetcie.fr\/index.php\/produit\/oracle-refaire-briller-ses-yeux\/#primaryimage","url":"https:\/\/reflexologieetcie.fr\/wp-content\/uploads\/2025\/08\/Oracle-Refaire-BSYeux.png","contentUrl":"https:\/\/reflexologieetcie.fr\/wp-content\/uploads\/2025\/08\/Oracle-Refaire-BSYeux.png","width":1080,"height":1080},{"@type":"BreadcrumbList","@id":"https:\/\/reflexologieetcie.fr\/index.php\/produit\/oracle-refaire-briller-ses-yeux\/#breadcrumb","itemListElement":[{"@type":"ListItem","position":1,"name":"Accueil","item":"https:\/\/reflexologieetcie.fr\/"},{"@type":"ListItem","position":2,"name":"Boutique","item":"https:\/\/reflexologieetcie.fr\/index.php\/boutique\/"},{"@type":"ListItem","position":3,"name":"2. Oracle : Refaire briller ses yeux"}]},{"@type":"WebSite","@id":"https:\/\/reflexologieetcie.fr\/#website","url":"https:\/\/reflexologieetcie.fr\/","name":"R\u00e9flexologieetcie","description":"Un site utilisant WordPress","potentialAction":[{"@type":"SearchAction","target":{"@type":"EntryPoint","urlTemplate":"https:\/\/reflexologieetcie.fr\/?s={search_term_string}"},"query-input":{"@type":"PropertyValueSpecification","valueRequired":true,"valueName":"search_term_string"}}],"inLanguage":"fr-FR"}]}},"_links":{"self":[{"href":"https:\/\/reflexologieetcie.fr\/index.php\/wp-json\/wp\/v2\/product\/2695","targetHints":{"allow":["GET"]}}],"collection":[{"href":"https:\/\/reflexologieetcie.fr\/index.php\/wp-json\/wp\/v2\/product"}],"about":[{"href":"https:\/\/reflexologieetcie.fr\/index.php\/wp-json\/wp\/v2\/types\/product"}],"replies":[{"embeddable":true,"href":"https:\/\/reflexologieetcie.fr\/index.php\/wp-json\/wp\/v2\/comments?post=2695"}],"wp:featuredmedia":[{"embeddable":true,"href":"https:\/\/reflexologieetcie.fr\/index.php\/wp-json\/wp\/v2\/media\/2710"}],"wp:attachment":[{"href":"https:\/\/reflexologieetcie.fr\/index.php\/wp-json\/wp\/v2\/media?parent=2695"}],"wp:term":[{"taxonomy":"product_brand","embeddable":true,"href":"https:\/\/reflexologieetcie.fr\/index.php\/wp-json\/wp\/v2\/product_brand?post=2695"},{"taxonomy":"product_cat","embeddable":true,"href":"https:\/\/reflexologieetcie.fr\/index.php\/wp-json\/wp\/v2\/product_cat?post=2695"},{"taxonomy":"product_tag","embeddable":true,"href":"https:\/\/reflexologieetcie.fr\/index.php\/wp-json\/wp\/v2\/product_tag?post=2695"}],"curies":[{"name":"wp","href":"https:\/\/api.w.org\/{rel}","templated":true}]}}