{"id":2702,"date":"2025-08-04T15:55:15","date_gmt":"2025-08-04T13:55:15","guid":{"rendered":"https:\/\/reflexologieetcie.fr\/?post_type=product&#038;p=2702"},"modified":"2025-09-18T15:03:02","modified_gmt":"2025-09-18T13:03:02","slug":"2-oracle-oraclame","status":"publish","type":"product","link":"https:\/\/reflexologieetcie.fr\/index.php\/produit\/2-oracle-oraclame\/","title":{"rendered":"4. Oracle : \u00ab\u00a0Oracl\u00e2me\u00a0\u00bb"},"content":{"rendered":"","protected":false},"excerpt":{"rendered":"<p><strong><em>\u00ab\u00a0Oracl\u00e2me\u00a0\u00bb<\/em><\/strong> est un oracle d\u2019exploration personnelle et spirituelle, con\u00e7u comme une boussole intuitive pour t\u2019accompagner dans tes travers\u00e9es de vie. Chaque carte est une \u00e9tape, un miroir, un souffle, elle t\u2019invite \u00e0 ralentir, \u00e0 \u00e9couter ce qui bouge en toi, \u00e0 accueillir l\u2019ombre comme la lumi\u00e8re avec bienveillance.<\/p>\n<p>Cet oracle de 50 cartes t\u2019aide \u00e0 lire les messages de ton corps, de ton c\u0153ur et de ton \u00e2me, pour avancer avec plus de clart\u00e9, d\u2019alignement et de douceur.<\/p>\n<p><strong>Un compagnon sacr\u00e9<\/strong> pour traverser les temp\u00eates, c\u00e9l\u00e9brer les renaissances, et retrouver ton chemin int\u00e9rieur\u2026 celui qui te ram\u00e8ne toujours \u00e0 toi.<\/p>\n","protected":false},"featured_media":2709,"comment_status":"open","ping_status":"closed","template":"","meta":[],"product_brand":[],"product_cat":[15],"product_tag":[],"class_list":{"0":"post-2702","1":"product","2":"type-product","3":"status-publish","4":"has-post-thumbnail","6":"product_cat-non-classe","8":"entry","9":"has-media","11":"first","12":"instock","13":"shipping-taxable","14":"purchasable","15":"product-type-simple","16":"has-product-nav","17":"col","18":"span_1_of_3","19":"owp-content-center","20":"owp-thumbs-layout-horizontal","21":"owp-btn-big","22":"owp-tabs-layout-horizontal","23":"has-no-thumbnails"},"yoast_head":"<!-- This site is optimized with the Yoast SEO plugin v25.9 - https:\/\/yoast.com\/wordpress\/plugins\/seo\/ -->\n<title>4. Oracle : &quot;Oracl\u00e2me&quot; - R\u00e9flexologieetcie<\/title>\n<meta name=\"robots\" content=\"index, follow, max-snippet:-1, max-image-preview:large, max-video-preview:-1\" \/>\n<link rel=\"canonical\" href=\"https:\/\/reflexologieetcie.fr\/index.php\/produit\/2-oracle-oraclame\/\" \/>\n<meta property=\"og:locale\" content=\"fr_FR\" \/>\n<meta property=\"og:type\" content=\"article\" \/>\n<meta property=\"og:title\" content=\"4. Oracle : &quot;Oracl\u00e2me&quot; - R\u00e9flexologieetcie\" \/>\n<meta property=\"og:description\" content=\"\u00ab\u00a0Oracl\u00e2me\u00a0\u00bb est un oracle d\u2019exploration personnelle et spirituelle, con\u00e7u comme une boussole intuitive pour t\u2019accompagner dans tes travers\u00e9es de vie. Chaque carte est une \u00e9tape, un miroir, un souffle, elle t\u2019invite \u00e0 ralentir, \u00e0 \u00e9couter ce qui bouge en toi, \u00e0 accueillir l\u2019ombre comme la lumi\u00e8re avec bienveillance.  Cet oracle de 50 cartes t\u2019aide \u00e0 lire les messages de ton corps, de ton c\u0153ur et de ton \u00e2me, pour avancer avec plus de clart\u00e9, d\u2019alignement et de douceur.  Un compagnon sacr\u00e9 pour traverser les temp\u00eates, c\u00e9l\u00e9brer les renaissances, et retrouver ton chemin int\u00e9rieur\u2026 celui qui te ram\u00e8ne toujours \u00e0 toi.\" \/>\n<meta property=\"og:url\" content=\"https:\/\/reflexologieetcie.fr\/index.php\/produit\/2-oracle-oraclame\/\" \/>\n<meta property=\"og:site_name\" content=\"R\u00e9flexologieetcie\" \/>\n<meta property=\"article:modified_time\" content=\"2025-09-18T13:03:02+00:00\" \/>\n<meta property=\"og:image\" content=\"https:\/\/reflexologieetcie.fr\/wp-content\/uploads\/2025\/08\/Oracle-Refaire-BSYeux-3.png\" \/>\n\t<meta property=\"og:image:width\" content=\"1080\" \/>\n\t<meta property=\"og:image:height\" content=\"1080\" \/>\n\t<meta property=\"og:image:type\" content=\"image\/png\" \/>\n<meta name=\"twitter:card\" content=\"summary_large_image\" \/>\n<meta name=\"twitter:label1\" content=\"Dur\u00e9e de lecture estim\u00e9e\" \/>\n\t<meta name=\"twitter:data1\" content=\"1 minute\" \/>\n<script type=\"application\/ld+json\" class=\"yoast-schema-graph\">{\"@context\":\"https:\/\/schema.org\",\"@graph\":[{\"@type\":\"WebPage\",\"@id\":\"https:\/\/reflexologieetcie.fr\/index.php\/produit\/2-oracle-oraclame\/\",\"url\":\"https:\/\/reflexologieetcie.fr\/index.php\/produit\/2-oracle-oraclame\/\",\"name\":\"4. Oracle : \\\"Oracl\u00e2me\\\" - R\u00e9flexologieetcie\",\"isPartOf\":{\"@id\":\"https:\/\/reflexologieetcie.fr\/#website\"},\"primaryImageOfPage\":{\"@id\":\"https:\/\/reflexologieetcie.fr\/index.php\/produit\/2-oracle-oraclame\/#primaryimage\"},\"image\":{\"@id\":\"https:\/\/reflexologieetcie.fr\/index.php\/produit\/2-oracle-oraclame\/#primaryimage\"},\"thumbnailUrl\":\"https:\/\/reflexologieetcie.fr\/wp-content\/uploads\/2025\/08\/Oracle-Refaire-BSYeux-3.png\",\"datePublished\":\"2025-08-04T13:55:15+00:00\",\"dateModified\":\"2025-09-18T13:03:02+00:00\",\"breadcrumb\":{\"@id\":\"https:\/\/reflexologieetcie.fr\/index.php\/produit\/2-oracle-oraclame\/#breadcrumb\"},\"inLanguage\":\"fr-FR\",\"potentialAction\":[{\"@type\":\"ReadAction\",\"target\":[\"https:\/\/reflexologieetcie.fr\/index.php\/produit\/2-oracle-oraclame\/\"]}]},{\"@type\":\"ImageObject\",\"inLanguage\":\"fr-FR\",\"@id\":\"https:\/\/reflexologieetcie.fr\/index.php\/produit\/2-oracle-oraclame\/#primaryimage\",\"url\":\"https:\/\/reflexologieetcie.fr\/wp-content\/uploads\/2025\/08\/Oracle-Refaire-BSYeux-3.png\",\"contentUrl\":\"https:\/\/reflexologieetcie.fr\/wp-content\/uploads\/2025\/08\/Oracle-Refaire-BSYeux-3.png\",\"width\":1080,\"height\":1080},{\"@type\":\"BreadcrumbList\",\"@id\":\"https:\/\/reflexologieetcie.fr\/index.php\/produit\/2-oracle-oraclame\/#breadcrumb\",\"itemListElement\":[{\"@type\":\"ListItem\",\"position\":1,\"name\":\"Accueil\",\"item\":\"https:\/\/reflexologieetcie.fr\/\"},{\"@type\":\"ListItem\",\"position\":2,\"name\":\"Boutique\",\"item\":\"https:\/\/reflexologieetcie.fr\/index.php\/boutique\/\"},{\"@type\":\"ListItem\",\"position\":3,\"name\":\"4. Oracle : \u00ab\u00a0Oracl\u00e2me\u00a0\u00bb\"}]},{\"@type\":\"WebSite\",\"@id\":\"https:\/\/reflexologieetcie.fr\/#website\",\"url\":\"https:\/\/reflexologieetcie.fr\/\",\"name\":\"R\u00e9flexologieetcie\",\"description\":\"Un site utilisant WordPress\",\"potentialAction\":[{\"@type\":\"SearchAction\",\"target\":{\"@type\":\"EntryPoint\",\"urlTemplate\":\"https:\/\/reflexologieetcie.fr\/?s={search_term_string}\"},\"query-input\":{\"@type\":\"PropertyValueSpecification\",\"valueRequired\":true,\"valueName\":\"search_term_string\"}}],\"inLanguage\":\"fr-FR\"}]}<\/script>\n<!-- \/ Yoast SEO plugin. -->","yoast_head_json":{"title":"4. Oracle : \"Oracl\u00e2me\" - R\u00e9flexologieetcie","robots":{"index":"index","follow":"follow","max-snippet":"max-snippet:-1","max-image-preview":"max-image-preview:large","max-video-preview":"max-video-preview:-1"},"canonical":"https:\/\/reflexologieetcie.fr\/index.php\/produit\/2-oracle-oraclame\/","og_locale":"fr_FR","og_type":"article","og_title":"4. Oracle : \"Oracl\u00e2me\" - R\u00e9flexologieetcie","og_description":"\u00ab\u00a0Oracl\u00e2me\u00a0\u00bb est un oracle d\u2019exploration personnelle et spirituelle, con\u00e7u comme une boussole intuitive pour t\u2019accompagner dans tes travers\u00e9es de vie. Chaque carte est une \u00e9tape, un miroir, un souffle, elle t\u2019invite \u00e0 ralentir, \u00e0 \u00e9couter ce qui bouge en toi, \u00e0 accueillir l\u2019ombre comme la lumi\u00e8re avec bienveillance.  Cet oracle de 50 cartes t\u2019aide \u00e0 lire les messages de ton corps, de ton c\u0153ur et de ton \u00e2me, pour avancer avec plus de clart\u00e9, d\u2019alignement et de douceur.  Un compagnon sacr\u00e9 pour traverser les temp\u00eates, c\u00e9l\u00e9brer les renaissances, et retrouver ton chemin int\u00e9rieur\u2026 celui qui te ram\u00e8ne toujours \u00e0 toi.","og_url":"https:\/\/reflexologieetcie.fr\/index.php\/produit\/2-oracle-oraclame\/","og_site_name":"R\u00e9flexologieetcie","article_modified_time":"2025-09-18T13:03:02+00:00","og_image":[{"width":1080,"height":1080,"url":"https:\/\/reflexologieetcie.fr\/wp-content\/uploads\/2025\/08\/Oracle-Refaire-BSYeux-3.png","type":"image\/png"}],"twitter_card":"summary_large_image","twitter_misc":{"Dur\u00e9e de lecture estim\u00e9e":"1 minute"},"schema":{"@context":"https:\/\/schema.org","@graph":[{"@type":"WebPage","@id":"https:\/\/reflexologieetcie.fr\/index.php\/produit\/2-oracle-oraclame\/","url":"https:\/\/reflexologieetcie.fr\/index.php\/produit\/2-oracle-oraclame\/","name":"4. Oracle : \"Oracl\u00e2me\" - R\u00e9flexologieetcie","isPartOf":{"@id":"https:\/\/reflexologieetcie.fr\/#website"},"primaryImageOfPage":{"@id":"https:\/\/reflexologieetcie.fr\/index.php\/produit\/2-oracle-oraclame\/#primaryimage"},"image":{"@id":"https:\/\/reflexologieetcie.fr\/index.php\/produit\/2-oracle-oraclame\/#primaryimage"},"thumbnailUrl":"https:\/\/reflexologieetcie.fr\/wp-content\/uploads\/2025\/08\/Oracle-Refaire-BSYeux-3.png","datePublished":"2025-08-04T13:55:15+00:00","dateModified":"2025-09-18T13:03:02+00:00","breadcrumb":{"@id":"https:\/\/reflexologieetcie.fr\/index.php\/produit\/2-oracle-oraclame\/#breadcrumb"},"inLanguage":"fr-FR","potentialAction":[{"@type":"ReadAction","target":["https:\/\/reflexologieetcie.fr\/index.php\/produit\/2-oracle-oraclame\/"]}]},{"@type":"ImageObject","inLanguage":"fr-FR","@id":"https:\/\/reflexologieetcie.fr\/index.php\/produit\/2-oracle-oraclame\/#primaryimage","url":"https:\/\/reflexologieetcie.fr\/wp-content\/uploads\/2025\/08\/Oracle-Refaire-BSYeux-3.png","contentUrl":"https:\/\/reflexologieetcie.fr\/wp-content\/uploads\/2025\/08\/Oracle-Refaire-BSYeux-3.png","width":1080,"height":1080},{"@type":"BreadcrumbList","@id":"https:\/\/reflexologieetcie.fr\/index.php\/produit\/2-oracle-oraclame\/#breadcrumb","itemListElement":[{"@type":"ListItem","position":1,"name":"Accueil","item":"https:\/\/reflexologieetcie.fr\/"},{"@type":"ListItem","position":2,"name":"Boutique","item":"https:\/\/reflexologieetcie.fr\/index.php\/boutique\/"},{"@type":"ListItem","position":3,"name":"4. Oracle : \u00ab\u00a0Oracl\u00e2me\u00a0\u00bb"}]},{"@type":"WebSite","@id":"https:\/\/reflexologieetcie.fr\/#website","url":"https:\/\/reflexologieetcie.fr\/","name":"R\u00e9flexologieetcie","description":"Un site utilisant WordPress","potentialAction":[{"@type":"SearchAction","target":{"@type":"EntryPoint","urlTemplate":"https:\/\/reflexologieetcie.fr\/?s={search_term_string}"},"query-input":{"@type":"PropertyValueSpecification","valueRequired":true,"valueName":"search_term_string"}}],"inLanguage":"fr-FR"}]}},"_links":{"self":[{"href":"https:\/\/reflexologieetcie.fr\/index.php\/wp-json\/wp\/v2\/product\/2702","targetHints":{"allow":["GET"]}}],"collection":[{"href":"https:\/\/reflexologieetcie.fr\/index.php\/wp-json\/wp\/v2\/product"}],"about":[{"href":"https:\/\/reflexologieetcie.fr\/index.php\/wp-json\/wp\/v2\/types\/product"}],"replies":[{"embeddable":true,"href":"https:\/\/reflexologieetcie.fr\/index.php\/wp-json\/wp\/v2\/comments?post=2702"}],"wp:featuredmedia":[{"embeddable":true,"href":"https:\/\/reflexologieetcie.fr\/index.php\/wp-json\/wp\/v2\/media\/2709"}],"wp:attachment":[{"href":"https:\/\/reflexologieetcie.fr\/index.php\/wp-json\/wp\/v2\/media?parent=2702"}],"wp:term":[{"taxonomy":"product_brand","embeddable":true,"href":"https:\/\/reflexologieetcie.fr\/index.php\/wp-json\/wp\/v2\/product_brand?post=2702"},{"taxonomy":"product_cat","embeddable":true,"href":"https:\/\/reflexologieetcie.fr\/index.php\/wp-json\/wp\/v2\/product_cat?post=2702"},{"taxonomy":"product_tag","embeddable":true,"href":"https:\/\/reflexologieetcie.fr\/index.php\/wp-json\/wp\/v2\/product_tag?post=2702"}],"curies":[{"name":"wp","href":"https:\/\/api.w.org\/{rel}","templated":true}]}}