{"id":2703,"date":"2025-09-18T14:29:58","date_gmt":"2025-09-18T12:29:58","guid":{"rendered":"https:\/\/reflexologieetcie.fr\/?post_type=product&#038;p=2703"},"modified":"2025-09-18T15:02:23","modified_gmt":"2025-09-18T13:02:23","slug":"4-livre-le-corps-comme-guide-interieur","status":"publish","type":"product","link":"https:\/\/reflexologieetcie.fr\/index.php\/produit\/4-livre-le-corps-comme-guide-interieur\/","title":{"rendered":"1. Livre : \u00ab\u00a0Le corps comme guide int\u00e9rieur\u00a0\u00bb"},"content":{"rendered":"","protected":false},"excerpt":{"rendered":"<p>Ce livre est une invitation \u00e0 ralentir, \u00e0 ressentir, \u00e0 renouer avec cette intelligence oubli\u00e9e : celle de ton corps.<br \/>\nChaque douleur, chaque tension, chaque fatigue n\u2019est pas un hasard. Le corps parle. Il chuchote, il appelle, il enseigne.<\/p>\n<p><em>Chapitre apr\u00e8s chapitre, je t\u2019emm\u00e8ne dans un voyage sensible \u00e0 travers diff\u00e9rentes zones du corps : le ventre, la gorge, le dos, le c\u0153ur, la peau&#8230;<\/em><br \/>\nTu y trouveras des partages authentiques, des \u00e9clairages th\u00e9rapeutiques, et <strong>des m\u00e9ditations guid\u00e9es<\/strong> pour apprendre \u00e0 \u00e9couter, \u00e0 accueillir et \u00e0 lib\u00e9rer.<\/p>\n<p>Ce livre est pour toi si :<br \/>\n\ud83e\udd0d Tu ressens le besoin de te reconnecter \u00e0 ton corps<br \/>\n\ud83e\udd0d Tu vis des douleurs chroniques ou de la fatigue \u00e9motionnelle<br \/>\n\ud83e\udd0d Tu veux cultiver une relation de paix, d\u2019amour et de confiance avec toi-m\u00eame<br \/>\n\ud83e\udd0d Tu recherches une approche douce, intuitive et th\u00e9rapeutique de la gu\u00e9rison<\/p>\n","protected":false},"featured_media":2711,"comment_status":"open","ping_status":"closed","template":"","meta":[],"product_brand":[],"product_cat":[21],"product_tag":[],"class_list":{"0":"post-2703","1":"product","2":"type-product","3":"status-publish","4":"has-post-thumbnail","6":"product_cat-oracles","8":"entry","9":"has-media","11":"first","12":"instock","13":"shipping-taxable","14":"purchasable","15":"product-type-simple","16":"has-product-nav","17":"col","18":"span_1_of_3","19":"owp-content-center","20":"owp-thumbs-layout-horizontal","21":"owp-btn-big","22":"owp-tabs-layout-horizontal","23":"has-no-thumbnails"},"yoast_head":"<!-- This site is optimized with the Yoast SEO plugin v25.9 - https:\/\/yoast.com\/wordpress\/plugins\/seo\/ -->\n<title>1. Livre : &quot;Le corps comme guide int\u00e9rieur&quot; - R\u00e9flexologieetcie<\/title>\n<meta name=\"robots\" content=\"index, follow, max-snippet:-1, max-image-preview:large, max-video-preview:-1\" \/>\n<link rel=\"canonical\" href=\"https:\/\/reflexologieetcie.fr\/index.php\/produit\/4-livre-le-corps-comme-guide-interieur\/\" \/>\n<meta property=\"og:locale\" content=\"fr_FR\" \/>\n<meta property=\"og:type\" content=\"article\" \/>\n<meta property=\"og:title\" content=\"1. Livre : &quot;Le corps comme guide int\u00e9rieur&quot; - R\u00e9flexologieetcie\" \/>\n<meta property=\"og:description\" content=\"Ce livre est une invitation \u00e0 ralentir, \u00e0 ressentir, \u00e0 renouer avec cette intelligence oubli\u00e9e : celle de ton corps. Chaque douleur, chaque tension, chaque fatigue n\u2019est pas un hasard. Le corps parle. Il chuchote, il appelle, il enseigne.  Chapitre apr\u00e8s chapitre, je t\u2019emm\u00e8ne dans un voyage sensible \u00e0 travers diff\u00e9rentes zones du corps : le ventre, la gorge, le dos, le c\u0153ur, la peau... Tu y trouveras des partages authentiques, des \u00e9clairages th\u00e9rapeutiques, et des m\u00e9ditations guid\u00e9es pour apprendre \u00e0 \u00e9couter, \u00e0 accueillir et \u00e0 lib\u00e9rer.  Ce livre est pour toi si : \ud83e\udd0d Tu ressens le besoin de te reconnecter \u00e0 ton corps \ud83e\udd0d Tu vis des douleurs chroniques ou de la fatigue \u00e9motionnelle \ud83e\udd0d Tu veux cultiver une relation de paix, d\u2019amour et de confiance avec toi-m\u00eame \ud83e\udd0d Tu recherches une approche douce, intuitive et th\u00e9rapeutique de la gu\u00e9rison\" \/>\n<meta property=\"og:url\" content=\"https:\/\/reflexologieetcie.fr\/index.php\/produit\/4-livre-le-corps-comme-guide-interieur\/\" \/>\n<meta property=\"og:site_name\" content=\"R\u00e9flexologieetcie\" \/>\n<meta property=\"article:modified_time\" content=\"2025-09-18T13:02:23+00:00\" \/>\n<meta property=\"og:image\" content=\"https:\/\/reflexologieetcie.fr\/wp-content\/uploads\/2025\/07\/Oracle-Refaire-BSYeux-1.png\" \/>\n\t<meta property=\"og:image:width\" content=\"1080\" \/>\n\t<meta property=\"og:image:height\" content=\"1080\" \/>\n\t<meta property=\"og:image:type\" content=\"image\/png\" \/>\n<meta name=\"twitter:card\" content=\"summary_large_image\" \/>\n<meta name=\"twitter:label1\" content=\"Dur\u00e9e de lecture estim\u00e9e\" \/>\n\t<meta name=\"twitter:data1\" content=\"1 minute\" \/>\n<script type=\"application\/ld+json\" class=\"yoast-schema-graph\">{\"@context\":\"https:\/\/schema.org\",\"@graph\":[{\"@type\":\"WebPage\",\"@id\":\"https:\/\/reflexologieetcie.fr\/index.php\/produit\/4-livre-le-corps-comme-guide-interieur\/\",\"url\":\"https:\/\/reflexologieetcie.fr\/index.php\/produit\/4-livre-le-corps-comme-guide-interieur\/\",\"name\":\"1. Livre : \\\"Le corps comme guide int\u00e9rieur\\\" - R\u00e9flexologieetcie\",\"isPartOf\":{\"@id\":\"https:\/\/reflexologieetcie.fr\/#website\"},\"primaryImageOfPage\":{\"@id\":\"https:\/\/reflexologieetcie.fr\/index.php\/produit\/4-livre-le-corps-comme-guide-interieur\/#primaryimage\"},\"image\":{\"@id\":\"https:\/\/reflexologieetcie.fr\/index.php\/produit\/4-livre-le-corps-comme-guide-interieur\/#primaryimage\"},\"thumbnailUrl\":\"https:\/\/reflexologieetcie.fr\/wp-content\/uploads\/2025\/07\/Oracle-Refaire-BSYeux-1.png\",\"datePublished\":\"2025-09-18T12:29:58+00:00\",\"dateModified\":\"2025-09-18T13:02:23+00:00\",\"breadcrumb\":{\"@id\":\"https:\/\/reflexologieetcie.fr\/index.php\/produit\/4-livre-le-corps-comme-guide-interieur\/#breadcrumb\"},\"inLanguage\":\"fr-FR\",\"potentialAction\":[{\"@type\":\"ReadAction\",\"target\":[\"https:\/\/reflexologieetcie.fr\/index.php\/produit\/4-livre-le-corps-comme-guide-interieur\/\"]}]},{\"@type\":\"ImageObject\",\"inLanguage\":\"fr-FR\",\"@id\":\"https:\/\/reflexologieetcie.fr\/index.php\/produit\/4-livre-le-corps-comme-guide-interieur\/#primaryimage\",\"url\":\"https:\/\/reflexologieetcie.fr\/wp-content\/uploads\/2025\/07\/Oracle-Refaire-BSYeux-1.png\",\"contentUrl\":\"https:\/\/reflexologieetcie.fr\/wp-content\/uploads\/2025\/07\/Oracle-Refaire-BSYeux-1.png\",\"width\":1080,\"height\":1080},{\"@type\":\"BreadcrumbList\",\"@id\":\"https:\/\/reflexologieetcie.fr\/index.php\/produit\/4-livre-le-corps-comme-guide-interieur\/#breadcrumb\",\"itemListElement\":[{\"@type\":\"ListItem\",\"position\":1,\"name\":\"Accueil\",\"item\":\"https:\/\/reflexologieetcie.fr\/\"},{\"@type\":\"ListItem\",\"position\":2,\"name\":\"Boutique\",\"item\":\"https:\/\/reflexologieetcie.fr\/index.php\/boutique\/\"},{\"@type\":\"ListItem\",\"position\":3,\"name\":\"1. Livre : \u00ab\u00a0Le corps comme guide int\u00e9rieur\u00a0\u00bb\"}]},{\"@type\":\"WebSite\",\"@id\":\"https:\/\/reflexologieetcie.fr\/#website\",\"url\":\"https:\/\/reflexologieetcie.fr\/\",\"name\":\"R\u00e9flexologieetcie\",\"description\":\"Un site utilisant WordPress\",\"potentialAction\":[{\"@type\":\"SearchAction\",\"target\":{\"@type\":\"EntryPoint\",\"urlTemplate\":\"https:\/\/reflexologieetcie.fr\/?s={search_term_string}\"},\"query-input\":{\"@type\":\"PropertyValueSpecification\",\"valueRequired\":true,\"valueName\":\"search_term_string\"}}],\"inLanguage\":\"fr-FR\"}]}<\/script>\n<!-- \/ Yoast SEO plugin. -->","yoast_head_json":{"title":"1. Livre : \"Le corps comme guide int\u00e9rieur\" - R\u00e9flexologieetcie","robots":{"index":"index","follow":"follow","max-snippet":"max-snippet:-1","max-image-preview":"max-image-preview:large","max-video-preview":"max-video-preview:-1"},"canonical":"https:\/\/reflexologieetcie.fr\/index.php\/produit\/4-livre-le-corps-comme-guide-interieur\/","og_locale":"fr_FR","og_type":"article","og_title":"1. Livre : \"Le corps comme guide int\u00e9rieur\" - R\u00e9flexologieetcie","og_description":"Ce livre est une invitation \u00e0 ralentir, \u00e0 ressentir, \u00e0 renouer avec cette intelligence oubli\u00e9e : celle de ton corps. Chaque douleur, chaque tension, chaque fatigue n\u2019est pas un hasard. Le corps parle. Il chuchote, il appelle, il enseigne.  Chapitre apr\u00e8s chapitre, je t\u2019emm\u00e8ne dans un voyage sensible \u00e0 travers diff\u00e9rentes zones du corps : le ventre, la gorge, le dos, le c\u0153ur, la peau... Tu y trouveras des partages authentiques, des \u00e9clairages th\u00e9rapeutiques, et des m\u00e9ditations guid\u00e9es pour apprendre \u00e0 \u00e9couter, \u00e0 accueillir et \u00e0 lib\u00e9rer.  Ce livre est pour toi si : \ud83e\udd0d Tu ressens le besoin de te reconnecter \u00e0 ton corps \ud83e\udd0d Tu vis des douleurs chroniques ou de la fatigue \u00e9motionnelle \ud83e\udd0d Tu veux cultiver une relation de paix, d\u2019amour et de confiance avec toi-m\u00eame \ud83e\udd0d Tu recherches une approche douce, intuitive et th\u00e9rapeutique de la gu\u00e9rison","og_url":"https:\/\/reflexologieetcie.fr\/index.php\/produit\/4-livre-le-corps-comme-guide-interieur\/","og_site_name":"R\u00e9flexologieetcie","article_modified_time":"2025-09-18T13:02:23+00:00","og_image":[{"width":1080,"height":1080,"url":"https:\/\/reflexologieetcie.fr\/wp-content\/uploads\/2025\/07\/Oracle-Refaire-BSYeux-1.png","type":"image\/png"}],"twitter_card":"summary_large_image","twitter_misc":{"Dur\u00e9e de lecture estim\u00e9e":"1 minute"},"schema":{"@context":"https:\/\/schema.org","@graph":[{"@type":"WebPage","@id":"https:\/\/reflexologieetcie.fr\/index.php\/produit\/4-livre-le-corps-comme-guide-interieur\/","url":"https:\/\/reflexologieetcie.fr\/index.php\/produit\/4-livre-le-corps-comme-guide-interieur\/","name":"1. Livre : \"Le corps comme guide int\u00e9rieur\" - R\u00e9flexologieetcie","isPartOf":{"@id":"https:\/\/reflexologieetcie.fr\/#website"},"primaryImageOfPage":{"@id":"https:\/\/reflexologieetcie.fr\/index.php\/produit\/4-livre-le-corps-comme-guide-interieur\/#primaryimage"},"image":{"@id":"https:\/\/reflexologieetcie.fr\/index.php\/produit\/4-livre-le-corps-comme-guide-interieur\/#primaryimage"},"thumbnailUrl":"https:\/\/reflexologieetcie.fr\/wp-content\/uploads\/2025\/07\/Oracle-Refaire-BSYeux-1.png","datePublished":"2025-09-18T12:29:58+00:00","dateModified":"2025-09-18T13:02:23+00:00","breadcrumb":{"@id":"https:\/\/reflexologieetcie.fr\/index.php\/produit\/4-livre-le-corps-comme-guide-interieur\/#breadcrumb"},"inLanguage":"fr-FR","potentialAction":[{"@type":"ReadAction","target":["https:\/\/reflexologieetcie.fr\/index.php\/produit\/4-livre-le-corps-comme-guide-interieur\/"]}]},{"@type":"ImageObject","inLanguage":"fr-FR","@id":"https:\/\/reflexologieetcie.fr\/index.php\/produit\/4-livre-le-corps-comme-guide-interieur\/#primaryimage","url":"https:\/\/reflexologieetcie.fr\/wp-content\/uploads\/2025\/07\/Oracle-Refaire-BSYeux-1.png","contentUrl":"https:\/\/reflexologieetcie.fr\/wp-content\/uploads\/2025\/07\/Oracle-Refaire-BSYeux-1.png","width":1080,"height":1080},{"@type":"BreadcrumbList","@id":"https:\/\/reflexologieetcie.fr\/index.php\/produit\/4-livre-le-corps-comme-guide-interieur\/#breadcrumb","itemListElement":[{"@type":"ListItem","position":1,"name":"Accueil","item":"https:\/\/reflexologieetcie.fr\/"},{"@type":"ListItem","position":2,"name":"Boutique","item":"https:\/\/reflexologieetcie.fr\/index.php\/boutique\/"},{"@type":"ListItem","position":3,"name":"1. Livre : \u00ab\u00a0Le corps comme guide int\u00e9rieur\u00a0\u00bb"}]},{"@type":"WebSite","@id":"https:\/\/reflexologieetcie.fr\/#website","url":"https:\/\/reflexologieetcie.fr\/","name":"R\u00e9flexologieetcie","description":"Un site utilisant WordPress","potentialAction":[{"@type":"SearchAction","target":{"@type":"EntryPoint","urlTemplate":"https:\/\/reflexologieetcie.fr\/?s={search_term_string}"},"query-input":{"@type":"PropertyValueSpecification","valueRequired":true,"valueName":"search_term_string"}}],"inLanguage":"fr-FR"}]}},"_links":{"self":[{"href":"https:\/\/reflexologieetcie.fr\/index.php\/wp-json\/wp\/v2\/product\/2703","targetHints":{"allow":["GET"]}}],"collection":[{"href":"https:\/\/reflexologieetcie.fr\/index.php\/wp-json\/wp\/v2\/product"}],"about":[{"href":"https:\/\/reflexologieetcie.fr\/index.php\/wp-json\/wp\/v2\/types\/product"}],"replies":[{"embeddable":true,"href":"https:\/\/reflexologieetcie.fr\/index.php\/wp-json\/wp\/v2\/comments?post=2703"}],"wp:featuredmedia":[{"embeddable":true,"href":"https:\/\/reflexologieetcie.fr\/index.php\/wp-json\/wp\/v2\/media\/2711"}],"wp:attachment":[{"href":"https:\/\/reflexologieetcie.fr\/index.php\/wp-json\/wp\/v2\/media?parent=2703"}],"wp:term":[{"taxonomy":"product_brand","embeddable":true,"href":"https:\/\/reflexologieetcie.fr\/index.php\/wp-json\/wp\/v2\/product_brand?post=2703"},{"taxonomy":"product_cat","embeddable":true,"href":"https:\/\/reflexologieetcie.fr\/index.php\/wp-json\/wp\/v2\/product_cat?post=2703"},{"taxonomy":"product_tag","embeddable":true,"href":"https:\/\/reflexologieetcie.fr\/index.php\/wp-json\/wp\/v2\/product_tag?post=2703"}],"curies":[{"name":"wp","href":"https:\/\/api.w.org\/{rel}","templated":true}]}}